{"id":9799,"date":"2023-05-16T12:55:18","date_gmt":"2023-05-16T10:55:18","guid":{"rendered":"https:\/\/colompac.wearelions.agency\/?post_type=product&#038;p=9799"},"modified":"2025-06-11T10:18:02","modified_gmt":"2025-06-11T08:18:02","slug":"cp-037-52","status":"publish","type":"product","link":"https:\/\/www.colompac.com\/nl\/product\/cp-037-52\/","title":{"rendered":"CP 037.52 (250 x 190 x -75 mm)"},"content":{"rendered":"<div id='gallery-1' class='gallery galleryid-9799 gallery-columns-4 gallery-size-full'><figure class='gallery-item'>\n\t\t\t<div class='gallery-icon landscape'>\n\t\t\t\t<img loading=\"lazy\" decoding=\"async\" width=\"500\" height=\"500\" src=\"https:\/\/www.colompac.com\/wp-content\/uploads\/2023\/07\/Detail_CP037_SK_V2.webp\" class=\"attachment-full size-full\" alt=\"Nahaufnahme eines Umschlags mit zum Teil abgezogenem roten ColomPac\u00ae-Selbstklebeverschluss.\" aria-describedby=\"gallery-1-14978\" srcset=\"https:\/\/www.colompac.com\/wp-content\/uploads\/2023\/07\/Detail_CP037_SK_V2.webp 500w, https:\/\/www.colompac.com\/wp-content\/uploads\/2023\/07\/Detail_CP037_SK_V2-300x300.webp 300w, https:\/\/www.colompac.com\/wp-content\/uploads\/2023\/07\/Detail_CP037_SK_V2-100x100.webp 100w, https:\/\/www.colompac.com\/wp-content\/uploads\/2023\/07\/Detail_CP037_SK_V2-150x150.webp 150w, https:\/\/www.colompac.com\/wp-content\/uploads\/2023\/07\/Detail_CP037_SK_V2-200x200.webp 200w, https:\/\/www.colompac.com\/wp-content\/uploads\/2023\/07\/Detail_CP037_SK_V2-380x380.webp 380w, https:\/\/www.colompac.com\/wp-content\/uploads\/2023\/07\/Detail_CP037_SK_V2-20x20.webp 20w, https:\/\/www.colompac.com\/wp-content\/uploads\/2023\/07\/Detail_CP037_SK_V2-190x190.webp 190w\" sizes=\"auto, (max-width: 500px) 100vw, 500px\" \/>\n\t\t\t<\/div>\n\t\t\t\t<figcaption class='wp-caption-text gallery-caption' id='gallery-1-14978'>\n\t\t\t\tColomPac\u00ae zelfklevende sluiting\n\t\t\t\t<\/figcaption><\/figure><figure class='gallery-item'>\n\t\t\t<div class='gallery-icon landscape'>\n\t\t\t\t<img loading=\"lazy\" decoding=\"async\" width=\"500\" height=\"500\" src=\"https:\/\/www.colompac.com\/wp-content\/uploads\/2023\/07\/Detail_CP037_Hoehe_V2.webp\" class=\"attachment-full size-full\" alt=\"Nahaufnahme von zwei B\u00fcchern in einer wei\u00dfen Kartonverpackung, eines mit schwarzem, eines mit wei\u00dfem Einband.\" aria-describedby=\"gallery-1-14970\" srcset=\"https:\/\/www.colompac.com\/wp-content\/uploads\/2023\/07\/Detail_CP037_Hoehe_V2.webp 500w, https:\/\/www.colompac.com\/wp-content\/uploads\/2023\/07\/Detail_CP037_Hoehe_V2-300x300.webp 300w, https:\/\/www.colompac.com\/wp-content\/uploads\/2023\/07\/Detail_CP037_Hoehe_V2-100x100.webp 100w, https:\/\/www.colompac.com\/wp-content\/uploads\/2023\/07\/Detail_CP037_Hoehe_V2-150x150.webp 150w, https:\/\/www.colompac.com\/wp-content\/uploads\/2023\/07\/Detail_CP037_Hoehe_V2-200x200.webp 200w, https:\/\/www.colompac.com\/wp-content\/uploads\/2023\/07\/Detail_CP037_Hoehe_V2-380x380.webp 380w, https:\/\/www.colompac.com\/wp-content\/uploads\/2023\/07\/Detail_CP037_Hoehe_V2-20x20.webp 20w, https:\/\/www.colompac.com\/wp-content\/uploads\/2023\/07\/Detail_CP037_Hoehe_V2-190x190.webp 190w\" sizes=\"auto, (max-width: 500px) 100vw, 500px\" \/>\n\t\t\t<\/div>\n\t\t\t\t<figcaption class='wp-caption-text gallery-caption' id='gallery-1-14970'>\n\t\t\t\tVariabele vulhoogte vermijdt vulmateriaal\n\t\t\t\t<\/figcaption><\/figure><figure class='gallery-item'>\n\t\t\t<div class='gallery-icon landscape'>\n\t\t\t\t<img loading=\"lazy\" decoding=\"async\" width=\"500\" height=\"500\" src=\"https:\/\/www.colompac.com\/wp-content\/uploads\/2023\/07\/Detail_CP037_StandUp_V2.webp\" class=\"attachment-full size-full\" alt=\"\" aria-describedby=\"gallery-1-14974\" srcset=\"https:\/\/www.colompac.com\/wp-content\/uploads\/2023\/07\/Detail_CP037_StandUp_V2.webp 500w, https:\/\/www.colompac.com\/wp-content\/uploads\/2023\/07\/Detail_CP037_StandUp_V2-300x300.webp 300w, https:\/\/www.colompac.com\/wp-content\/uploads\/2023\/07\/Detail_CP037_StandUp_V2-100x100.webp 100w, https:\/\/www.colompac.com\/wp-content\/uploads\/2023\/07\/Detail_CP037_StandUp_V2-150x150.webp 150w, https:\/\/www.colompac.com\/wp-content\/uploads\/2023\/07\/Detail_CP037_StandUp_V2-200x200.webp 200w, https:\/\/www.colompac.com\/wp-content\/uploads\/2023\/07\/Detail_CP037_StandUp_V2-380x380.webp 380w, https:\/\/www.colompac.com\/wp-content\/uploads\/2023\/07\/Detail_CP037_StandUp_V2-20x20.webp 20w, https:\/\/www.colompac.com\/wp-content\/uploads\/2023\/07\/Detail_CP037_StandUp_V2-190x190.webp 190w\" sizes=\"auto, (max-width: 500px) 100vw, 500px\" \/>\n\t\t\t<\/div>\n\t\t\t\t<figcaption class='wp-caption-text gallery-caption' id='gallery-1-14974'>\n\t\t\t\tZelfstaande kleppen door standup-functie\n\t\t\t\t<\/figcaption><\/figure><figure class='gallery-item'>\n\t\t\t<div class='gallery-icon landscape'>\n\t\t\t\t<img loading=\"lazy\" decoding=\"async\" width=\"500\" height=\"500\" src=\"https:\/\/www.colompac.com\/wp-content\/uploads\/2023\/03\/Detail_US_Safety.webp\" class=\"attachment-full size-full\" alt=\"Hand streicht mit Finger \u00fcber eine Kante eines Kartons mit dem Text \u201aHier \u00f6ffnen \/ open here\" aria-describedby=\"gallery-1-2502\" srcset=\"https:\/\/www.colompac.com\/wp-content\/uploads\/2023\/03\/Detail_US_Safety.webp 500w, https:\/\/www.colompac.com\/wp-content\/uploads\/2023\/03\/Detail_US_Safety-300x300.webp 300w, https:\/\/www.colompac.com\/wp-content\/uploads\/2023\/03\/Detail_US_Safety-100x100.webp 100w, https:\/\/www.colompac.com\/wp-content\/uploads\/2023\/03\/Detail_US_Safety-150x150.webp 150w, https:\/\/www.colompac.com\/wp-content\/uploads\/2023\/03\/Detail_US_Safety-200x200.webp 200w, https:\/\/www.colompac.com\/wp-content\/uploads\/2023\/03\/Detail_US_Safety-380x380.webp 380w, https:\/\/www.colompac.com\/wp-content\/uploads\/2023\/03\/Detail_US_Safety-20x20.webp 20w, https:\/\/www.colompac.com\/wp-content\/uploads\/2023\/03\/Detail_US_Safety-190x190.webp 190w\" sizes=\"auto, (max-width: 500px) 100vw, 500px\" \/>\n\t\t\t<\/div>\n\t\t\t\t<figcaption class='wp-caption-text gallery-caption' id='gallery-1-2502'>\n\t\t\t\tUS Safety-norm voorkomt snijwonden\n\t\t\t\t<\/figcaption><\/figure>\n\t\t<\/div>\n\n<div class=\"responsive-embed widescreen youtube\"><iframe loading=\"lazy\" title=\"ColomPac\u00ae CP 037 The flexible mailers \u2013 HD 1920 x 1080\" width=\"1170\" height=\"658\" src=\"https:\/\/www.youtube.com\/embed\/cyVAVlNum14?feature=oembed&#038;showinfo=0&#038;rel=0&#038;modestbranding=1\" frameborder=\"0\" allow=\"accelerometer; autoplay; clipboard-write; encrypted-media; gyroscope; picture-in-picture; web-share\" referrerpolicy=\"strict-origin-when-cross-origin\" allowfullscreen><\/iframe><\/div>\n","protected":false},"excerpt":{"rendered":"<h1><strong>Dubbel houdt beter<\/strong><\/h1>\n<h2>De flexibele universele verzendverpakking<\/h2>\n<ul>\n<li>Geschikt voor zware boeken, fotoboeken, catalogi, games, hardware en veel meer<\/li>\n<li>Dubbele <strong>ColomPac\u00ae<\/strong> zelftklevende sluiting voorkomt zijdelingse ontvreemding<\/li>\n<li>Extra stabiel door dubbele materiaallagen<\/li>\n<li>Door slanke E-golf 50% meer op pallet<\/li>\n<\/ul>\n","protected":false},"featured_media":19095,"comment_status":"open","ping_status":"closed","template":"","meta":[],"product_cat":[364],"product_tag":[240,368,245,209,207,210,208],"class_list":["post-9799","product","type-product","status-publish","has-post-thumbnail","hentry","product_cat-alle-producten-nl","product_tag-allround-randbeschermer-nl","product_tag-bundel","product_tag-dubbele-zelflklevende-sluiting-nl","product_tag-duurzaam-nl","product_tag-fsc-nl","product_tag-pap-20-nl","product_tag-variabele-vulhoogte-nl"],"acf":[],"jetpack_sharing_enabled":true,"_links":{"self":[{"href":"https:\/\/www.colompac.com\/nl\/wp-json\/wp\/v2\/product\/9799","targetHints":{"allow":["GET"]}}],"collection":[{"href":"https:\/\/www.colompac.com\/nl\/wp-json\/wp\/v2\/product"}],"about":[{"href":"https:\/\/www.colompac.com\/nl\/wp-json\/wp\/v2\/types\/product"}],"replies":[{"embeddable":true,"href":"https:\/\/www.colompac.com\/nl\/wp-json\/wp\/v2\/comments?post=9799"}],"wp:featuredmedia":[{"embeddable":true,"href":"https:\/\/www.colompac.com\/nl\/wp-json\/wp\/v2\/media\/19095"}],"wp:attachment":[{"href":"https:\/\/www.colompac.com\/nl\/wp-json\/wp\/v2\/media?parent=9799"}],"wp:term":[{"taxonomy":"product_cat","embeddable":true,"href":"https:\/\/www.colompac.com\/nl\/wp-json\/wp\/v2\/product_cat?post=9799"},{"taxonomy":"product_tag","embeddable":true,"href":"https:\/\/www.colompac.com\/nl\/wp-json\/wp\/v2\/product_tag?post=9799"}],"curies":[{"name":"wp","href":"https:\/\/api.w.org\/{rel}","templated":true}]}}