{"id":8464,"date":"2023-05-16T10:52:28","date_gmt":"2023-05-16T08:52:28","guid":{"rendered":"https:\/\/colompac.wearelions.agency\/?post_type=product&#038;p=8464"},"modified":"2025-05-27T12:57:47","modified_gmt":"2025-05-27T10:57:47","slug":"cp-017-04","status":"publish","type":"product","link":"https:\/\/www.colompac.com\/nl\/product\/cp-017-04\/","title":{"rendered":"CP 017.04 (351 x 248 x -30 mm)"},"content":{"rendered":"<div id='gallery-1' class='gallery galleryid-8464 gallery-columns-4 gallery-size-full'><figure class='gallery-item'>\n\t\t\t<div class='gallery-icon landscape'>\n\t\t\t\t<img loading=\"lazy\" decoding=\"async\" width=\"500\" height=\"500\" src=\"https:\/\/www.colompac.com\/wp-content\/uploads\/2023\/07\/Detail_CP012_SK_weiss_V2.webp\" class=\"attachment-full size-full\" alt=\"Nahaufnahme einer wei\u00df\u00dfen Kartonkante mit roten ColomPac\u00ae-Selbstklebeverschluss.\" aria-describedby=\"gallery-1-15042\" srcset=\"https:\/\/www.colompac.com\/wp-content\/uploads\/2023\/07\/Detail_CP012_SK_weiss_V2.webp 500w, https:\/\/www.colompac.com\/wp-content\/uploads\/2023\/07\/Detail_CP012_SK_weiss_V2-300x300.webp 300w, https:\/\/www.colompac.com\/wp-content\/uploads\/2023\/07\/Detail_CP012_SK_weiss_V2-100x100.webp 100w, https:\/\/www.colompac.com\/wp-content\/uploads\/2023\/07\/Detail_CP012_SK_weiss_V2-150x150.webp 150w, https:\/\/www.colompac.com\/wp-content\/uploads\/2023\/07\/Detail_CP012_SK_weiss_V2-200x200.webp 200w, https:\/\/www.colompac.com\/wp-content\/uploads\/2023\/07\/Detail_CP012_SK_weiss_V2-380x380.webp 380w, https:\/\/www.colompac.com\/wp-content\/uploads\/2023\/07\/Detail_CP012_SK_weiss_V2-20x20.webp 20w, https:\/\/www.colompac.com\/wp-content\/uploads\/2023\/07\/Detail_CP012_SK_weiss_V2-190x190.webp 190w\" sizes=\"auto, (max-width: 500px) 100vw, 500px\" \/>\n\t\t\t<\/div>\n\t\t\t\t<figcaption class='wp-caption-text gallery-caption' id='gallery-1-15042'>\n\t\t\t\tColomPac\u00ae zelfklevende sluiting\n\t\t\t\t<\/figcaption><\/figure><figure class='gallery-item'>\n\t\t\t<div class='gallery-icon landscape'>\n\t\t\t\t<img loading=\"lazy\" decoding=\"async\" width=\"500\" height=\"500\" src=\"https:\/\/www.colompac.com\/wp-content\/uploads\/2023\/07\/Detail_CP012_AF_weiss_V2.webp\" class=\"attachment-full size-full\" alt=\"Nahaufnahme eines Umschlags mit teilweise abgezogenen Aufrei\u00dffaden.\" aria-describedby=\"gallery-1-15038\" srcset=\"https:\/\/www.colompac.com\/wp-content\/uploads\/2023\/07\/Detail_CP012_AF_weiss_V2.webp 500w, https:\/\/www.colompac.com\/wp-content\/uploads\/2023\/07\/Detail_CP012_AF_weiss_V2-300x300.webp 300w, https:\/\/www.colompac.com\/wp-content\/uploads\/2023\/07\/Detail_CP012_AF_weiss_V2-100x100.webp 100w, https:\/\/www.colompac.com\/wp-content\/uploads\/2023\/07\/Detail_CP012_AF_weiss_V2-150x150.webp 150w, https:\/\/www.colompac.com\/wp-content\/uploads\/2023\/07\/Detail_CP012_AF_weiss_V2-200x200.webp 200w, https:\/\/www.colompac.com\/wp-content\/uploads\/2023\/07\/Detail_CP012_AF_weiss_V2-380x380.webp 380w, https:\/\/www.colompac.com\/wp-content\/uploads\/2023\/07\/Detail_CP012_AF_weiss_V2-20x20.webp 20w, https:\/\/www.colompac.com\/wp-content\/uploads\/2023\/07\/Detail_CP012_AF_weiss_V2-190x190.webp 190w\" sizes=\"auto, (max-width: 500px) 100vw, 500px\" \/>\n\t\t\t<\/div>\n\t\t\t\t<figcaption class='wp-caption-text gallery-caption' id='gallery-1-15038'>\n\t\t\t\tGemakkelijk te openen door ge\u00efntegreerde scheurstrip\n\t\t\t\t<\/figcaption><\/figure><figure class='gallery-item'>\n\t\t\t<div class='gallery-icon landscape'>\n\t\t\t\t<img loading=\"lazy\" decoding=\"async\" width=\"500\" height=\"500\" src=\"https:\/\/www.colompac.com\/wp-content\/uploads\/2023\/07\/Detail_CP017_Druck_V2.webp\" class=\"attachment-full size-full\" alt=\"Drei \u00fcberlappende Karten: links dunkelblau mit gelber Linie, mittig orange mit wei\u00dfem Logo, rechts wei\u00df mit orangefarbenem Logo.\" aria-describedby=\"gallery-1-15030\" srcset=\"https:\/\/www.colompac.com\/wp-content\/uploads\/2023\/07\/Detail_CP017_Druck_V2.webp 500w, https:\/\/www.colompac.com\/wp-content\/uploads\/2023\/07\/Detail_CP017_Druck_V2-300x300.webp 300w, https:\/\/www.colompac.com\/wp-content\/uploads\/2023\/07\/Detail_CP017_Druck_V2-100x100.webp 100w, https:\/\/www.colompac.com\/wp-content\/uploads\/2023\/07\/Detail_CP017_Druck_V2-150x150.webp 150w, https:\/\/www.colompac.com\/wp-content\/uploads\/2023\/07\/Detail_CP017_Druck_V2-200x200.webp 200w, https:\/\/www.colompac.com\/wp-content\/uploads\/2023\/07\/Detail_CP017_Druck_V2-380x380.webp 380w, https:\/\/www.colompac.com\/wp-content\/uploads\/2023\/07\/Detail_CP017_Druck_V2-20x20.webp 20w, https:\/\/www.colompac.com\/wp-content\/uploads\/2023\/07\/Detail_CP017_Druck_V2-190x190.webp 190w\" sizes=\"auto, (max-width: 500px) 100vw, 500px\" \/>\n\t\t\t<\/div>\n\t\t\t\t<figcaption class='wp-caption-text gallery-caption' id='gallery-1-15030'>\n\t\t\t\tPerfect bedrukbaar in offset\n\t\t\t\t<\/figcaption><\/figure><figure class='gallery-item'>\n\t\t\t<div class='gallery-icon landscape'>\n\t\t\t\t<img loading=\"lazy\" decoding=\"async\" width=\"500\" height=\"500\" src=\"https:\/\/www.colompac.com\/wp-content\/uploads\/2023\/07\/Detail_CP017_Quer_V2.webp\" class=\"attachment-full size-full\" alt=\"Nahaufnahme von zwei wei\u00dfen Kartonumschl\u00e4gen mit roten ColomPac\u00ae-Selbstklebeverschluss, ge\u00f6ffnet.\" aria-describedby=\"gallery-1-15026\" srcset=\"https:\/\/www.colompac.com\/wp-content\/uploads\/2023\/07\/Detail_CP017_Quer_V2.webp 500w, https:\/\/www.colompac.com\/wp-content\/uploads\/2023\/07\/Detail_CP017_Quer_V2-300x300.webp 300w, https:\/\/www.colompac.com\/wp-content\/uploads\/2023\/07\/Detail_CP017_Quer_V2-100x100.webp 100w, https:\/\/www.colompac.com\/wp-content\/uploads\/2023\/07\/Detail_CP017_Quer_V2-150x150.webp 150w, https:\/\/www.colompac.com\/wp-content\/uploads\/2023\/07\/Detail_CP017_Quer_V2-200x200.webp 200w, https:\/\/www.colompac.com\/wp-content\/uploads\/2023\/07\/Detail_CP017_Quer_V2-380x380.webp 380w, https:\/\/www.colompac.com\/wp-content\/uploads\/2023\/07\/Detail_CP017_Quer_V2-20x20.webp 20w, https:\/\/www.colompac.com\/wp-content\/uploads\/2023\/07\/Detail_CP017_Quer_V2-190x190.webp 190w\" sizes=\"auto, (max-width: 500px) 100vw, 500px\" \/>\n\t\t\t<\/div>\n\t\t\t\t<figcaption class='wp-caption-text gallery-caption' id='gallery-1-15026'>\n\t\t\t\tSnel gevuld aan lange zijde\n\t\t\t\t<\/figcaption><\/figure>\n\t\t<\/div>\n\n<div class=\"responsive-embed widescreen youtube\"><iframe loading=\"lazy\" title=\"ColomPac\u00ae CP 010 Rigid Pocket in corrugated cardboard - HD 1920 x 1080\" width=\"1170\" height=\"658\" src=\"https:\/\/www.youtube.com\/embed\/chrkHy13h80?feature=oembed&#038;showinfo=0&#038;rel=0&#038;modestbranding=1\" frameborder=\"0\" allow=\"accelerometer; autoplay; clipboard-write; encrypted-media; gyroscope; picture-in-picture; web-share\" referrerpolicy=\"strict-origin-when-cross-origin\" allowfullscreen><\/iframe><\/div>\n","protected":false},"excerpt":{"rendered":"<h1><strong>De mailing-professional<\/strong><\/h1>\n<h2>de verzendenvelop die aan de lange zijde wordt gevuld<\/h2>\n<ul>\n<li>Geschikt voor brochures, tijdschriften, mailings, catalogie en veel meer<\/li>\n<li>Laag eigen gewicht door hoogwaardig massief karton<\/li>\n<li>Snel gevuld aan lange zijde<\/li>\n<li>Perfect bedrukbaar in offset<\/li>\n<li>Binnenformaat neemt af met toenemende vulhoogte<\/li>\n<\/ul>\n","protected":false},"featured_media":19301,"comment_status":"open","ping_status":"closed","template":"","meta":[],"product_cat":[364],"product_tag":[209,207,236,208],"class_list":["post-8464","product","type-product","status-publish","has-post-thumbnail","hentry","product_cat-alle-producten-nl","product_tag-duurzaam-nl","product_tag-fsc-nl","product_tag-pap-21-nl","product_tag-variabele-vulhoogte-nl"],"acf":[],"jetpack_sharing_enabled":true,"_links":{"self":[{"href":"https:\/\/www.colompac.com\/nl\/wp-json\/wp\/v2\/product\/8464","targetHints":{"allow":["GET"]}}],"collection":[{"href":"https:\/\/www.colompac.com\/nl\/wp-json\/wp\/v2\/product"}],"about":[{"href":"https:\/\/www.colompac.com\/nl\/wp-json\/wp\/v2\/types\/product"}],"replies":[{"embeddable":true,"href":"https:\/\/www.colompac.com\/nl\/wp-json\/wp\/v2\/comments?post=8464"}],"wp:featuredmedia":[{"embeddable":true,"href":"https:\/\/www.colompac.com\/nl\/wp-json\/wp\/v2\/media\/19301"}],"wp:attachment":[{"href":"https:\/\/www.colompac.com\/nl\/wp-json\/wp\/v2\/media?parent=8464"}],"wp:term":[{"taxonomy":"product_cat","embeddable":true,"href":"https:\/\/www.colompac.com\/nl\/wp-json\/wp\/v2\/product_cat?post=8464"},{"taxonomy":"product_tag","embeddable":true,"href":"https:\/\/www.colompac.com\/nl\/wp-json\/wp\/v2\/product_tag?post=8464"}],"curies":[{"name":"wp","href":"https:\/\/api.w.org\/{rel}","templated":true}]}}