{"id":13277,"date":"2023-03-14T15:46:04","date_gmt":"2023-03-14T14:46:04","guid":{"rendered":"https:\/\/colompac.wearelions.agency\/das-original\/"},"modified":"2025-03-10T07:36:24","modified_gmt":"2025-03-10T06:36:24","slug":"das-original","status":"publish","type":"page","link":"https:\/\/www.colompac.com\/nl\/das-original\/","title":{"rendered":"Het origineel"},"content":{"rendered":"<section class=\"wpb-content-wrapper\">[vc_row thb_full_width=&#8221;true&#8221; el_class=&#8221;align-center&#8221; css=&#8221;.vc_custom_1685611581333{padding-top: 5vh !important;}&#8221;][vc_column el_class=&#8221;text-center&#8221;][vc_column_text]\n<h1 style=\"text-align: center;\">Waarom het origineel?<\/h1>\n[\/vc_column_text][vc_separator color=&#8221;custom&#8221; border_width=&#8221;3&#8243; el_width=&#8221;20&#8243; accent_color=&#8221;#ffd600&#8243;][vc_empty_space height=&#8221;50px&#8221;][\/vc_column][\/vc_row][vc_row content_placement=&#8221;middle&#8221; css=&#8221;.vc_custom_1685611469450{background-color: #f4f4f4 !important;}&#8221;][vc_column width=&#8221;1\/2&#8243;][vc_single_image image=&#8221;14448&#8243; img_size=&#8221;large&#8221;][\/vc_column][vc_column width=&#8221;1\/2&#8243;][vc_column_text]\n<h1><strong>Kwaliteit<\/strong><\/h1>\n<h3>geen compromis<\/h3>\n[\/vc_column_text][vc_column_text]Uw product moet heelhuids aankomen. Daarom hebt u kwaliteit nodig: hoogwaardige materialen, de ColomPac\u00ae zelfklevende sluiting, een ge\u00efntegreerde scheurstrip en goed doordachte oplossingen. Een compromis is geen optie. Alle ColomPac\u00ae producten worden met veel aandacht voor detail op onze eigen productielocatie in Hall in Tirol ontwikkeld en geproduceerd. Een compromis is dus nergens voor nodig.[\/vc_column_text][\/vc_column][\/vc_row][vc_row content_placement=&#8221;middle&#8221; css=&#8221;.vc_custom_1685611539660{background-color: #dddddd !important;}&#8221;][vc_column width=&#8221;1\/2&#8243;][vc_column_text]\n<h1><strong>Betrouwbaar<\/strong><\/h1>\n<h3>direct uit voorraad<\/h3>\n[\/vc_column_text][vc_column_text]E-commerce zorgt voor dynamiek. Alles moet meteen. Om dat waar te kunnen maken, biedt ColomPac\u00ae een compleet assortiment. Voor bijna elk product is er minstens \u00e9\u00e9n geschikte verzendoplossing direct uit voorraad leverbaar. Van de traditionele boekverpakking tot de fashionbox, van \u00e9\u00e9n enkele verpakking bij dropshipping tot grote hoeveelheden. Zodat u ook krijgt wat u nodig hebt en wanneer u het nodig hebt.[\/vc_column_text][\/vc_column][vc_column width=&#8221;1\/2&#8243;][vc_single_image image=&#8221;12810&#8243; img_size=&#8221;large&#8221;][\/vc_column][\/vc_row][vc_row content_placement=&#8221;middle&#8221; css=&#8221;.vc_custom_1685611469450{background-color: #f4f4f4 !important;}&#8221;][vc_column width=&#8221;1\/2&#8243;][vc_single_image image=&#8221;12814&#8243; img_size=&#8221;large&#8221;][\/vc_column][vc_column width=&#8221;1\/2&#8243;][vc_column_text]\n<h1><strong>Speciaal voor u<\/strong><\/h1>\n<h3>ontwikkeld en gemaakt<\/h3>\n[\/vc_column_text][vc_column_text]U wilt een verpakking speciaal voor uw product of merk? Dan ontwikkelen we samen met u een oplossing op maat. We kennen de online markt en de specifieke uitdagingen die daarbij horen. Niet alleen de technische kant en de productie, maar ook de finesses van vormgeving en drukwerk. Zodat uw product en uw merk letterlijk en figuurlijk goed overkomen.[\/vc_column_text][\/vc_column][\/vc_row][vc_row content_placement=&#8221;middle&#8221; css=&#8221;.vc_custom_1685611552681{background-color: #dddddd !important;}&#8221;][vc_column width=&#8221;1\/2&#8243;][vc_column_text]\n<h1><strong>Duurzaam<\/strong><\/h1>\n<h3>en hoogwaardig<\/h3>\n[\/vc_column_text][vc_column_text]Voor ons is duurzaamheid meer dan een modewoord. Wij kunnen daar eerlijk over zijn. Golfkarton en karton zijn natuurlijke materialen en eenvoudig voor 100% recyclebaar. Onze ColomPac\u00ae producten zijn uiteraard FSC\u00ae-gecertificeerd en worden regionaal geproduceerd in Oostenrijk. We handelen verantwoordelijk door onze producten voortdurend te optimaliseren, rekening te houden met het optimale gebruik van materialen en waar mogelijk de uitstoot van broeikasgassen in de waardeketen te minimaliseren.<\/p>\n<p>Maar onze claim gaat nog een stap verder: betere idee\u00ebn in plaats van meer materiaal, goed doordacht in plaats van doorsnee \u2013 zo worden de ColomPac\u00ae producten steeds beter.[\/vc_column_text][\/vc_column][vc_column width=&#8221;1\/2&#8243;][vc_single_image image=&#8221;12818&#8243; img_size=&#8221;large&#8221;][\/vc_column][\/vc_row][vc_row content_placement=&#8221;middle&#8221; css=&#8221;.vc_custom_1685611469450{background-color: #f4f4f4 !important;}&#8221;][vc_column width=&#8221;1\/2&#8243;][vc_single_image image=&#8221;12822&#8243; img_size=&#8221;large&#8221;][\/vc_column][vc_column width=&#8221;1\/2&#8243;][vc_column_text]\n<h1><strong>Door Dinkhauser<\/strong><\/h1>\n<h3>in Tirol geproduceerd<\/h3>\n[\/vc_column_text][vc_column_text]Original ColomPac\u00ae is een merk van <strong><a href=\"https:\/\/www.dinkhauser.com\/lassen-sie-sich-inspirieren\/\" target=\"_blank\" rel=\"noopener\">Dinkhauser Kartonagen<\/a><\/strong>. Wij ontwikkelen en produceren al meer dan 175 jaar hoogwaardige verzendverpakkingen \u2013 standaard of individueel op maat gemaakt. Onze ultramoderne productielocatie en de modernste ontwikkeling maken verpakkingsoplossingen van de nieuwste generatie voor handel, industrie en e-commerce mogelijk. In de eigen drukkerij Aristos op dezelfde locatie hebben we onze volledige expertise op het gebied van offsetdruk gebundeld.<\/p>\n<p>Wij staan voor 100% achter de ColomPac\u00ae producten die wij voor u ontwikkelen en produceren. In het verleden, vandaag en in de toekomst.[\/vc_column_text][\/vc_column][\/vc_row]\n<\/section>","protected":false},"excerpt":{"rendered":"<p>[vc_row thb_full_width=&#8221;true&#8221; el_class=&#8221;align-center&#8221; css=&#8221;.vc_custom_1685611581333{padding-top: 5vh !important;}&#8221;][vc_column el_class=&#8221;text-center&#8221;][vc_column_text] Waarom het origineel? [\/vc_column_text][vc_separator color=&#8221;custom&#8221; border_width=&#8221;3&#8243; el_width=&#8221;20&#8243; accent_color=&#8221;#ffd600&#8243;][vc_empty_space height=&#8221;50px&#8221;][\/vc_column][\/vc_row][vc_row content_placement=&#8221;middle&#8221; css=&#8221;.vc_custom_1685611469450{background-color: #f4f4f4 !important;}&#8221;][vc_column width=&#8221;1\/2&#8243;][vc_single_image image=&#8221;14448&#8243; img_size=&#8221;large&#8221;][\/vc_column][vc_column width=&#8221;1\/2&#8243;][vc_column_text] Kwaliteit geen compromis [\/vc_column_text][vc_column_text]Uw product moet heelhuids aankomen. Daarom hebt u kwaliteit nodig: hoogwaardige materialen, de ColomPac\u00ae zelfklevende sluiting, een ge\u00efntegreerde scheurstrip en goed doordachte oplossingen. Een compromis is geen optie.&hellip;<\/p>\n","protected":false},"author":1,"featured_media":0,"parent":0,"menu_order":0,"comment_status":"closed","ping_status":"closed","template":"","meta":{"footnotes":""},"class_list":["post-13277","page","type-page","status-publish","hentry"],"acf":[],"jetpack_sharing_enabled":true,"_links":{"self":[{"href":"https:\/\/www.colompac.com\/nl\/wp-json\/wp\/v2\/pages\/13277","targetHints":{"allow":["GET"]}}],"collection":[{"href":"https:\/\/www.colompac.com\/nl\/wp-json\/wp\/v2\/pages"}],"about":[{"href":"https:\/\/www.colompac.com\/nl\/wp-json\/wp\/v2\/types\/page"}],"author":[{"embeddable":true,"href":"https:\/\/www.colompac.com\/nl\/wp-json\/wp\/v2\/users\/1"}],"replies":[{"embeddable":true,"href":"https:\/\/www.colompac.com\/nl\/wp-json\/wp\/v2\/comments?post=13277"}],"version-history":[{"count":0,"href":"https:\/\/www.colompac.com\/nl\/wp-json\/wp\/v2\/pages\/13277\/revisions"}],"wp:attachment":[{"href":"https:\/\/www.colompac.com\/nl\/wp-json\/wp\/v2\/media?parent=13277"}],"curies":[{"name":"wp","href":"https:\/\/api.w.org\/{rel}","templated":true}]}}