{"id":9310,"date":"2023-05-16T12:35:34","date_gmt":"2023-05-16T10:35:34","guid":{"rendered":"https:\/\/colompac.wearelions.agency\/?post_type=product&#038;p=9310"},"modified":"2025-05-27T14:20:47","modified_gmt":"2025-05-27T12:20:47","slug":"cp-030-07","status":"publish","type":"product","link":"https:\/\/www.colompac.com\/fr\/produit\/cp-030-07\/","title":{"rendered":"CP 030.07 (465 x 330 x -92 mm)"},"content":{"rendered":"<div id='gallery-1' class='gallery galleryid-9310 gallery-columns-4 gallery-size-full'><figure class='gallery-item'>\n\t\t\t<div class='gallery-icon landscape'>\n\t\t\t\t<img loading=\"lazy\" decoding=\"async\" width=\"500\" height=\"500\" src=\"https:\/\/www.colompac.com\/wp-content\/uploads\/2023\/03\/Detail_CP020_SK.webp\" class=\"attachment-full size-full\" alt=\"\" aria-describedby=\"gallery-1-2339\" srcset=\"https:\/\/www.colompac.com\/wp-content\/uploads\/2023\/03\/Detail_CP020_SK.webp 500w, https:\/\/www.colompac.com\/wp-content\/uploads\/2023\/03\/Detail_CP020_SK-300x300.webp 300w, https:\/\/www.colompac.com\/wp-content\/uploads\/2023\/03\/Detail_CP020_SK-100x100.webp 100w, https:\/\/www.colompac.com\/wp-content\/uploads\/2023\/03\/Detail_CP020_SK-150x150.webp 150w, https:\/\/www.colompac.com\/wp-content\/uploads\/2023\/03\/Detail_CP020_SK-200x200.webp 200w, https:\/\/www.colompac.com\/wp-content\/uploads\/2023\/03\/Detail_CP020_SK-380x380.webp 380w, https:\/\/www.colompac.com\/wp-content\/uploads\/2023\/03\/Detail_CP020_SK-20x20.webp 20w, https:\/\/www.colompac.com\/wp-content\/uploads\/2023\/03\/Detail_CP020_SK-190x190.webp 190w\" sizes=\"auto, (max-width: 500px) 100vw, 500px\" \/>\n\t\t\t<\/div>\n\t\t\t\t<figcaption class='wp-caption-text gallery-caption' id='gallery-1-2339'>\n\t\t\t\tColomPac\u00ae fermeture autocollante\n\t\t\t\t<\/figcaption><\/figure><figure class='gallery-item'>\n\t\t\t<div class='gallery-icon landscape'>\n\t\t\t\t<img loading=\"lazy\" decoding=\"async\" width=\"500\" height=\"500\" src=\"https:\/\/www.colompac.com\/wp-content\/uploads\/2023\/03\/Detail_CP030_Hoehe.webp\" class=\"attachment-full size-full\" alt=\"\" aria-describedby=\"gallery-1-2345\" srcset=\"https:\/\/www.colompac.com\/wp-content\/uploads\/2023\/03\/Detail_CP030_Hoehe.webp 500w, https:\/\/www.colompac.com\/wp-content\/uploads\/2023\/03\/Detail_CP030_Hoehe-300x300.webp 300w, https:\/\/www.colompac.com\/wp-content\/uploads\/2023\/03\/Detail_CP030_Hoehe-100x100.webp 100w, https:\/\/www.colompac.com\/wp-content\/uploads\/2023\/03\/Detail_CP030_Hoehe-150x150.webp 150w, https:\/\/www.colompac.com\/wp-content\/uploads\/2023\/03\/Detail_CP030_Hoehe-200x200.webp 200w, https:\/\/www.colompac.com\/wp-content\/uploads\/2023\/03\/Detail_CP030_Hoehe-380x380.webp 380w, https:\/\/www.colompac.com\/wp-content\/uploads\/2023\/03\/Detail_CP030_Hoehe-20x20.webp 20w, https:\/\/www.colompac.com\/wp-content\/uploads\/2023\/03\/Detail_CP030_Hoehe-190x190.webp 190w\" sizes=\"auto, (max-width: 500px) 100vw, 500px\" \/>\n\t\t\t<\/div>\n\t\t\t\t<figcaption class='wp-caption-text gallery-caption' id='gallery-1-2345'>\n\t\t\t\tLa hauteur de remplissage variable \u00e9vite le mat\u00e9riel de remplissage\n\t\t\t\t<\/figcaption><\/figure><figure class='gallery-item'>\n\t\t\t<div class='gallery-icon landscape'>\n\t\t\t\t<img loading=\"lazy\" decoding=\"async\" width=\"500\" height=\"500\" src=\"https:\/\/www.colompac.com\/wp-content\/uploads\/2023\/03\/Detail_CP030_Laschen.webp\" class=\"attachment-full size-full\" alt=\"\" aria-describedby=\"gallery-1-2348\" srcset=\"https:\/\/www.colompac.com\/wp-content\/uploads\/2023\/03\/Detail_CP030_Laschen.webp 500w, https:\/\/www.colompac.com\/wp-content\/uploads\/2023\/03\/Detail_CP030_Laschen-300x300.webp 300w, https:\/\/www.colompac.com\/wp-content\/uploads\/2023\/03\/Detail_CP030_Laschen-100x100.webp 100w, https:\/\/www.colompac.com\/wp-content\/uploads\/2023\/03\/Detail_CP030_Laschen-150x150.webp 150w, https:\/\/www.colompac.com\/wp-content\/uploads\/2023\/03\/Detail_CP030_Laschen-200x200.webp 200w, https:\/\/www.colompac.com\/wp-content\/uploads\/2023\/03\/Detail_CP030_Laschen-380x380.webp 380w, https:\/\/www.colompac.com\/wp-content\/uploads\/2023\/03\/Detail_CP030_Laschen-20x20.webp 20w, https:\/\/www.colompac.com\/wp-content\/uploads\/2023\/03\/Detail_CP030_Laschen-190x190.webp 190w\" sizes=\"auto, (max-width: 500px) 100vw, 500px\" \/>\n\t\t\t<\/div>\n\t\t\t\t<figcaption class='wp-caption-text gallery-caption' id='gallery-1-2348'>\n\t\t\t\tPattes de s\u00e9curit\u00e9 suppl\u00e9mentaires\n\t\t\t\t<\/figcaption><\/figure><figure class='gallery-item'>\n\t\t\t<div class='gallery-icon landscape'>\n\t\t\t\t<img loading=\"lazy\" decoding=\"async\" width=\"500\" height=\"500\" src=\"https:\/\/www.colompac.com\/wp-content\/uploads\/2024\/05\/Detail_CP030_LPs.webp\" class=\"attachment-full size-full\" alt=\"Ge\u00f6ffneter Karton mit mehreren Vinyl-Schallplatten, teils mit sichtbaren Titeln. Seitenlaschen umschlie\u00dfen zum Teil die Schallplatten.\" aria-describedby=\"gallery-1-16570\" srcset=\"https:\/\/www.colompac.com\/wp-content\/uploads\/2024\/05\/Detail_CP030_LPs.webp 500w, https:\/\/www.colompac.com\/wp-content\/uploads\/2024\/05\/Detail_CP030_LPs-300x300.webp 300w, https:\/\/www.colompac.com\/wp-content\/uploads\/2024\/05\/Detail_CP030_LPs-150x150.webp 150w, https:\/\/www.colompac.com\/wp-content\/uploads\/2024\/05\/Detail_CP030_LPs-200x200.webp 200w, https:\/\/www.colompac.com\/wp-content\/uploads\/2024\/05\/Detail_CP030_LPs-100x100.webp 100w, https:\/\/www.colompac.com\/wp-content\/uploads\/2024\/05\/Detail_CP030_LPs-380x380.webp 380w, https:\/\/www.colompac.com\/wp-content\/uploads\/2024\/05\/Detail_CP030_LPs-20x20.webp 20w, https:\/\/www.colompac.com\/wp-content\/uploads\/2024\/05\/Detail_CP030_LPs-190x190.webp 190w\" sizes=\"auto, (max-width: 500px) 100vw, 500px\" \/>\n\t\t\t<\/div>\n\t\t\t\t<figcaption class='wp-caption-text gallery-caption' id='gallery-1-16570'>\n\t\t\t\tCP 030.08 est id\u00e9al pour l&#8217;envoi de disques vinyl 33 tours\n\t\t\t\t<\/figcaption><\/figure>\n\t\t<\/div>\n\n<div class=\"responsive-embed widescreen youtube\"><iframe loading=\"lazy\" title=\"ColomPac\u00ae CP 030 Extra strong packaging with safety flaps - HD 1920 x 1080\" width=\"1170\" height=\"658\" src=\"https:\/\/www.youtube.com\/embed\/mBsfCU-9w8w?list=UUnLOwS8ALUOrYjO2Z_YcgRg&#038;showinfo=0&#038;rel=0&#038;modestbranding=1\" frameborder=\"0\" allow=\"accelerometer; autoplay; clipboard-write; encrypted-media; gyroscope; picture-in-picture; web-share\" referrerpolicy=\"strict-origin-when-cross-origin\" allowfullscreen><\/iframe><\/div>\n","protected":false},"excerpt":{"rendered":"<h1><strong>La s\u00e9curit\u00e9 avant tout !\u00a0<\/strong><\/h1>\n<h2>Emballage ultra robuste avec pattes de s\u00e9curit\u00e9 lat\u00e9rales<\/h2>\n<ul>\n<li>Convient pour les albums vinyl 33 tours, livres lourds, livres illustr\u00e9s, pi\u00e8ces d\u00e9tach\u00e9es fragiles, etc.<\/li>\n<li>Une patte de s\u00e9curit\u00e9 suppl\u00e9mentaire prot\u00e8ge les produits lourds et emp\u00eache leur retrait lat\u00e9ral<\/li>\n<li>Extra stable gr\u00e2ce \u00e0 la double couche de carton<\/li>\n<li>CP 030.08 est id\u00e9al pour l&#8217;envoi de disques vinyl 33 tours<\/li>\n<\/ul>\n","protected":false},"featured_media":18661,"comment_status":"open","ping_status":"closed","template":"","meta":[],"product_cat":[366],"product_tag":[370,219,217,218,220,244],"class_list":["post-9310","product","type-product","status-publish","has-post-thumbnail","hentry","product_cat-tous-les-produits-fr","product_tag-bundel-fr","product_tag-durable-fr","product_tag-fsc-fr","product_tag-hauteur-de-remplissage-variable-fr","product_tag-pap-20-fr","product_tag-protecteur_de_bord_complet-fr"],"acf":[],"jetpack_sharing_enabled":true,"_links":{"self":[{"href":"https:\/\/www.colompac.com\/fr\/wp-json\/wp\/v2\/product\/9310","targetHints":{"allow":["GET"]}}],"collection":[{"href":"https:\/\/www.colompac.com\/fr\/wp-json\/wp\/v2\/product"}],"about":[{"href":"https:\/\/www.colompac.com\/fr\/wp-json\/wp\/v2\/types\/product"}],"replies":[{"embeddable":true,"href":"https:\/\/www.colompac.com\/fr\/wp-json\/wp\/v2\/comments?post=9310"}],"wp:featuredmedia":[{"embeddable":true,"href":"https:\/\/www.colompac.com\/fr\/wp-json\/wp\/v2\/media\/18661"}],"wp:attachment":[{"href":"https:\/\/www.colompac.com\/fr\/wp-json\/wp\/v2\/media?parent=9310"}],"wp:term":[{"taxonomy":"product_cat","embeddable":true,"href":"https:\/\/www.colompac.com\/fr\/wp-json\/wp\/v2\/product_cat?post=9310"},{"taxonomy":"product_tag","embeddable":true,"href":"https:\/\/www.colompac.com\/fr\/wp-json\/wp\/v2\/product_tag?post=9310"}],"curies":[{"name":"wp","href":"https:\/\/api.w.org\/{rel}","templated":true}]}}