{"id":8756,"date":"2023-05-16T11:07:47","date_gmt":"2023-05-16T09:07:47","guid":{"rendered":"https:\/\/colompac.wearelions.agency\/?post_type=product&#038;p=8756"},"modified":"2025-05-27T13:57:25","modified_gmt":"2025-05-27T11:57:25","slug":"cp-020-17","status":"publish","type":"product","link":"https:\/\/www.colompac.com\/fr\/produit\/cp-020-17\/","title":{"rendered":"CP 020.17 (380 x 290 x -80 mm)"},"content":{"rendered":"<div id='gallery-1' class='gallery galleryid-8756 gallery-columns-4 gallery-size-full'><figure class='gallery-item'>\n\t\t\t<div class='gallery-icon landscape'>\n\t\t\t\t<img loading=\"lazy\" decoding=\"async\" width=\"500\" height=\"500\" src=\"https:\/\/www.colompac.com\/wp-content\/uploads\/2023\/03\/Detail_CP020_SK.webp\" class=\"attachment-full size-full\" alt=\"\" aria-describedby=\"gallery-1-2339\" srcset=\"https:\/\/www.colompac.com\/wp-content\/uploads\/2023\/03\/Detail_CP020_SK.webp 500w, https:\/\/www.colompac.com\/wp-content\/uploads\/2023\/03\/Detail_CP020_SK-300x300.webp 300w, https:\/\/www.colompac.com\/wp-content\/uploads\/2023\/03\/Detail_CP020_SK-100x100.webp 100w, https:\/\/www.colompac.com\/wp-content\/uploads\/2023\/03\/Detail_CP020_SK-150x150.webp 150w, https:\/\/www.colompac.com\/wp-content\/uploads\/2023\/03\/Detail_CP020_SK-200x200.webp 200w, https:\/\/www.colompac.com\/wp-content\/uploads\/2023\/03\/Detail_CP020_SK-380x380.webp 380w, https:\/\/www.colompac.com\/wp-content\/uploads\/2023\/03\/Detail_CP020_SK-20x20.webp 20w, https:\/\/www.colompac.com\/wp-content\/uploads\/2023\/03\/Detail_CP020_SK-190x190.webp 190w\" sizes=\"auto, (max-width: 500px) 100vw, 500px\" \/>\n\t\t\t<\/div>\n\t\t\t\t<figcaption class='wp-caption-text gallery-caption' id='gallery-1-2339'>\n\t\t\t\tColomPac\u00ae fermeture autocollante\n\t\t\t\t<\/figcaption><\/figure><figure class='gallery-item'>\n\t\t\t<div class='gallery-icon landscape'>\n\t\t\t\t<img loading=\"lazy\" decoding=\"async\" width=\"500\" height=\"500\" src=\"https:\/\/www.colompac.com\/wp-content\/uploads\/2025\/05\/Detail_CP020_Fuellhoehe-1.webp\" class=\"attachment-full size-full\" alt=\"Nahaufnahme eines offenen Kartons mit wei\u00dfen Gegenst\u00e4nden darin.\" aria-describedby=\"gallery-1-18293\" srcset=\"https:\/\/www.colompac.com\/wp-content\/uploads\/2025\/05\/Detail_CP020_Fuellhoehe-1.webp 500w, https:\/\/www.colompac.com\/wp-content\/uploads\/2025\/05\/Detail_CP020_Fuellhoehe-1-300x300.webp 300w, https:\/\/www.colompac.com\/wp-content\/uploads\/2025\/05\/Detail_CP020_Fuellhoehe-1-150x150.webp 150w, https:\/\/www.colompac.com\/wp-content\/uploads\/2025\/05\/Detail_CP020_Fuellhoehe-1-200x200.webp 200w, https:\/\/www.colompac.com\/wp-content\/uploads\/2025\/05\/Detail_CP020_Fuellhoehe-1-100x100.webp 100w, https:\/\/www.colompac.com\/wp-content\/uploads\/2025\/05\/Detail_CP020_Fuellhoehe-1-380x380.webp 380w, https:\/\/www.colompac.com\/wp-content\/uploads\/2025\/05\/Detail_CP020_Fuellhoehe-1-20x20.webp 20w, https:\/\/www.colompac.com\/wp-content\/uploads\/2025\/05\/Detail_CP020_Fuellhoehe-1-190x190.webp 190w\" sizes=\"auto, (max-width: 500px) 100vw, 500px\" \/>\n\t\t\t<\/div>\n\t\t\t\t<figcaption class='wp-caption-text gallery-caption' id='gallery-1-18293'>\n\t\t\t\tLa hauteur de remplissage variable \u00e9vite le mat\u00e9riel de remplissage\n\t\t\t\t<\/figcaption><\/figure><figure class='gallery-item'>\n\t\t\t<div class='gallery-icon landscape'>\n\t\t\t\t<img loading=\"lazy\" decoding=\"async\" width=\"500\" height=\"500\" src=\"https:\/\/www.colompac.com\/wp-content\/uploads\/2023\/03\/Detail_CP020_Kante.webp\" class=\"attachment-full size-full\" alt=\"\" aria-describedby=\"gallery-1-2336\" srcset=\"https:\/\/www.colompac.com\/wp-content\/uploads\/2023\/03\/Detail_CP020_Kante.webp 500w, https:\/\/www.colompac.com\/wp-content\/uploads\/2023\/03\/Detail_CP020_Kante-300x300.webp 300w, https:\/\/www.colompac.com\/wp-content\/uploads\/2023\/03\/Detail_CP020_Kante-100x100.webp 100w, https:\/\/www.colompac.com\/wp-content\/uploads\/2023\/03\/Detail_CP020_Kante-150x150.webp 150w, https:\/\/www.colompac.com\/wp-content\/uploads\/2023\/03\/Detail_CP020_Kante-200x200.webp 200w, https:\/\/www.colompac.com\/wp-content\/uploads\/2023\/03\/Detail_CP020_Kante-380x380.webp 380w, https:\/\/www.colompac.com\/wp-content\/uploads\/2023\/03\/Detail_CP020_Kante-20x20.webp 20w, https:\/\/www.colompac.com\/wp-content\/uploads\/2023\/03\/Detail_CP020_Kante-190x190.webp 190w\" sizes=\"auto, (max-width: 500px) 100vw, 500px\" \/>\n\t\t\t<\/div>\n\t\t\t\t<figcaption class='wp-caption-text gallery-caption' id='gallery-1-2336'>\n\t\t\t\tRenforcement des angles et des ar\u00eates pour une bonne protection\n\t\t\t\t<\/figcaption><\/figure><figure class='gallery-item'>\n\t\t\t<div class='gallery-icon landscape'>\n\t\t\t\t<img loading=\"lazy\" decoding=\"async\" width=\"500\" height=\"500\" src=\"https:\/\/www.colompac.com\/wp-content\/uploads\/2023\/03\/Detail_CP020_StandUp.webp\" class=\"attachment-full size-full\" alt=\"\" aria-describedby=\"gallery-1-2342\" srcset=\"https:\/\/www.colompac.com\/wp-content\/uploads\/2023\/03\/Detail_CP020_StandUp.webp 500w, https:\/\/www.colompac.com\/wp-content\/uploads\/2023\/03\/Detail_CP020_StandUp-300x300.webp 300w, https:\/\/www.colompac.com\/wp-content\/uploads\/2023\/03\/Detail_CP020_StandUp-100x100.webp 100w, https:\/\/www.colompac.com\/wp-content\/uploads\/2023\/03\/Detail_CP020_StandUp-150x150.webp 150w, https:\/\/www.colompac.com\/wp-content\/uploads\/2023\/03\/Detail_CP020_StandUp-200x200.webp 200w, https:\/\/www.colompac.com\/wp-content\/uploads\/2023\/03\/Detail_CP020_StandUp-380x380.webp 380w, https:\/\/www.colompac.com\/wp-content\/uploads\/2023\/03\/Detail_CP020_StandUp-20x20.webp 20w, https:\/\/www.colompac.com\/wp-content\/uploads\/2023\/03\/Detail_CP020_StandUp-190x190.webp 190w\" sizes=\"auto, (max-width: 500px) 100vw, 500px\" \/>\n\t\t\t<\/div>\n\t\t\t\t<figcaption class='wp-caption-text gallery-caption' id='gallery-1-2342'>\n\t\t\t\tRabat auto-stable gr\u00e2ce \u00e0 sa fonction Stand Up\n\t\t\t\t<\/figcaption><\/figure>\n\t\t<\/div>\n\n<div class=\"responsive-embed widescreen youtube\"><iframe loading=\"lazy\" title=\"ColomPac\u00ae CP 020 Flexible Wraparound packaging - HD 1920 x 1080\" width=\"1170\" height=\"658\" src=\"https:\/\/www.youtube.com\/embed\/vyFqBV3_GwY?feature=oembed&#038;showinfo=0&#038;rel=0&#038;modestbranding=1\" frameborder=\"0\" allow=\"accelerometer; autoplay; clipboard-write; encrypted-media; gyroscope; picture-in-picture; web-share\" referrerpolicy=\"strict-origin-when-cross-origin\" allowfullscreen><\/iframe><\/div>\n","protected":false},"excerpt":{"rendered":"<h1><strong>S\u00e9r\u00e9nit\u00e9 absolue\u00a0<\/strong><\/h1>\n<h2>Emballage flexible et enrobant, pas seulement pour des livres<\/h2>\n<ul>\n<li>Convient pour les livres, catalogues, CD, etc.<\/li>\n<li>10 tailles et hauteurs de remplissage variables jusqu\u2019\u00e0 80 mm \u2013 s\u2019adapte au produit emball\u00e9<\/li>\n<li>CP 21.09 : La construction en cannelure E offre une grande r\u00e9sistance et permet d\u2018optimiser les dimensions utiles et de r\u00e9duire les co\u00fbts de transport et de stockage.<\/li>\n<li>Renforcement des angles et des ar\u00eates pour une bonne protection<\/li>\n<li>Remplissage facilit\u00e9 par la fonction Stand-Up<\/li>\n<\/ul>\n","protected":false},"featured_media":18641,"comment_status":"open","ping_status":"closed","template":"","meta":[],"product_cat":[366],"product_tag":[370,219,217,218,220,244],"class_list":["post-8756","product","type-product","status-publish","has-post-thumbnail","hentry","product_cat-tous-les-produits-fr","product_tag-bundel-fr","product_tag-durable-fr","product_tag-fsc-fr","product_tag-hauteur-de-remplissage-variable-fr","product_tag-pap-20-fr","product_tag-protecteur_de_bord_complet-fr"],"acf":[],"jetpack_sharing_enabled":true,"_links":{"self":[{"href":"https:\/\/www.colompac.com\/fr\/wp-json\/wp\/v2\/product\/8756","targetHints":{"allow":["GET"]}}],"collection":[{"href":"https:\/\/www.colompac.com\/fr\/wp-json\/wp\/v2\/product"}],"about":[{"href":"https:\/\/www.colompac.com\/fr\/wp-json\/wp\/v2\/types\/product"}],"replies":[{"embeddable":true,"href":"https:\/\/www.colompac.com\/fr\/wp-json\/wp\/v2\/comments?post=8756"}],"wp:featuredmedia":[{"embeddable":true,"href":"https:\/\/www.colompac.com\/fr\/wp-json\/wp\/v2\/media\/18641"}],"wp:attachment":[{"href":"https:\/\/www.colompac.com\/fr\/wp-json\/wp\/v2\/media?parent=8756"}],"wp:term":[{"taxonomy":"product_cat","embeddable":true,"href":"https:\/\/www.colompac.com\/fr\/wp-json\/wp\/v2\/product_cat?post=8756"},{"taxonomy":"product_tag","embeddable":true,"href":"https:\/\/www.colompac.com\/fr\/wp-json\/wp\/v2\/product_tag?post=8756"}],"curies":[{"name":"wp","href":"https:\/\/api.w.org\/{rel}","templated":true}]}}