{"id":5429,"date":"2023-04-04T09:31:12","date_gmt":"2023-04-04T07:31:12","guid":{"rendered":"https:\/\/colompac.wearelions.agency\/product\/versandverpackung-fuer-low-carb-produkte\/"},"modified":"2025-05-21T16:34:14","modified_gmt":"2025-05-21T14:34:14","slug":"versandverpackung-fuer-low-carb-produkte","status":"publish","type":"product","link":"https:\/\/www.colompac.com\/fr\/produit\/versandverpackung-fuer-low-carb-produkte\/","title":{"rendered":"Bo\u00eetes d&#8217;exp\u00e9dition pour produits \u00e0 teneur faibles en glucides (low carb)"},"content":{"rendered":"<div class=\"responsive-embed widescreen youtube\"><iframe loading=\"lazy\" title=\"ColomPac\u00ae CP 141\/CP 151 Instant bottom carton - HD 1920 x 1080\" width=\"1170\" height=\"658\" src=\"https:\/\/www.youtube.com\/embed\/KqHqmgBITc4?feature=oembed&#038;showinfo=0&#038;rel=0&#038;modestbranding=1\" frameborder=\"0\" allow=\"accelerometer; autoplay; clipboard-write; encrypted-media; gyroscope; picture-in-picture; web-share\" referrerpolicy=\"strict-origin-when-cross-origin\" allowfullscreen><\/iframe><\/div>\n","protected":false},"excerpt":{"rendered":"<p>Bo\u00eetes d&#8217;exp\u00e9dition pour produits faibles en glucides (low carb) avec impression flexo ext\u00e9rieure. Montage rapide gr\u00e2ce au fond automatique.<\/p>\n<ul>\n<li>Impression en flexo \u00e0 l&#8217;ext\u00e9rieur<\/li>\n<li>Fond automatique<\/li>\n<li>Construction sp\u00e9ciale<\/li>\n<\/ul>\n","protected":false},"featured_media":14716,"comment_status":"open","ping_status":"closed","template":"","meta":[],"product_cat":[231,366],"product_tag":[219,295,233,268,217,232],"class_list":["post-5429","product","type-product","status-publish","has-post-thumbnail","hentry","product_cat-produits-individuels-fr","product_cat-tous-les-produits-fr","product_tag-durable-fr","product_tag-emballer","product_tag-flexo-fr","product_tag-fondautomatique-fr","product_tag-fsc-fr","product_tag-impression-exterieure-fr"],"acf":[],"jetpack_sharing_enabled":true,"_links":{"self":[{"href":"https:\/\/www.colompac.com\/fr\/wp-json\/wp\/v2\/product\/5429","targetHints":{"allow":["GET"]}}],"collection":[{"href":"https:\/\/www.colompac.com\/fr\/wp-json\/wp\/v2\/product"}],"about":[{"href":"https:\/\/www.colompac.com\/fr\/wp-json\/wp\/v2\/types\/product"}],"replies":[{"embeddable":true,"href":"https:\/\/www.colompac.com\/fr\/wp-json\/wp\/v2\/comments?post=5429"}],"wp:featuredmedia":[{"embeddable":true,"href":"https:\/\/www.colompac.com\/fr\/wp-json\/wp\/v2\/media\/14716"}],"wp:attachment":[{"href":"https:\/\/www.colompac.com\/fr\/wp-json\/wp\/v2\/media?parent=5429"}],"wp:term":[{"taxonomy":"product_cat","embeddable":true,"href":"https:\/\/www.colompac.com\/fr\/wp-json\/wp\/v2\/product_cat?post=5429"},{"taxonomy":"product_tag","embeddable":true,"href":"https:\/\/www.colompac.com\/fr\/wp-json\/wp\/v2\/product_tag?post=5429"}],"curies":[{"name":"wp","href":"https:\/\/api.w.org\/{rel}","templated":true}]}}