{"id":4998,"date":"2023-04-03T15:53:55","date_gmt":"2023-04-03T13:53:55","guid":{"rendered":"https:\/\/colompac.wearelions.agency\/product\/nachhaltige-fashionbox-fuer-outdoorartikel\/"},"modified":"2025-10-13T16:08:35","modified_gmt":"2025-10-13T14:08:35","slug":"nachhaltige-fashionbox-fuer-outdoorartikel","status":"publish","type":"product","link":"https:\/\/www.colompac.com\/fr\/produit\/nachhaltige-fashionbox-fuer-outdoorartikel\/","title":{"rendered":"Fashion box durable pour la mode ext\u00e9rieur"},"content":{"rendered":"<div class=\"responsive-embed widescreen youtube\"><iframe loading=\"lazy\" title=\"Packing with  ColomPac\u00ae - You won\u2019t find a better packaging solution.\" width=\"1170\" height=\"658\" src=\"https:\/\/www.youtube.com\/embed\/fTogUeFIrPo?feature=oembed&#038;showinfo=0&#038;rel=0&#038;modestbranding=1\" frameborder=\"0\" allow=\"accelerometer; autoplay; clipboard-write; encrypted-media; gyroscope; picture-in-picture; web-share\" referrerpolicy=\"strict-origin-when-cross-origin\" allowfullscreen><\/iframe><\/div>\n","protected":false},"excerpt":{"rendered":"<p>Fashion box durable pour la mode ext\u00e9rieur. Imprim\u00e9 en flexo \u00e0 l\u2019ext\u00e9rieur, impression cycleprint \u00e0 l\u2019int\u00e9rieur.<\/p>\n<ul>\n<li>Impression en flexo \u00e0 l&#8217;ext\u00e9rieur<\/li>\n<li>Impression cycleprint \u00e0 l&#8217;int\u00e9rieur<\/li>\n<li>4 points pr\u00e9encoll\u00e9s<\/li>\n<\/ul>\n","protected":false},"featured_media":4227,"comment_status":"open","ping_status":"closed","template":"","meta":[],"product_cat":[231,366],"product_tag":[291,219,295,283,233,217,232,289],"class_list":["post-4998","product","type-product","status-publish","has-post-thumbnail","hentry","product_cat-produits-individuels-fr","product_cat-tous-les-produits-fr","product_tag-cycleprint-fr","product_tag-durable-fr","product_tag-emballer","product_tag-fashion-box","product_tag-flexo-fr","product_tag-fsc-fr","product_tag-impression-exterieure-fr","product_tag-impression-interne"],"acf":[],"jetpack_sharing_enabled":true,"_links":{"self":[{"href":"https:\/\/www.colompac.com\/fr\/wp-json\/wp\/v2\/product\/4998","targetHints":{"allow":["GET"]}}],"collection":[{"href":"https:\/\/www.colompac.com\/fr\/wp-json\/wp\/v2\/product"}],"about":[{"href":"https:\/\/www.colompac.com\/fr\/wp-json\/wp\/v2\/types\/product"}],"replies":[{"embeddable":true,"href":"https:\/\/www.colompac.com\/fr\/wp-json\/wp\/v2\/comments?post=4998"}],"wp:featuredmedia":[{"embeddable":true,"href":"https:\/\/www.colompac.com\/fr\/wp-json\/wp\/v2\/media\/4227"}],"wp:attachment":[{"href":"https:\/\/www.colompac.com\/fr\/wp-json\/wp\/v2\/media?parent=4998"}],"wp:term":[{"taxonomy":"product_cat","embeddable":true,"href":"https:\/\/www.colompac.com\/fr\/wp-json\/wp\/v2\/product_cat?post=4998"},{"taxonomy":"product_tag","embeddable":true,"href":"https:\/\/www.colompac.com\/fr\/wp-json\/wp\/v2\/product_tag?post=4998"}],"curies":[{"name":"wp","href":"https:\/\/api.w.org\/{rel}","templated":true}]}}