{"id":4990,"date":"2023-04-03T16:04:14","date_gmt":"2023-04-03T14:04:14","guid":{"rendered":"https:\/\/colompac.wearelions.agency\/product\/versandtasche-im-flexodruck\/"},"modified":"2025-07-13T10:32:41","modified_gmt":"2025-07-13T08:32:41","slug":"versandtasche-im-flexodruck","status":"publish","type":"product","link":"https:\/\/www.colompac.com\/fr\/produit\/versandtasche-im-flexodruck\/","title":{"rendered":"Pochette d&#8217;exp\u00e9dition imprim\u00e9e de haute qualit\u00e9"},"content":{"rendered":"<div class=\"responsive-embed widescreen youtube\"><iframe loading=\"lazy\" title=\"ColomPac\u00ae CP 010 Rigid Pocket in corrugated cardboard - HD 1920 x 1080\" width=\"1170\" height=\"658\" src=\"https:\/\/www.youtube.com\/embed\/chrkHy13h80?feature=oembed&#038;showinfo=0&#038;rel=0&#038;modestbranding=1\" frameborder=\"0\" allow=\"accelerometer; autoplay; clipboard-write; encrypted-media; gyroscope; picture-in-picture; web-share\" referrerpolicy=\"strict-origin-when-cross-origin\" allowfullscreen><\/iframe><\/div>\n","protected":false},"excerpt":{"rendered":"<p>Pochette d\u2019exp\u00e9dition en carton ondul\u00e9 imprim\u00e9 en flexographie avec une hauteur de remplissage variable.<\/p>\n<ul>\n<li>Impression en flexo<\/li>\n<li>Hauteur variable<\/li>\n<\/ul>\n","protected":false},"featured_media":4239,"comment_status":"open","ping_status":"closed","template":"","meta":[],"product_cat":[231,366],"product_tag":[234,233,217,218,232,235],"class_list":["post-4990","product","type-product","status-publish","has-post-thumbnail","hentry","product_cat-produits-individuels-fr","product_cat-tous-les-produits-fr","product_tag-affranchissement-optimise-fr","product_tag-flexo-fr","product_tag-fsc-fr","product_tag-hauteur-de-remplissage-variable-fr","product_tag-impression-exterieure-fr","product_tag-pochette_expedition-fr"],"acf":[],"jetpack_sharing_enabled":true,"_links":{"self":[{"href":"https:\/\/www.colompac.com\/fr\/wp-json\/wp\/v2\/product\/4990","targetHints":{"allow":["GET"]}}],"collection":[{"href":"https:\/\/www.colompac.com\/fr\/wp-json\/wp\/v2\/product"}],"about":[{"href":"https:\/\/www.colompac.com\/fr\/wp-json\/wp\/v2\/types\/product"}],"replies":[{"embeddable":true,"href":"https:\/\/www.colompac.com\/fr\/wp-json\/wp\/v2\/comments?post=4990"}],"wp:featuredmedia":[{"embeddable":true,"href":"https:\/\/www.colompac.com\/fr\/wp-json\/wp\/v2\/media\/4239"}],"wp:attachment":[{"href":"https:\/\/www.colompac.com\/fr\/wp-json\/wp\/v2\/media?parent=4990"}],"wp:term":[{"taxonomy":"product_cat","embeddable":true,"href":"https:\/\/www.colompac.com\/fr\/wp-json\/wp\/v2\/product_cat?post=4990"},{"taxonomy":"product_tag","embeddable":true,"href":"https:\/\/www.colompac.com\/fr\/wp-json\/wp\/v2\/product_tag?post=4990"}],"curies":[{"name":"wp","href":"https:\/\/api.w.org\/{rel}","templated":true}]}}