{"id":4967,"date":"2023-04-03T16:32:49","date_gmt":"2023-04-03T14:32:49","guid":{"rendered":"https:\/\/colompac.wearelions.agency\/product\/versandkarton-mit-offsetdruck-innen\/"},"modified":"2025-05-21T16:21:46","modified_gmt":"2025-05-21T14:21:46","slug":"versandkarton-mit-offsetdruck-innen","status":"publish","type":"product","link":"https:\/\/www.colompac.com\/fr\/produit\/versandkarton-mit-offsetdruck-innen\/","title":{"rendered":"Carton d&#8217;exp\u00e9dition avec impression offset int\u00e9rieure"},"content":{"rendered":"<div class=\"responsive-embed widescreen youtube\"><iframe loading=\"lazy\" title=\"ColomPac\u00ae CP 155 Premium quick base box \u2014 Shipment and return using one box - HD 1920 x 1080\" width=\"1170\" height=\"658\" src=\"https:\/\/www.youtube.com\/embed\/oCX1FeNBA7k?feature=oembed&#038;showinfo=0&#038;rel=0&#038;modestbranding=1\" frameborder=\"0\" allow=\"accelerometer; autoplay; clipboard-write; encrypted-media; gyroscope; picture-in-picture; web-share\" referrerpolicy=\"strict-origin-when-cross-origin\" allowfullscreen><\/iframe><\/div>\n","protected":false},"excerpt":{"rendered":"<p>Bo\u00eete d&#8217;exp\u00e9dition discr\u00e8te, imprim\u00e9e en offset, ext\u00e9rieur blanc. Avec pliage lat\u00e9ral en Z pour une meilleure stabilit\u00e9 et comme protection contre les interventions.<\/p>\n<ul>\n<li>Impression offset int\u00e9rieure<\/li>\n<li>Pliage en Z<\/li>\n<li>Fond automatique<\/li>\n<\/ul>\n","protected":false},"featured_media":4271,"comment_status":"open","ping_status":"closed","template":"","meta":[],"product_cat":[231,366],"product_tag":[295,268,217,289,286],"class_list":["post-4967","product","type-product","status-publish","has-post-thumbnail","hentry","product_cat-produits-individuels-fr","product_cat-tous-les-produits-fr","product_tag-emballer","product_tag-fondautomatique-fr","product_tag-fsc-fr","product_tag-impression-interne","product_tag-offset-fr"],"acf":[],"jetpack_sharing_enabled":true,"_links":{"self":[{"href":"https:\/\/www.colompac.com\/fr\/wp-json\/wp\/v2\/product\/4967","targetHints":{"allow":["GET"]}}],"collection":[{"href":"https:\/\/www.colompac.com\/fr\/wp-json\/wp\/v2\/product"}],"about":[{"href":"https:\/\/www.colompac.com\/fr\/wp-json\/wp\/v2\/types\/product"}],"replies":[{"embeddable":true,"href":"https:\/\/www.colompac.com\/fr\/wp-json\/wp\/v2\/comments?post=4967"}],"wp:featuredmedia":[{"embeddable":true,"href":"https:\/\/www.colompac.com\/fr\/wp-json\/wp\/v2\/media\/4271"}],"wp:attachment":[{"href":"https:\/\/www.colompac.com\/fr\/wp-json\/wp\/v2\/media?parent=4967"}],"wp:term":[{"taxonomy":"product_cat","embeddable":true,"href":"https:\/\/www.colompac.com\/fr\/wp-json\/wp\/v2\/product_cat?post=4967"},{"taxonomy":"product_tag","embeddable":true,"href":"https:\/\/www.colompac.com\/fr\/wp-json\/wp\/v2\/product_tag?post=4967"}],"curies":[{"name":"wp","href":"https:\/\/api.w.org\/{rel}","templated":true}]}}