{"id":4961,"date":"2023-04-03T16:36:21","date_gmt":"2023-04-03T14:36:21","guid":{"rendered":"https:\/\/colompac.wearelions.agency\/product\/versandtasche-als-verkaufsverpackung\/"},"modified":"2025-05-21T16:22:05","modified_gmt":"2025-05-21T14:22:05","slug":"versandtasche-als-verkaufsverpackung","status":"publish","type":"product","link":"https:\/\/www.colompac.com\/fr\/produit\/versandtasche-als-verkaufsverpackung\/","title":{"rendered":"Pochette d&#8217;exp\u00e9dition comme emballage de vente"},"content":{"rendered":"<div class=\"responsive-embed widescreen youtube\"><iframe loading=\"lazy\" title=\"Packing with  ColomPac\u00ae - You won\u2019t find a better packaging solution.\" width=\"1170\" height=\"658\" src=\"https:\/\/www.youtube.com\/embed\/fTogUeFIrPo?feature=oembed&#038;showinfo=0&#038;rel=0&#038;modestbranding=1\" frameborder=\"0\" allow=\"accelerometer; autoplay; clipboard-write; encrypted-media; gyroscope; picture-in-picture; web-share\" referrerpolicy=\"strict-origin-when-cross-origin\" allowfullscreen><\/iframe><\/div>\n","protected":false},"excerpt":{"rendered":"<p>Pochette d&#8217;exp\u00e9dition imprim\u00e9 en offset avec d\u00e9coupe et perforation europ\u00e9enne comme emballage de vente pour le saumon fum\u00e9.<\/p>\n<ul>\n<li>Impression offset \u00e0 l&#8217;ext\u00e9rieur<\/li>\n<li>D\u00e9coupage<\/li>\n<li>Perforation europ\u00e9enne<\/li>\n<\/ul>\n","protected":false},"featured_media":4279,"comment_status":"open","ping_status":"closed","template":"","meta":[],"product_cat":[231,366],"product_tag":[217,232,286,235],"class_list":["post-4961","product","type-product","status-publish","has-post-thumbnail","hentry","product_cat-produits-individuels-fr","product_cat-tous-les-produits-fr","product_tag-fsc-fr","product_tag-impression-exterieure-fr","product_tag-offset-fr","product_tag-pochette_expedition-fr"],"acf":[],"jetpack_sharing_enabled":true,"_links":{"self":[{"href":"https:\/\/www.colompac.com\/fr\/wp-json\/wp\/v2\/product\/4961","targetHints":{"allow":["GET"]}}],"collection":[{"href":"https:\/\/www.colompac.com\/fr\/wp-json\/wp\/v2\/product"}],"about":[{"href":"https:\/\/www.colompac.com\/fr\/wp-json\/wp\/v2\/types\/product"}],"replies":[{"embeddable":true,"href":"https:\/\/www.colompac.com\/fr\/wp-json\/wp\/v2\/comments?post=4961"}],"wp:featuredmedia":[{"embeddable":true,"href":"https:\/\/www.colompac.com\/fr\/wp-json\/wp\/v2\/media\/4279"}],"wp:attachment":[{"href":"https:\/\/www.colompac.com\/fr\/wp-json\/wp\/v2\/media?parent=4961"}],"wp:term":[{"taxonomy":"product_cat","embeddable":true,"href":"https:\/\/www.colompac.com\/fr\/wp-json\/wp\/v2\/product_cat?post=4961"},{"taxonomy":"product_tag","embeddable":true,"href":"https:\/\/www.colompac.com\/fr\/wp-json\/wp\/v2\/product_tag?post=4961"}],"curies":[{"name":"wp","href":"https:\/\/api.w.org\/{rel}","templated":true}]}}