{"id":4947,"date":"2023-04-03T16:44:13","date_gmt":"2023-04-03T14:44:13","guid":{"rendered":"https:\/\/colompac.wearelions.agency\/product\/eurobox-mit-gefache\/"},"modified":"2025-10-13T15:57:25","modified_gmt":"2025-10-13T13:57:25","slug":"eurobox-mit-gefache","status":"publish","type":"product","link":"https:\/\/www.colompac.com\/fr\/produit\/eurobox-mit-gefache\/","title":{"rendered":"Eurobox avec compartiments"},"content":{"rendered":"<div class=\"responsive-embed widescreen youtube\"><iframe loading=\"lazy\" title=\"ColomPac\u00ae CP 154 Euro-boxes - the best thing since the invention of the pallet -  HD 1920 x 1080\" width=\"1170\" height=\"658\" src=\"https:\/\/www.youtube.com\/embed\/BIa39BC9khY?list=PLagn-HEc_TsPJT_Ez6gYYfdPyhd8z7tXj&#038;showinfo=0&#038;rel=0&#038;modestbranding=1\" frameborder=\"0\" allow=\"accelerometer; autoplay; clipboard-write; encrypted-media; gyroscope; picture-in-picture; web-share\" referrerpolicy=\"strict-origin-when-cross-origin\" allowfullscreen><\/iframe><\/div>\n","protected":false},"excerpt":{"rendered":"<p>Pour cette Eurobox, le compartiment pour le tri propre des articles a \u00e9t\u00e9 int\u00e9gr\u00e9 en m\u00eame temps. Ainsi, la bo\u00eete est assembl\u00e9e en un clin d\u2019\u0153il.<\/p>\n<ul>\n<li>Impression offset \u00e0 l&#8217;ext\u00e9rieur<\/li>\n<li>Compartiment int\u00e9gr\u00e9<\/li>\n<li>Pliage en Z<\/li>\n<li>Fond automatique<\/li>\n<\/ul>\n","protected":false},"featured_media":4299,"comment_status":"open","ping_status":"closed","template":"","meta":[],"product_cat":[231,366],"product_tag":[247,295,268,217,232,286],"class_list":["post-4947","product","type-product","status-publish","has-post-thumbnail","hentry","product_cat-produits-individuels-fr","product_cat-tous-les-produits-fr","product_tag-double-fermeture-autocollante-fr","product_tag-emballer","product_tag-fondautomatique-fr","product_tag-fsc-fr","product_tag-impression-exterieure-fr","product_tag-offset-fr"],"acf":[],"jetpack_sharing_enabled":true,"_links":{"self":[{"href":"https:\/\/www.colompac.com\/fr\/wp-json\/wp\/v2\/product\/4947","targetHints":{"allow":["GET"]}}],"collection":[{"href":"https:\/\/www.colompac.com\/fr\/wp-json\/wp\/v2\/product"}],"about":[{"href":"https:\/\/www.colompac.com\/fr\/wp-json\/wp\/v2\/types\/product"}],"replies":[{"embeddable":true,"href":"https:\/\/www.colompac.com\/fr\/wp-json\/wp\/v2\/comments?post=4947"}],"wp:featuredmedia":[{"embeddable":true,"href":"https:\/\/www.colompac.com\/fr\/wp-json\/wp\/v2\/media\/4299"}],"wp:attachment":[{"href":"https:\/\/www.colompac.com\/fr\/wp-json\/wp\/v2\/media?parent=4947"}],"wp:term":[{"taxonomy":"product_cat","embeddable":true,"href":"https:\/\/www.colompac.com\/fr\/wp-json\/wp\/v2\/product_cat?post=4947"},{"taxonomy":"product_tag","embeddable":true,"href":"https:\/\/www.colompac.com\/fr\/wp-json\/wp\/v2\/product_tag?post=4947"}],"curies":[{"name":"wp","href":"https:\/\/api.w.org\/{rel}","templated":true}]}}