{"id":4931,"date":"2023-04-03T16:55:51","date_gmt":"2023-04-03T14:55:51","guid":{"rendered":"https:\/\/colompac.wearelions.agency\/product\/versandkarton-fuer-ersatzteile\/"},"modified":"2025-05-21T16:24:29","modified_gmt":"2025-05-21T14:24:29","slug":"versandkarton-fuer-ersatzteile","status":"publish","type":"product","link":"https:\/\/www.colompac.com\/fr\/produit\/versandkarton-fuer-ersatzteile\/","title":{"rendered":"Bo\u00eetes d&#8217;exp\u00e9dition pour des pi\u00e8ces de rechange"},"content":{"rendered":"<div class=\"responsive-embed widescreen youtube\"><iframe loading=\"lazy\" title=\"ColomPac\u00ae CP 141\/CP 151 Blitzbodenkarton - HD 1920 x 1080\" width=\"1170\" height=\"658\" src=\"https:\/\/www.youtube.com\/embed\/b5V2GbkVOAs?feature=oembed&#038;showinfo=0&#038;rel=0&#038;modestbranding=1\" frameborder=\"0\" allow=\"accelerometer; autoplay; clipboard-write; encrypted-media; gyroscope; picture-in-picture; web-share\" referrerpolicy=\"strict-origin-when-cross-origin\" allowfullscreen><\/iframe><\/div>\n","protected":false},"excerpt":{"rendered":"<p>Bo\u00eetes d&#8217;exp\u00e9dition pour des pi\u00e8ces de rechange. Montage rapide gr\u00e2ce au fond automatique. Ext\u00e9rieur blanc, int\u00e9rieur imprim\u00e9 en offset.<\/p>\n<ul>\n<li>Impression offset int\u00e9rieure<\/li>\n<li>Fond automatique<\/li>\n<\/ul>\n","protected":false},"featured_media":4323,"comment_status":"open","ping_status":"closed","template":"","meta":[],"product_cat":[231,366],"product_tag":[295,268,217,289,286],"class_list":["post-4931","product","type-product","status-publish","has-post-thumbnail","hentry","product_cat-produits-individuels-fr","product_cat-tous-les-produits-fr","product_tag-emballer","product_tag-fondautomatique-fr","product_tag-fsc-fr","product_tag-impression-interne","product_tag-offset-fr"],"acf":[],"jetpack_sharing_enabled":true,"_links":{"self":[{"href":"https:\/\/www.colompac.com\/fr\/wp-json\/wp\/v2\/product\/4931","targetHints":{"allow":["GET"]}}],"collection":[{"href":"https:\/\/www.colompac.com\/fr\/wp-json\/wp\/v2\/product"}],"about":[{"href":"https:\/\/www.colompac.com\/fr\/wp-json\/wp\/v2\/types\/product"}],"replies":[{"embeddable":true,"href":"https:\/\/www.colompac.com\/fr\/wp-json\/wp\/v2\/comments?post=4931"}],"wp:featuredmedia":[{"embeddable":true,"href":"https:\/\/www.colompac.com\/fr\/wp-json\/wp\/v2\/media\/4323"}],"wp:attachment":[{"href":"https:\/\/www.colompac.com\/fr\/wp-json\/wp\/v2\/media?parent=4931"}],"wp:term":[{"taxonomy":"product_cat","embeddable":true,"href":"https:\/\/www.colompac.com\/fr\/wp-json\/wp\/v2\/product_cat?post=4931"},{"taxonomy":"product_tag","embeddable":true,"href":"https:\/\/www.colompac.com\/fr\/wp-json\/wp\/v2\/product_tag?post=4931"}],"curies":[{"name":"wp","href":"https:\/\/api.w.org\/{rel}","templated":true}]}}