{"id":4929,"date":"2023-04-03T16:57:37","date_gmt":"2023-04-03T14:57:37","guid":{"rendered":"https:\/\/colompac.wearelions.agency\/product\/versandkarton-mit-innendruck\/"},"modified":"2025-05-21T16:24:38","modified_gmt":"2025-05-21T14:24:38","slug":"versandkarton-mit-innendruck","status":"publish","type":"product","link":"https:\/\/www.colompac.com\/fr\/produit\/versandkarton-mit-innendruck\/","title":{"rendered":"Carton d&#8217;exp\u00e9dition avec impression int\u00e9rieure"},"content":{"rendered":"<div class=\"responsive-embed widescreen youtube\"><iframe loading=\"lazy\" title=\"ColomPac\u00ae CP 155 Premium quick base box \u2014 Shipment and return using one box - HD 1920 x 1080\" width=\"1170\" height=\"658\" src=\"https:\/\/www.youtube.com\/embed\/oCX1FeNBA7k?feature=oembed&#038;showinfo=0&#038;rel=0&#038;modestbranding=1\" frameborder=\"0\" allow=\"accelerometer; autoplay; clipboard-write; encrypted-media; gyroscope; picture-in-picture; web-share\" referrerpolicy=\"strict-origin-when-cross-origin\" allowfullscreen><\/iframe><\/div>\n","protected":false},"excerpt":{"rendered":"<p>Carton d&#8217;exp\u00e9dition avec pliage en Z s\u00e9curis\u00e9 pour l&#8217;envoi de petites pi\u00e8ces pour les valises. Montage rapide gr\u00e2ce au fond automatique. Impression offset \u00e0 l&#8217;int\u00e9rieur.<\/p>\n<ul>\n<li>Impression offset int\u00e9rieure<\/li>\n<li>Pliage en Z<\/li>\n<li>Fond automatique<\/li>\n<\/ul>\n","protected":false},"featured_media":4327,"comment_status":"open","ping_status":"closed","template":"","meta":[],"product_cat":[231,366],"product_tag":[295,259,268,217,289,286],"class_list":["post-4929","product","type-product","status-publish","has-post-thumbnail","hentry","product_cat-produits-individuels-fr","product_cat-tous-les-produits-fr","product_tag-emballer","product_tag-fermeture-autocollante-retour-fr","product_tag-fondautomatique-fr","product_tag-fsc-fr","product_tag-impression-interne","product_tag-offset-fr"],"acf":[],"jetpack_sharing_enabled":true,"_links":{"self":[{"href":"https:\/\/www.colompac.com\/fr\/wp-json\/wp\/v2\/product\/4929","targetHints":{"allow":["GET"]}}],"collection":[{"href":"https:\/\/www.colompac.com\/fr\/wp-json\/wp\/v2\/product"}],"about":[{"href":"https:\/\/www.colompac.com\/fr\/wp-json\/wp\/v2\/types\/product"}],"replies":[{"embeddable":true,"href":"https:\/\/www.colompac.com\/fr\/wp-json\/wp\/v2\/comments?post=4929"}],"wp:featuredmedia":[{"embeddable":true,"href":"https:\/\/www.colompac.com\/fr\/wp-json\/wp\/v2\/media\/4327"}],"wp:attachment":[{"href":"https:\/\/www.colompac.com\/fr\/wp-json\/wp\/v2\/media?parent=4929"}],"wp:term":[{"taxonomy":"product_cat","embeddable":true,"href":"https:\/\/www.colompac.com\/fr\/wp-json\/wp\/v2\/product_cat?post=4929"},{"taxonomy":"product_tag","embeddable":true,"href":"https:\/\/www.colompac.com\/fr\/wp-json\/wp\/v2\/product_tag?post=4929"}],"curies":[{"name":"wp","href":"https:\/\/api.w.org\/{rel}","templated":true}]}}