{"id":4927,"date":"2023-04-03T17:00:26","date_gmt":"2023-04-03T15:00:26","guid":{"rendered":"https:\/\/colompac.wearelions.agency\/product\/versandkarton-mit-deckel\/"},"modified":"2025-05-21T16:29:02","modified_gmt":"2025-05-21T14:29:02","slug":"versandkarton-mit-deckel","status":"publish","type":"product","link":"https:\/\/www.colompac.com\/fr\/produit\/versandkarton-mit-deckel\/","title":{"rendered":"Bo\u00eetes d&#8217;exp\u00e9dition avec impression int\u00e9rieure"},"content":{"rendered":"<div class=\"responsive-embed widescreen youtube\"><iframe loading=\"lazy\" title=\"ColomPac\u00ae Euroboxes CP 154 XL -  1 cover, 1 system, variable heights.\" width=\"1170\" height=\"658\" src=\"https:\/\/www.youtube.com\/embed\/v1ABRJycEdg?start=12&#038;feature=oembed&#038;showinfo=0&#038;rel=0&#038;modestbranding=1\" frameborder=\"0\" allow=\"accelerometer; autoplay; clipboard-write; encrypted-media; gyroscope; picture-in-picture; web-share\" referrerpolicy=\"strict-origin-when-cross-origin\" allowfullscreen><\/iframe><\/div>\n","protected":false},"excerpt":{"rendered":"<p>Bo\u00eetes d&#8217;exp\u00e9dition avec couvercle pouvant \u00eatre utilis\u00e9 sur diff\u00e9rentes tailles de cartons d&#8217;exp\u00e9dition. Pour l&#8217;exp\u00e9dition d&#8217;accessoires de voyage, de sacs \u00e0 dos et de sacs. Couvercle avec impression offset. Partie inf\u00e9rieure en double cannelure stable.<\/p>\n<ul>\n<li>Impression offset sur le couvercle \u00e0 l&#8217;ext\u00e9rieur et \u00e0 l&#8217;int\u00e9rieur<\/li>\n<li>Twinboxmatic<\/li>\n<\/ul>\n","protected":false},"featured_media":4331,"comment_status":"open","ping_status":"closed","template":"","meta":[],"product_cat":[231,366],"product_tag":[247,295,217,232,289,286],"class_list":["post-4927","product","type-product","status-publish","has-post-thumbnail","hentry","product_cat-produits-individuels-fr","product_cat-tous-les-produits-fr","product_tag-double-fermeture-autocollante-fr","product_tag-emballer","product_tag-fsc-fr","product_tag-impression-exterieure-fr","product_tag-impression-interne","product_tag-offset-fr"],"acf":[],"jetpack_sharing_enabled":true,"_links":{"self":[{"href":"https:\/\/www.colompac.com\/fr\/wp-json\/wp\/v2\/product\/4927","targetHints":{"allow":["GET"]}}],"collection":[{"href":"https:\/\/www.colompac.com\/fr\/wp-json\/wp\/v2\/product"}],"about":[{"href":"https:\/\/www.colompac.com\/fr\/wp-json\/wp\/v2\/types\/product"}],"replies":[{"embeddable":true,"href":"https:\/\/www.colompac.com\/fr\/wp-json\/wp\/v2\/comments?post=4927"}],"wp:featuredmedia":[{"embeddable":true,"href":"https:\/\/www.colompac.com\/fr\/wp-json\/wp\/v2\/media\/4331"}],"wp:attachment":[{"href":"https:\/\/www.colompac.com\/fr\/wp-json\/wp\/v2\/media?parent=4927"}],"wp:term":[{"taxonomy":"product_cat","embeddable":true,"href":"https:\/\/www.colompac.com\/fr\/wp-json\/wp\/v2\/product_cat?post=4927"},{"taxonomy":"product_tag","embeddable":true,"href":"https:\/\/www.colompac.com\/fr\/wp-json\/wp\/v2\/product_tag?post=4927"}],"curies":[{"name":"wp","href":"https:\/\/api.w.org\/{rel}","templated":true}]}}