{"id":4923,"date":"2023-04-03T17:04:08","date_gmt":"2023-04-03T15:04:08","guid":{"rendered":"https:\/\/colompac.wearelions.agency\/product\/versandverpackung-fuer-kosmetikartikel\/"},"modified":"2025-05-21T16:29:19","modified_gmt":"2025-05-21T14:29:19","slug":"versandverpackung-fuer-kosmetikartikel","status":"publish","type":"product","link":"https:\/\/www.colompac.com\/fr\/produit\/versandverpackung-fuer-kosmetikartikel\/","title":{"rendered":"Emballage d&#8217;exp\u00e9dition pour cosm\u00e9tiques"},"content":{"rendered":"<div class=\"responsive-embed widescreen youtube\"><iframe loading=\"lazy\" title=\"ColomPac\u00ae CP 080 Modular boxes 1-4 in white and brown - HD 1920 x 1080\" width=\"1170\" height=\"658\" src=\"https:\/\/www.youtube.com\/embed\/U6eRzY--O4o?feature=oembed&#038;showinfo=0&#038;rel=0&#038;modestbranding=1\" frameborder=\"0\" allow=\"accelerometer; autoplay; clipboard-write; encrypted-media; gyroscope; picture-in-picture; web-share\" referrerpolicy=\"strict-origin-when-cross-origin\" allowfullscreen><\/iframe><\/div>\n","protected":false},"excerpt":{"rendered":"<p>Emballage d&#8217;exp\u00e9dition pour produits cosm\u00e9tiques. Impression flexographique \u00e0 l&#8217;int\u00e9rieur. Collage en 4 points pour un processus d&#8217;emballage rapide et efficace.<\/p>\n<ul>\n<li>Impression offset int\u00e9rieure<\/li>\n<li>4 points pr\u00e9encoll\u00e9s<\/li>\n<\/ul>\n","protected":false},"featured_media":4339,"comment_status":"open","ping_status":"closed","template":"","meta":[],"product_cat":[231,366],"product_tag":[295,233,217,289],"class_list":["post-4923","product","type-product","status-publish","has-post-thumbnail","hentry","product_cat-produits-individuels-fr","product_cat-tous-les-produits-fr","product_tag-emballer","product_tag-flexo-fr","product_tag-fsc-fr","product_tag-impression-interne"],"acf":[],"jetpack_sharing_enabled":true,"_links":{"self":[{"href":"https:\/\/www.colompac.com\/fr\/wp-json\/wp\/v2\/product\/4923","targetHints":{"allow":["GET"]}}],"collection":[{"href":"https:\/\/www.colompac.com\/fr\/wp-json\/wp\/v2\/product"}],"about":[{"href":"https:\/\/www.colompac.com\/fr\/wp-json\/wp\/v2\/types\/product"}],"replies":[{"embeddable":true,"href":"https:\/\/www.colompac.com\/fr\/wp-json\/wp\/v2\/comments?post=4923"}],"wp:featuredmedia":[{"embeddable":true,"href":"https:\/\/www.colompac.com\/fr\/wp-json\/wp\/v2\/media\/4339"}],"wp:attachment":[{"href":"https:\/\/www.colompac.com\/fr\/wp-json\/wp\/v2\/media?parent=4923"}],"wp:term":[{"taxonomy":"product_cat","embeddable":true,"href":"https:\/\/www.colompac.com\/fr\/wp-json\/wp\/v2\/product_cat?post=4923"},{"taxonomy":"product_tag","embeddable":true,"href":"https:\/\/www.colompac.com\/fr\/wp-json\/wp\/v2\/product_tag?post=4923"}],"curies":[{"name":"wp","href":"https:\/\/api.w.org\/{rel}","templated":true}]}}