{"id":4916,"date":"2023-04-03T17:09:15","date_gmt":"2023-04-03T15:09:15","guid":{"rendered":"https:\/\/colompac.wearelions.agency\/product\/wickelverpackung-fuer-schneidebretter\/"},"modified":"2025-05-21T16:32:17","modified_gmt":"2025-05-21T14:32:17","slug":"wickelverpackung-fuer-schneidebretter","status":"publish","type":"product","link":"https:\/\/www.colompac.com\/fr\/produit\/wickelverpackung-fuer-schneidebretter\/","title":{"rendered":"Emballage enveloppant pour planches \u00e0 d\u00e9couper"},"content":{"rendered":"<div class=\"responsive-embed widescreen youtube\"><iframe loading=\"lazy\" title=\"ColomPac\u00ae CP 030 Extra strong packaging with safety flaps - HD 1920 x 1080\" width=\"1170\" height=\"658\" src=\"https:\/\/www.youtube.com\/embed\/mBsfCU-9w8w?list=UUnLOwS8ALUOrYjO2Z_YcgRg&#038;showinfo=0&#038;rel=0&#038;modestbranding=1\" frameborder=\"0\" allow=\"accelerometer; autoplay; clipboard-write; encrypted-media; gyroscope; picture-in-picture; web-share\" referrerpolicy=\"strict-origin-when-cross-origin\" allowfullscreen><\/iframe><\/div>\n<p>&nbsp;<\/p>\n","protected":false},"excerpt":{"rendered":"<p>Emballage enveloppant design imitation &#8220;bois&#8221; avec impression flexographique. La patte de s\u00e9curit\u00e9 suppl\u00e9mentaire s\u00e9curise les marchandises emball\u00e9es m\u00eame lourdes et emp\u00eache les for\u00e7age et retrait lat\u00e9raux.<\/p>\n<ul>\n<li>Impression en flexo \u00e0 l&#8217;ext\u00e9rieur<\/li>\n<li>Pattes de s\u00e9curit\u00e9<\/li>\n<\/ul>\n","protected":false},"featured_media":4395,"comment_status":"open","ping_status":"closed","template":"","meta":[],"product_cat":[231,366],"product_tag":[234,298,233,218,232,289,244],"class_list":["post-4916","product","type-product","status-publish","has-post-thumbnail","hentry","product_cat-produits-individuels-fr","product_cat-tous-les-produits-fr","product_tag-affranchissement-optimise-fr","product_tag-emballage-flexible-et-enrobant-fr","product_tag-flexo-fr","product_tag-hauteur-de-remplissage-variable-fr","product_tag-impression-exterieure-fr","product_tag-impression-interne","product_tag-protecteur_de_bord_complet-fr"],"acf":[],"jetpack_sharing_enabled":true,"_links":{"self":[{"href":"https:\/\/www.colompac.com\/fr\/wp-json\/wp\/v2\/product\/4916","targetHints":{"allow":["GET"]}}],"collection":[{"href":"https:\/\/www.colompac.com\/fr\/wp-json\/wp\/v2\/product"}],"about":[{"href":"https:\/\/www.colompac.com\/fr\/wp-json\/wp\/v2\/types\/product"}],"replies":[{"embeddable":true,"href":"https:\/\/www.colompac.com\/fr\/wp-json\/wp\/v2\/comments?post=4916"}],"wp:featuredmedia":[{"embeddable":true,"href":"https:\/\/www.colompac.com\/fr\/wp-json\/wp\/v2\/media\/4395"}],"wp:attachment":[{"href":"https:\/\/www.colompac.com\/fr\/wp-json\/wp\/v2\/media?parent=4916"}],"wp:term":[{"taxonomy":"product_cat","embeddable":true,"href":"https:\/\/www.colompac.com\/fr\/wp-json\/wp\/v2\/product_cat?post=4916"},{"taxonomy":"product_tag","embeddable":true,"href":"https:\/\/www.colompac.com\/fr\/wp-json\/wp\/v2\/product_tag?post=4916"}],"curies":[{"name":"wp","href":"https:\/\/api.w.org\/{rel}","templated":true}]}}