{"id":4903,"date":"2023-04-03T17:19:13","date_gmt":"2023-04-03T15:19:13","guid":{"rendered":"https:\/\/colompac.wearelions.agency\/product\/hoehenvariabler-versandkarton-fuer-outdoormode-und-accessoires\/"},"modified":"2025-10-13T16:06:24","modified_gmt":"2025-10-13T14:06:24","slug":"hoehenvariabler-versandkarton-fuer-outdoormode-und-accessoires","status":"publish","type":"product","link":"https:\/\/www.colompac.com\/fr\/produit\/hoehenvariabler-versandkarton-fuer-outdoormode-und-accessoires\/","title":{"rendered":"Bo\u00eetes d\u2019exp\u00e9dition \u00e0 hauteur variable pour la mode ext\u00e9rieur"},"content":{"rendered":"<div class=\"responsive-embed widescreen youtube\"><iframe loading=\"lazy\" title=\"CP 157 Praesentationsvideo\" width=\"1170\" height=\"658\" src=\"https:\/\/www.youtube.com\/embed\/NwfTmml_ZUg?feature=oembed&#038;showinfo=0&#038;rel=0&#038;modestbranding=1\" frameborder=\"0\" allow=\"accelerometer; autoplay; clipboard-write; encrypted-media; gyroscope; picture-in-picture; web-share\" referrerpolicy=\"strict-origin-when-cross-origin\" allowfullscreen><\/iframe><\/div>\n","protected":false},"excerpt":{"rendered":"<p>Bo\u00eetes d\u2019exp\u00e9dition \u00e0 hauteur variable pour le mode ext\u00e9rieur et les accessoires. Hauteur d\u2019emballage variable gr\u00e2ce \u00e0 un pliage brevet\u00e9. Int\u00e9rieur lamin\u00e9 avec impression offset.<\/p>\n<ul>\n<li>Impression offset int\u00e9rieure<\/li>\n<li>Hauteur variable<\/li>\n<li>Fond automatique<\/li>\n<\/ul>\n","protected":false},"featured_media":4367,"comment_status":"open","ping_status":"closed","template":"","meta":[],"product_cat":[231,366],"product_tag":[219,295,268,217,289,286],"class_list":["post-4903","product","type-product","status-publish","has-post-thumbnail","hentry","product_cat-produits-individuels-fr","product_cat-tous-les-produits-fr","product_tag-durable-fr","product_tag-emballer","product_tag-fondautomatique-fr","product_tag-fsc-fr","product_tag-impression-interne","product_tag-offset-fr"],"acf":[],"jetpack_sharing_enabled":true,"_links":{"self":[{"href":"https:\/\/www.colompac.com\/fr\/wp-json\/wp\/v2\/product\/4903","targetHints":{"allow":["GET"]}}],"collection":[{"href":"https:\/\/www.colompac.com\/fr\/wp-json\/wp\/v2\/product"}],"about":[{"href":"https:\/\/www.colompac.com\/fr\/wp-json\/wp\/v2\/types\/product"}],"replies":[{"embeddable":true,"href":"https:\/\/www.colompac.com\/fr\/wp-json\/wp\/v2\/comments?post=4903"}],"wp:featuredmedia":[{"embeddable":true,"href":"https:\/\/www.colompac.com\/fr\/wp-json\/wp\/v2\/media\/4367"}],"wp:attachment":[{"href":"https:\/\/www.colompac.com\/fr\/wp-json\/wp\/v2\/media?parent=4903"}],"wp:term":[{"taxonomy":"product_cat","embeddable":true,"href":"https:\/\/www.colompac.com\/fr\/wp-json\/wp\/v2\/product_cat?post=4903"},{"taxonomy":"product_tag","embeddable":true,"href":"https:\/\/www.colompac.com\/fr\/wp-json\/wp\/v2\/product_tag?post=4903"}],"curies":[{"name":"wp","href":"https:\/\/api.w.org\/{rel}","templated":true}]}}