{"id":4867,"date":"2023-04-03T17:24:54","date_gmt":"2023-04-03T15:24:54","guid":{"rendered":"https:\/\/colompac.wearelions.agency\/product\/versandverpackung-fuer-frische-blumen\/"},"modified":"2025-10-13T15:54:22","modified_gmt":"2025-10-13T13:54:22","slug":"versandverpackung-fuer-frische-blumen","status":"publish","type":"product","link":"https:\/\/www.colompac.com\/fr\/produit\/versandverpackung-fuer-frische-blumen\/","title":{"rendered":"Envoi de fleurs avec impression int\u00e9rieure"},"content":{"rendered":"<div class=\"responsive-embed widescreen youtube\"><iframe loading=\"lazy\" title=\"Packing with  ColomPac\u00ae - You won\u2019t find a better packaging solution.\" width=\"1170\" height=\"658\" src=\"https:\/\/www.youtube.com\/embed\/fTogUeFIrPo?feature=oembed&#038;showinfo=0&#038;rel=0&#038;modestbranding=1\" frameborder=\"0\" allow=\"accelerometer; autoplay; clipboard-write; encrypted-media; gyroscope; picture-in-picture; web-share\" referrerpolicy=\"strict-origin-when-cross-origin\" allowfullscreen><\/iframe><\/div>\n","protected":false},"excerpt":{"rendered":"<p>Emballage d\u2019exp\u00e9dition pour fleurs fra\u00eeches, impression flexo \u00e0 l\u2019ext\u00e9rieur, contre collage offset \u00e0 l\u2019int\u00e9rieur.<\/p>\n<ul>\n<li>Impression en flexo \u00e0 l&#8217;ext\u00e9rieur<\/li>\n<li>Impression offset int\u00e9rieure<\/li>\n<li>Construction sp\u00e9ciale<\/li>\n<\/ul>\n","protected":false},"featured_media":4379,"comment_status":"open","ping_status":"closed","template":"","meta":[],"product_cat":[231,366],"product_tag":[219,295,233,217,232,289,286],"class_list":["post-4867","product","type-product","status-publish","has-post-thumbnail","hentry","product_cat-produits-individuels-fr","product_cat-tous-les-produits-fr","product_tag-durable-fr","product_tag-emballer","product_tag-flexo-fr","product_tag-fsc-fr","product_tag-impression-exterieure-fr","product_tag-impression-interne","product_tag-offset-fr"],"acf":[],"jetpack_sharing_enabled":true,"_links":{"self":[{"href":"https:\/\/www.colompac.com\/fr\/wp-json\/wp\/v2\/product\/4867","targetHints":{"allow":["GET"]}}],"collection":[{"href":"https:\/\/www.colompac.com\/fr\/wp-json\/wp\/v2\/product"}],"about":[{"href":"https:\/\/www.colompac.com\/fr\/wp-json\/wp\/v2\/types\/product"}],"replies":[{"embeddable":true,"href":"https:\/\/www.colompac.com\/fr\/wp-json\/wp\/v2\/comments?post=4867"}],"wp:featuredmedia":[{"embeddable":true,"href":"https:\/\/www.colompac.com\/fr\/wp-json\/wp\/v2\/media\/4379"}],"wp:attachment":[{"href":"https:\/\/www.colompac.com\/fr\/wp-json\/wp\/v2\/media?parent=4867"}],"wp:term":[{"taxonomy":"product_cat","embeddable":true,"href":"https:\/\/www.colompac.com\/fr\/wp-json\/wp\/v2\/product_cat?post=4867"},{"taxonomy":"product_tag","embeddable":true,"href":"https:\/\/www.colompac.com\/fr\/wp-json\/wp\/v2\/product_tag?post=4867"}],"curies":[{"name":"wp","href":"https:\/\/api.w.org\/{rel}","templated":true}]}}