{"id":4865,"date":"2023-04-03T17:26:39","date_gmt":"2023-04-03T15:26:39","guid":{"rendered":"https:\/\/colompac.wearelions.agency\/product\/versandlinie-fuer-outdoormarke\/"},"modified":"2025-10-13T16:18:57","modified_gmt":"2025-10-13T14:18:57","slug":"versandlinie-fuer-outdoormarke","status":"publish","type":"product","link":"https:\/\/www.colompac.com\/fr\/produit\/versandlinie-fuer-outdoormarke\/","title":{"rendered":"Ligne d\u2019exp\u00e9dition pour pour une marque la mode ext\u00e9rieur"},"content":{"rendered":"<div class=\"responsive-embed widescreen youtube\"><iframe loading=\"lazy\" title=\"Packing with  ColomPac\u00ae - You won\u2019t find a better packaging solution.\" width=\"1170\" height=\"658\" src=\"https:\/\/www.youtube.com\/embed\/fTogUeFIrPo?feature=oembed&#038;showinfo=0&#038;rel=0&#038;modestbranding=1\" frameborder=\"0\" allow=\"accelerometer; autoplay; clipboard-write; encrypted-media; gyroscope; picture-in-picture; web-share\" referrerpolicy=\"strict-origin-when-cross-origin\" allowfullscreen><\/iframe><\/div>\n","protected":false},"excerpt":{"rendered":"<p>Ligne d\u2019exp\u00e9dition dans l\u2019identit\u00e9 visuelle d\u2019une marque haut de gamme la mode ext\u00e9rieur. Ext\u00e9rieur flexo, int\u00e9rieur lamin\u00e9 avec une impression offset de haute qualit\u00e9.<\/p>\n<ul>\n<li>Impression en flexo \u00e0 l&#8217;ext\u00e9rieur<\/li>\n<li>Impression offset int\u00e9rieure<\/li>\n<li>4 points pr\u00e9encoll\u00e9s<\/li>\n<li>Fond automatique<\/li>\n<\/ul>\n","protected":false},"featured_media":4383,"comment_status":"open","ping_status":"closed","template":"","meta":[],"product_cat":[231,366],"product_tag":[219,295,233,217,232,289,286],"class_list":["post-4865","product","type-product","status-publish","has-post-thumbnail","hentry","product_cat-produits-individuels-fr","product_cat-tous-les-produits-fr","product_tag-durable-fr","product_tag-emballer","product_tag-flexo-fr","product_tag-fsc-fr","product_tag-impression-exterieure-fr","product_tag-impression-interne","product_tag-offset-fr"],"acf":[],"jetpack_sharing_enabled":true,"_links":{"self":[{"href":"https:\/\/www.colompac.com\/fr\/wp-json\/wp\/v2\/product\/4865","targetHints":{"allow":["GET"]}}],"collection":[{"href":"https:\/\/www.colompac.com\/fr\/wp-json\/wp\/v2\/product"}],"about":[{"href":"https:\/\/www.colompac.com\/fr\/wp-json\/wp\/v2\/types\/product"}],"replies":[{"embeddable":true,"href":"https:\/\/www.colompac.com\/fr\/wp-json\/wp\/v2\/comments?post=4865"}],"wp:featuredmedia":[{"embeddable":true,"href":"https:\/\/www.colompac.com\/fr\/wp-json\/wp\/v2\/media\/4383"}],"wp:attachment":[{"href":"https:\/\/www.colompac.com\/fr\/wp-json\/wp\/v2\/media?parent=4865"}],"wp:term":[{"taxonomy":"product_cat","embeddable":true,"href":"https:\/\/www.colompac.com\/fr\/wp-json\/wp\/v2\/product_cat?post=4865"},{"taxonomy":"product_tag","embeddable":true,"href":"https:\/\/www.colompac.com\/fr\/wp-json\/wp\/v2\/product_tag?post=4865"}],"curies":[{"name":"wp","href":"https:\/\/api.w.org\/{rel}","templated":true}]}}