{"id":4863,"date":"2023-04-04T09:00:57","date_gmt":"2023-04-04T07:00:57","guid":{"rendered":"https:\/\/colompac.wearelions.agency\/product\/eurobox-fuer-kosmetik\/"},"modified":"2025-05-21T16:33:40","modified_gmt":"2025-05-21T14:33:40","slug":"eurobox-fuer-kosmetik","status":"publish","type":"product","link":"https:\/\/www.colompac.com\/fr\/produit\/eurobox-fuer-kosmetik\/","title":{"rendered":"Eurobox pour cosm\u00e9tiques"},"content":{"rendered":"<div class=\"responsive-embed widescreen youtube\"><iframe loading=\"lazy\" title=\"ColomPac\u00ae CP 154 Euro-boxes - the best thing since the invention of the pallet -  HD 1920 x 1080\" width=\"1170\" height=\"658\" src=\"https:\/\/www.youtube.com\/embed\/BIa39BC9khY?list=PLagn-HEc_TsPJT_Ez6gYYfdPyhd8z7tXj&#038;showinfo=0&#038;rel=0&#038;modestbranding=1\" frameborder=\"0\" allow=\"accelerometer; autoplay; clipboard-write; encrypted-media; gyroscope; picture-in-picture; web-share\" referrerpolicy=\"strict-origin-when-cross-origin\" allowfullscreen><\/iframe><\/div>\n","protected":false},"excerpt":{"rendered":"<p>Eurobox pour l&#8217;envoi de cosm\u00e9tiques naturels, impression offset \u00e0 l&#8217;int\u00e9rieur. Pliage sp\u00e9cial en Z pour une meilleure stabilit\u00e9 et une protection contre les interventions. Montage rapide gr\u00e2ce au fond automatique.<\/p>\n<ul>\n<li>Impression offset int\u00e9rieure<\/li>\n<li>Pliage en Z<\/li>\n<li>Fond automatique<\/li>\n<\/ul>\n","protected":false},"featured_media":4387,"comment_status":"open","ping_status":"closed","template":"","meta":[],"product_cat":[231,366],"product_tag":[219,295,233,268,217,289,286],"class_list":["post-4863","product","type-product","status-publish","has-post-thumbnail","hentry","product_cat-produits-individuels-fr","product_cat-tous-les-produits-fr","product_tag-durable-fr","product_tag-emballer","product_tag-flexo-fr","product_tag-fondautomatique-fr","product_tag-fsc-fr","product_tag-impression-interne","product_tag-offset-fr"],"acf":[],"jetpack_sharing_enabled":true,"_links":{"self":[{"href":"https:\/\/www.colompac.com\/fr\/wp-json\/wp\/v2\/product\/4863","targetHints":{"allow":["GET"]}}],"collection":[{"href":"https:\/\/www.colompac.com\/fr\/wp-json\/wp\/v2\/product"}],"about":[{"href":"https:\/\/www.colompac.com\/fr\/wp-json\/wp\/v2\/types\/product"}],"replies":[{"embeddable":true,"href":"https:\/\/www.colompac.com\/fr\/wp-json\/wp\/v2\/comments?post=4863"}],"wp:featuredmedia":[{"embeddable":true,"href":"https:\/\/www.colompac.com\/fr\/wp-json\/wp\/v2\/media\/4387"}],"wp:attachment":[{"href":"https:\/\/www.colompac.com\/fr\/wp-json\/wp\/v2\/media?parent=4863"}],"wp:term":[{"taxonomy":"product_cat","embeddable":true,"href":"https:\/\/www.colompac.com\/fr\/wp-json\/wp\/v2\/product_cat?post=4863"},{"taxonomy":"product_tag","embeddable":true,"href":"https:\/\/www.colompac.com\/fr\/wp-json\/wp\/v2\/product_tag?post=4863"}],"curies":[{"name":"wp","href":"https:\/\/api.w.org\/{rel}","templated":true}]}}