{"id":4855,"date":"2023-04-04T09:18:15","date_gmt":"2023-04-04T07:18:15","guid":{"rendered":"https:\/\/colompac.wearelions.agency\/product\/verpackungslinie-fuer-outdoormarke\/"},"modified":"2025-10-13T16:12:58","modified_gmt":"2025-10-13T14:12:58","slug":"verpackungslinie-fuer-outdoormarke","status":"publish","type":"product","link":"https:\/\/www.colompac.com\/fr\/produit\/verpackungslinie-fuer-outdoormarke\/","title":{"rendered":"Ligne d\u2019exp\u00e9dition pour marque la mode ext\u00e9rieur"},"content":{"rendered":"<div class=\"responsive-embed widescreen youtube\"><iframe loading=\"lazy\" title=\"Packing with  ColomPac\u00ae - You won\u2019t find a better packaging solution.\" width=\"1170\" height=\"658\" src=\"https:\/\/www.youtube.com\/embed\/fTogUeFIrPo?feature=oembed&#038;showinfo=0&#038;rel=0&#038;modestbranding=1\" frameborder=\"0\" allow=\"accelerometer; autoplay; clipboard-write; encrypted-media; gyroscope; picture-in-picture; web-share\" referrerpolicy=\"strict-origin-when-cross-origin\" allowfullscreen><\/iframe><\/div>\n","protected":false},"excerpt":{"rendered":"<p>Emballages d\u2019exp\u00e9dition pour une marque la mode ext\u00e9rieur. Conception continue : ext\u00e9rieur avec impression flexo, int\u00e9rieur contrecoll\u00e9 avec impression offset.<\/p>\n<ul>\n<li>Impression en flexo \u00e0 l&#8217;ext\u00e9rieur<\/li>\n<li>Impression offset int\u00e9rieure<\/li>\n<\/ul>\n","protected":false},"featured_media":14720,"comment_status":"open","ping_status":"closed","template":"","meta":[],"product_cat":[231,366],"product_tag":[219,295,259,233,217,232,289,286],"class_list":["post-4855","product","type-product","status-publish","has-post-thumbnail","hentry","product_cat-produits-individuels-fr","product_cat-tous-les-produits-fr","product_tag-durable-fr","product_tag-emballer","product_tag-fermeture-autocollante-retour-fr","product_tag-flexo-fr","product_tag-fsc-fr","product_tag-impression-exterieure-fr","product_tag-impression-interne","product_tag-offset-fr"],"acf":[],"jetpack_sharing_enabled":true,"_links":{"self":[{"href":"https:\/\/www.colompac.com\/fr\/wp-json\/wp\/v2\/product\/4855","targetHints":{"allow":["GET"]}}],"collection":[{"href":"https:\/\/www.colompac.com\/fr\/wp-json\/wp\/v2\/product"}],"about":[{"href":"https:\/\/www.colompac.com\/fr\/wp-json\/wp\/v2\/types\/product"}],"replies":[{"embeddable":true,"href":"https:\/\/www.colompac.com\/fr\/wp-json\/wp\/v2\/comments?post=4855"}],"wp:featuredmedia":[{"embeddable":true,"href":"https:\/\/www.colompac.com\/fr\/wp-json\/wp\/v2\/media\/14720"}],"wp:attachment":[{"href":"https:\/\/www.colompac.com\/fr\/wp-json\/wp\/v2\/media?parent=4855"}],"wp:term":[{"taxonomy":"product_cat","embeddable":true,"href":"https:\/\/www.colompac.com\/fr\/wp-json\/wp\/v2\/product_cat?post=4855"},{"taxonomy":"product_tag","embeddable":true,"href":"https:\/\/www.colompac.com\/fr\/wp-json\/wp\/v2\/product_tag?post=4855"}],"curies":[{"name":"wp","href":"https:\/\/api.w.org\/{rel}","templated":true}]}}