{"id":4839,"date":"2023-04-04T09:59:22","date_gmt":"2023-04-04T07:59:22","guid":{"rendered":"https:\/\/colompac.wearelions.agency\/product\/hoehenvariabler-versandkarton-fuer-sportmode\/"},"modified":"2025-05-21T16:38:28","modified_gmt":"2025-05-21T14:38:28","slug":"hoehenvariabler-versandkarton-fuer-sportmode","status":"publish","type":"product","link":"https:\/\/www.colompac.com\/fr\/produit\/hoehenvariabler-versandkarton-fuer-sportmode\/","title":{"rendered":"Bo\u00eetes d&#8217;exp\u00e9dition pour la mode sportive"},"content":{"rendered":"<div class=\"responsive-embed widescreen youtube\"><iframe loading=\"lazy\" title=\"CP 157 Praesentationsvideo\" width=\"1170\" height=\"658\" src=\"https:\/\/www.youtube.com\/embed\/NwfTmml_ZUg?feature=oembed&#038;showinfo=0&#038;rel=0&#038;modestbranding=1\" frameborder=\"0\" allow=\"accelerometer; autoplay; clipboard-write; encrypted-media; gyroscope; picture-in-picture; web-share\" referrerpolicy=\"strict-origin-when-cross-origin\" allowfullscreen><\/iframe><\/div>\n","protected":false},"excerpt":{"rendered":"<p>Carton d&#8217;exp\u00e9dition \u00e0 hauteur variable pour la mode sportive. Hauteur d&#8217;emballage variable gr\u00e2ce \u00e0 un pliage brevet\u00e9. Avec impression flexo \u00e0 l&#8217;ext\u00e9rieur.<\/p>\n<ul>\n<li>Impression en flexo \u00e0 l&#8217;ext\u00e9rieur<\/li>\n<li>Hauteur variable<\/li>\n<li>Fond automatique<\/li>\n<\/ul>\n","protected":false},"featured_media":4431,"comment_status":"open","ping_status":"closed","template":"","meta":[],"product_cat":[231,366],"product_tag":[219,295,233,268,217,218,232],"class_list":["post-4839","product","type-product","status-publish","has-post-thumbnail","hentry","product_cat-produits-individuels-fr","product_cat-tous-les-produits-fr","product_tag-durable-fr","product_tag-emballer","product_tag-flexo-fr","product_tag-fondautomatique-fr","product_tag-fsc-fr","product_tag-hauteur-de-remplissage-variable-fr","product_tag-impression-exterieure-fr"],"acf":[],"jetpack_sharing_enabled":true,"_links":{"self":[{"href":"https:\/\/www.colompac.com\/fr\/wp-json\/wp\/v2\/product\/4839","targetHints":{"allow":["GET"]}}],"collection":[{"href":"https:\/\/www.colompac.com\/fr\/wp-json\/wp\/v2\/product"}],"about":[{"href":"https:\/\/www.colompac.com\/fr\/wp-json\/wp\/v2\/types\/product"}],"replies":[{"embeddable":true,"href":"https:\/\/www.colompac.com\/fr\/wp-json\/wp\/v2\/comments?post=4839"}],"wp:featuredmedia":[{"embeddable":true,"href":"https:\/\/www.colompac.com\/fr\/wp-json\/wp\/v2\/media\/4431"}],"wp:attachment":[{"href":"https:\/\/www.colompac.com\/fr\/wp-json\/wp\/v2\/media?parent=4839"}],"wp:term":[{"taxonomy":"product_cat","embeddable":true,"href":"https:\/\/www.colompac.com\/fr\/wp-json\/wp\/v2\/product_cat?post=4839"},{"taxonomy":"product_tag","embeddable":true,"href":"https:\/\/www.colompac.com\/fr\/wp-json\/wp\/v2\/product_tag?post=4839"}],"curies":[{"name":"wp","href":"https:\/\/api.w.org\/{rel}","templated":true}]}}