{"id":4832,"date":"2023-04-04T10:04:02","date_gmt":"2023-04-04T08:04:02","guid":{"rendered":"https:\/\/colompac.wearelions.agency\/product\/blitzbodenkarton-fuer-beauty-supplements\/"},"modified":"2025-05-21T16:38:54","modified_gmt":"2025-05-21T14:38:54","slug":"blitzbodenkarton-fuer-beauty-supplements","status":"publish","type":"product","link":"https:\/\/www.colompac.com\/fr\/produit\/blitzbodenkarton-fuer-beauty-supplements\/","title":{"rendered":"Bo\u00eetes d&#8217;exp\u00e9dition imprim\u00e9 sur les deux faces"},"content":{"rendered":"<div class=\"responsive-embed widescreen youtube\"><iframe loading=\"lazy\" title=\"ColomPac\u00ae CP 141\/CP 151 Instant bottom carton - HD 1920 x 1080\" width=\"1170\" height=\"658\" src=\"https:\/\/www.youtube.com\/embed\/KqHqmgBITc4?feature=oembed&#038;showinfo=0&#038;rel=0&#038;modestbranding=1\" frameborder=\"0\" allow=\"accelerometer; autoplay; clipboard-write; encrypted-media; gyroscope; picture-in-picture; web-share\" referrerpolicy=\"strict-origin-when-cross-origin\" allowfullscreen><\/iframe><\/div>\n","protected":false},"excerpt":{"rendered":"<p>Bo\u00eetes d&#8217;exp\u00e9dition pour les compl\u00e9ments alimentaires de beaut\u00e9. Impression flexographique \u00e0 l&#8217;ext\u00e9rieur, impression offset \u00e0 l&#8217;int\u00e9rieur. Montage rapide gr\u00e2ce au fond automatique.<\/p>\n<ul>\n<li>Impression en flexo \u00e0 l&#8217;ext\u00e9rieur<\/li>\n<li>Impression offset int\u00e9rieure<\/li>\n<li>Fond automatique<\/li>\n<\/ul>\n","protected":false},"featured_media":18450,"comment_status":"open","ping_status":"closed","template":"","meta":[],"product_cat":[231,366],"product_tag":[295,233,268,217,232,289,286],"class_list":["post-4832","product","type-product","status-publish","has-post-thumbnail","hentry","product_cat-produits-individuels-fr","product_cat-tous-les-produits-fr","product_tag-emballer","product_tag-flexo-fr","product_tag-fondautomatique-fr","product_tag-fsc-fr","product_tag-impression-exterieure-fr","product_tag-impression-interne","product_tag-offset-fr"],"acf":[],"jetpack_sharing_enabled":true,"_links":{"self":[{"href":"https:\/\/www.colompac.com\/fr\/wp-json\/wp\/v2\/product\/4832","targetHints":{"allow":["GET"]}}],"collection":[{"href":"https:\/\/www.colompac.com\/fr\/wp-json\/wp\/v2\/product"}],"about":[{"href":"https:\/\/www.colompac.com\/fr\/wp-json\/wp\/v2\/types\/product"}],"replies":[{"embeddable":true,"href":"https:\/\/www.colompac.com\/fr\/wp-json\/wp\/v2\/comments?post=4832"}],"wp:featuredmedia":[{"embeddable":true,"href":"https:\/\/www.colompac.com\/fr\/wp-json\/wp\/v2\/media\/18450"}],"wp:attachment":[{"href":"https:\/\/www.colompac.com\/fr\/wp-json\/wp\/v2\/media?parent=4832"}],"wp:term":[{"taxonomy":"product_cat","embeddable":true,"href":"https:\/\/www.colompac.com\/fr\/wp-json\/wp\/v2\/product_cat?post=4832"},{"taxonomy":"product_tag","embeddable":true,"href":"https:\/\/www.colompac.com\/fr\/wp-json\/wp\/v2\/product_tag?post=4832"}],"curies":[{"name":"wp","href":"https:\/\/api.w.org\/{rel}","templated":true}]}}