{"id":4822,"date":"2023-04-04T10:11:36","date_gmt":"2023-04-04T08:11:36","guid":{"rendered":"https:\/\/colompac.wearelions.agency\/product\/wickelverpackung-fuer-den-katalogversand\/"},"modified":"2025-05-21T16:39:25","modified_gmt":"2025-05-21T14:39:25","slug":"wickelverpackung-fuer-den-katalogversand","status":"publish","type":"product","link":"https:\/\/www.colompac.com\/fr\/produit\/wickelverpackung-fuer-den-katalogversand\/","title":{"rendered":"Emballage enveloppant pour l&#8217;envoi de catalogues"},"content":{"rendered":"<div class=\"responsive-embed widescreen youtube\"><iframe loading=\"lazy\" title=\"ColomPac\u00ae CP 035 The strong mailers \u2013 HD 1920 x 1080\" width=\"1170\" height=\"658\" src=\"https:\/\/www.youtube.com\/embed\/GOgwQmk1jlY?feature=oembed&#038;showinfo=0&#038;rel=0&#038;modestbranding=1\" frameborder=\"0\" allow=\"accelerometer; autoplay; clipboard-write; encrypted-media; gyroscope; picture-in-picture; web-share\" referrerpolicy=\"strict-origin-when-cross-origin\" allowfullscreen><\/iframe><\/div>\n","protected":false},"excerpt":{"rendered":"<p>Emballage enveloppant pour l&#8217;envoi de catalogues contrecoll\u00e9 avec impression offset. Manipulation ais\u00e9e grace au remplissage central. Exp\u00e9dition s\u00fbre gr\u00e2ce \u00e0 la protection des bords sur tout le pourtour.<\/p>\n<ul>\n<li>Impression offset \u00e0 l&#8217;ext\u00e9rieur<\/li>\n<li>Remplissage central<\/li>\n<li>Protection des bords sur tout le pourtour<\/li>\n<\/ul>\n","protected":false},"featured_media":4459,"comment_status":"open","ping_status":"closed","template":"","meta":[],"product_cat":[231,366],"product_tag":[234,219,298,217,218,232,286,244],"class_list":["post-4822","product","type-product","status-publish","has-post-thumbnail","hentry","product_cat-produits-individuels-fr","product_cat-tous-les-produits-fr","product_tag-affranchissement-optimise-fr","product_tag-durable-fr","product_tag-emballage-flexible-et-enrobant-fr","product_tag-fsc-fr","product_tag-hauteur-de-remplissage-variable-fr","product_tag-impression-exterieure-fr","product_tag-offset-fr","product_tag-protecteur_de_bord_complet-fr"],"acf":[],"jetpack_sharing_enabled":true,"_links":{"self":[{"href":"https:\/\/www.colompac.com\/fr\/wp-json\/wp\/v2\/product\/4822","targetHints":{"allow":["GET"]}}],"collection":[{"href":"https:\/\/www.colompac.com\/fr\/wp-json\/wp\/v2\/product"}],"about":[{"href":"https:\/\/www.colompac.com\/fr\/wp-json\/wp\/v2\/types\/product"}],"replies":[{"embeddable":true,"href":"https:\/\/www.colompac.com\/fr\/wp-json\/wp\/v2\/comments?post=4822"}],"wp:featuredmedia":[{"embeddable":true,"href":"https:\/\/www.colompac.com\/fr\/wp-json\/wp\/v2\/media\/4459"}],"wp:attachment":[{"href":"https:\/\/www.colompac.com\/fr\/wp-json\/wp\/v2\/media?parent=4822"}],"wp:term":[{"taxonomy":"product_cat","embeddable":true,"href":"https:\/\/www.colompac.com\/fr\/wp-json\/wp\/v2\/product_cat?post=4822"},{"taxonomy":"product_tag","embeddable":true,"href":"https:\/\/www.colompac.com\/fr\/wp-json\/wp\/v2\/product_tag?post=4822"}],"curies":[{"name":"wp","href":"https:\/\/api.w.org\/{rel}","templated":true}]}}