{"id":4821,"date":"2023-04-04T10:13:10","date_gmt":"2023-04-04T08:13:10","guid":{"rendered":"https:\/\/colompac.wearelions.agency\/product\/wickelverpackung-mit-adressfenster\/"},"modified":"2025-05-21T16:39:33","modified_gmt":"2025-05-21T14:39:33","slug":"wickelverpackung-mit-adressfenster","status":"publish","type":"product","link":"https:\/\/www.colompac.com\/fr\/produit\/wickelverpackung-mit-adressfenster\/","title":{"rendered":"Envoi du catalogue dans un emballage de livre imprim\u00e9"},"content":{"rendered":"<div class=\"responsive-embed widescreen youtube\"><iframe loading=\"lazy\" title=\"ColomPac\u00ae CP 035 The strong mailers \u2013 HD 1920 x 1080\" width=\"1170\" height=\"658\" src=\"https:\/\/www.youtube.com\/embed\/GOgwQmk1jlY?feature=oembed&#038;showinfo=0&#038;rel=0&#038;modestbranding=1\" frameborder=\"0\" allow=\"accelerometer; autoplay; clipboard-write; encrypted-media; gyroscope; picture-in-picture; web-share\" referrerpolicy=\"strict-origin-when-cross-origin\" allowfullscreen><\/iframe><\/div>\n","protected":false},"excerpt":{"rendered":"<p>Emballage enveloppant pour l&#8217;envoi de catalogues avec fen\u00eatre d&#8217;adresse. Remplissage central rapide. Une fermeture autocollante suppl\u00e9mentaire emp\u00eache le retrait lat\u00e9ral.<\/p>\n<ul>\n<li>Impression offset \u00e0 l&#8217;ext\u00e9rieur<\/li>\n<li>Remplissage central<\/li>\n<li>Fen\u00eatre d&#8217;adresse<\/li>\n<li>Protection des bords sur tout le pourtour<\/li>\n<\/ul>\n","protected":false},"featured_media":4463,"comment_status":"open","ping_status":"closed","template":"","meta":[],"product_cat":[231,366],"product_tag":[234,298,218,232,286,244],"class_list":["post-4821","product","type-product","status-publish","has-post-thumbnail","hentry","product_cat-produits-individuels-fr","product_cat-tous-les-produits-fr","product_tag-affranchissement-optimise-fr","product_tag-emballage-flexible-et-enrobant-fr","product_tag-hauteur-de-remplissage-variable-fr","product_tag-impression-exterieure-fr","product_tag-offset-fr","product_tag-protecteur_de_bord_complet-fr"],"acf":[],"jetpack_sharing_enabled":true,"_links":{"self":[{"href":"https:\/\/www.colompac.com\/fr\/wp-json\/wp\/v2\/product\/4821","targetHints":{"allow":["GET"]}}],"collection":[{"href":"https:\/\/www.colompac.com\/fr\/wp-json\/wp\/v2\/product"}],"about":[{"href":"https:\/\/www.colompac.com\/fr\/wp-json\/wp\/v2\/types\/product"}],"replies":[{"embeddable":true,"href":"https:\/\/www.colompac.com\/fr\/wp-json\/wp\/v2\/comments?post=4821"}],"wp:featuredmedia":[{"embeddable":true,"href":"https:\/\/www.colompac.com\/fr\/wp-json\/wp\/v2\/media\/4463"}],"wp:attachment":[{"href":"https:\/\/www.colompac.com\/fr\/wp-json\/wp\/v2\/media?parent=4821"}],"wp:term":[{"taxonomy":"product_cat","embeddable":true,"href":"https:\/\/www.colompac.com\/fr\/wp-json\/wp\/v2\/product_cat?post=4821"},{"taxonomy":"product_tag","embeddable":true,"href":"https:\/\/www.colompac.com\/fr\/wp-json\/wp\/v2\/product_tag?post=4821"}],"curies":[{"name":"wp","href":"https:\/\/api.w.org\/{rel}","templated":true}]}}