{"id":2993,"date":"2023-04-04T10:19:22","date_gmt":"2023-04-04T08:19:22","guid":{"rendered":"https:\/\/colompac.wearelions.agency\/product\/versandtasche-fuer-schmuck-und-uhren\/"},"modified":"2025-05-21T16:39:59","modified_gmt":"2025-05-21T14:39:59","slug":"versandtasche-fuer-schmuck-und-uhren","status":"publish","type":"product","link":"https:\/\/www.colompac.com\/fr\/produit\/versandtasche-fuer-schmuck-und-uhren\/","title":{"rendered":"Pochette d\u2019exp\u00e9dition pour montres"},"content":{"rendered":"<div class=\"responsive-embed widescreen youtube\"><iframe loading=\"lazy\" title=\"ColomPac\u00ae CP 010 Rigid Pocket in corrugated cardboard - HD 1920 x 1080\" width=\"1170\" height=\"658\" src=\"https:\/\/www.youtube.com\/embed\/chrkHy13h80?feature=oembed&#038;showinfo=0&#038;rel=0&#038;modestbranding=1\" frameborder=\"0\" allow=\"accelerometer; autoplay; clipboard-write; encrypted-media; gyroscope; picture-in-picture; web-share\" referrerpolicy=\"strict-origin-when-cross-origin\" allowfullscreen><\/iframe><\/div>\n","protected":false},"excerpt":{"rendered":"<p>Pochette d\u2019exp\u00e9dition pour montres. Impression flexo \u00e0 l&#8217;ext\u00e9rieur. Hauteur de remplissage variable.<\/p>\n<ul>\n<li>Impression en flexo \u00e0 l&#8217;ext\u00e9rieur<\/li>\n<li>Hauteur variable<\/li>\n<\/ul>\n","protected":false},"featured_media":4471,"comment_status":"open","ping_status":"closed","template":"","meta":[],"product_cat":[231,366],"product_tag":[234,233,218,232,235],"class_list":["post-2993","product","type-product","status-publish","has-post-thumbnail","hentry","product_cat-produits-individuels-fr","product_cat-tous-les-produits-fr","product_tag-affranchissement-optimise-fr","product_tag-flexo-fr","product_tag-hauteur-de-remplissage-variable-fr","product_tag-impression-exterieure-fr","product_tag-pochette_expedition-fr"],"acf":[],"jetpack_sharing_enabled":true,"_links":{"self":[{"href":"https:\/\/www.colompac.com\/fr\/wp-json\/wp\/v2\/product\/2993","targetHints":{"allow":["GET"]}}],"collection":[{"href":"https:\/\/www.colompac.com\/fr\/wp-json\/wp\/v2\/product"}],"about":[{"href":"https:\/\/www.colompac.com\/fr\/wp-json\/wp\/v2\/types\/product"}],"replies":[{"embeddable":true,"href":"https:\/\/www.colompac.com\/fr\/wp-json\/wp\/v2\/comments?post=2993"}],"wp:featuredmedia":[{"embeddable":true,"href":"https:\/\/www.colompac.com\/fr\/wp-json\/wp\/v2\/media\/4471"}],"wp:attachment":[{"href":"https:\/\/www.colompac.com\/fr\/wp-json\/wp\/v2\/media?parent=2993"}],"wp:term":[{"taxonomy":"product_cat","embeddable":true,"href":"https:\/\/www.colompac.com\/fr\/wp-json\/wp\/v2\/product_cat?post=2993"},{"taxonomy":"product_tag","embeddable":true,"href":"https:\/\/www.colompac.com\/fr\/wp-json\/wp\/v2\/product_tag?post=2993"}],"curies":[{"name":"wp","href":"https:\/\/api.w.org\/{rel}","templated":true}]}}