{"id":17229,"date":"2024-10-09T09:00:08","date_gmt":"2024-10-09T07:00:08","guid":{"rendered":"https:\/\/www.colompac.com\/?post_type=product&#038;p=17229"},"modified":"2024-10-10T08:14:51","modified_gmt":"2024-10-10T06:14:51","slug":"cp-151-328","status":"publish","type":"product","link":"https:\/\/www.colompac.com\/fr\/produit\/cp-151-328\/","title":{"rendered":"CP 151.328"},"content":{"rendered":"<div id='gallery-1' class='gallery galleryid-17229 gallery-columns-4 gallery-size-full'><figure class='gallery-item'>\n\t\t\t<div class='gallery-icon landscape'>\n\t\t\t\t<a href='https:\/\/www.colompac.com\/fr\/?attachment_id=17183'><img loading=\"lazy\" decoding=\"async\" width=\"500\" height=\"500\" src=\"https:\/\/www.colompac.com\/wp-content\/uploads\/2024\/10\/Detail_CP151_328_Hoehe.webp\" class=\"attachment-full size-full\" alt=\"Offener Karton mit hellblauem Hemd; auf der unteren Lasche ein rotes Etikett  mit rotem ColomPac\u00ae-Selbstklebeverschluss.\" aria-describedby=\"gallery-1-17183\" srcset=\"https:\/\/www.colompac.com\/wp-content\/uploads\/2024\/10\/Detail_CP151_328_Hoehe.webp 500w, https:\/\/www.colompac.com\/wp-content\/uploads\/2024\/10\/Detail_CP151_328_Hoehe-300x300.webp 300w, https:\/\/www.colompac.com\/wp-content\/uploads\/2024\/10\/Detail_CP151_328_Hoehe-150x150.webp 150w, https:\/\/www.colompac.com\/wp-content\/uploads\/2024\/10\/Detail_CP151_328_Hoehe-200x200.webp 200w, https:\/\/www.colompac.com\/wp-content\/uploads\/2024\/10\/Detail_CP151_328_Hoehe-100x100.webp 100w, https:\/\/www.colompac.com\/wp-content\/uploads\/2024\/10\/Detail_CP151_328_Hoehe-380x380.webp 380w, https:\/\/www.colompac.com\/wp-content\/uploads\/2024\/10\/Detail_CP151_328_Hoehe-20x20.webp 20w, https:\/\/www.colompac.com\/wp-content\/uploads\/2024\/10\/Detail_CP151_328_Hoehe-190x190.webp 190w\" sizes=\"auto, (max-width: 500px) 100vw, 500px\" \/><\/a>\n\t\t\t<\/div>\n\t\t\t\t<figcaption class='wp-caption-text gallery-caption' id='gallery-1-17183'>\n\t\t\t\tHauteur de remplissage = 64 mm\n\t\t\t\t<\/figcaption><\/figure><figure class='gallery-item'>\n\t\t\t<div class='gallery-icon landscape'>\n\t\t\t\t<a href='https:\/\/www.colompac.com\/fr\/?attachment_id=14996'><img loading=\"lazy\" decoding=\"async\" width=\"500\" height=\"500\" src=\"https:\/\/www.colompac.com\/wp-content\/uploads\/2023\/07\/Detail_CP020_SK_V2.webp\" class=\"attachment-full size-full\" alt=\"Nahaufnahme eines Kartons mit roten ColomPac\u00ae-Selbstklebeverschluss, teilweise schon abgezogen.\" aria-describedby=\"gallery-1-14996\" srcset=\"https:\/\/www.colompac.com\/wp-content\/uploads\/2023\/07\/Detail_CP020_SK_V2.webp 500w, https:\/\/www.colompac.com\/wp-content\/uploads\/2023\/07\/Detail_CP020_SK_V2-300x300.webp 300w, https:\/\/www.colompac.com\/wp-content\/uploads\/2023\/07\/Detail_CP020_SK_V2-100x100.webp 100w, https:\/\/www.colompac.com\/wp-content\/uploads\/2023\/07\/Detail_CP020_SK_V2-150x150.webp 150w, https:\/\/www.colompac.com\/wp-content\/uploads\/2023\/07\/Detail_CP020_SK_V2-200x200.webp 200w, https:\/\/www.colompac.com\/wp-content\/uploads\/2023\/07\/Detail_CP020_SK_V2-380x380.webp 380w, https:\/\/www.colompac.com\/wp-content\/uploads\/2023\/07\/Detail_CP020_SK_V2-20x20.webp 20w, https:\/\/www.colompac.com\/wp-content\/uploads\/2023\/07\/Detail_CP020_SK_V2-190x190.webp 190w\" sizes=\"auto, (max-width: 500px) 100vw, 500px\" \/><\/a>\n\t\t\t<\/div>\n\t\t\t\t<figcaption class='wp-caption-text gallery-caption' id='gallery-1-14996'>\n\t\t\t\tColomPac\u00ae fermeture autocollante\n\t\t\t\t<\/figcaption><\/figure><figure class='gallery-item'>\n\t\t\t<div class='gallery-icon landscape'>\n\t\t\t\t<a href='https:\/\/www.colompac.com\/fr\/?attachment_id=14864'><img loading=\"lazy\" decoding=\"async\" width=\"500\" height=\"500\" src=\"https:\/\/www.colompac.com\/wp-content\/uploads\/2023\/07\/Detail_CP151_Boden_V2.webp\" class=\"attachment-full size-full\" alt=\"Ge\u00f6ffneter Karton mit einem zus\u00e4tzlichen Kartonfl\u00e4che im Inneren am Boden.\" aria-describedby=\"gallery-1-14864\" srcset=\"https:\/\/www.colompac.com\/wp-content\/uploads\/2023\/07\/Detail_CP151_Boden_V2.webp 500w, https:\/\/www.colompac.com\/wp-content\/uploads\/2023\/07\/Detail_CP151_Boden_V2-300x300.webp 300w, https:\/\/www.colompac.com\/wp-content\/uploads\/2023\/07\/Detail_CP151_Boden_V2-100x100.webp 100w, https:\/\/www.colompac.com\/wp-content\/uploads\/2023\/07\/Detail_CP151_Boden_V2-150x150.webp 150w, https:\/\/www.colompac.com\/wp-content\/uploads\/2023\/07\/Detail_CP151_Boden_V2-200x200.webp 200w, https:\/\/www.colompac.com\/wp-content\/uploads\/2023\/07\/Detail_CP151_Boden_V2-380x380.webp 380w, https:\/\/www.colompac.com\/wp-content\/uploads\/2023\/07\/Detail_CP151_Boden_V2-20x20.webp 20w, https:\/\/www.colompac.com\/wp-content\/uploads\/2023\/07\/Detail_CP151_Boden_V2-190x190.webp 190w\" sizes=\"auto, (max-width: 500px) 100vw, 500px\" \/><\/a>\n\t\t\t<\/div>\n\t\t\t\t<figcaption class='wp-caption-text gallery-caption' id='gallery-1-14864'>\n\t\t\t\tPliage rapide gr\u00e2ce au fond automatique \u00e0 recouvrement complet\n\t\t\t\t<\/figcaption><\/figure><figure class='gallery-item'>\n\t\t\t<div class='gallery-icon landscape'>\n\t\t\t\t<a href='https:\/\/www.colompac.com\/fr\/?attachment_id=14872'><img loading=\"lazy\" decoding=\"async\" width=\"500\" height=\"500\" src=\"https:\/\/www.colompac.com\/wp-content\/uploads\/2023\/07\/Detail_Anja_Blitzboden_v2.webp\" class=\"attachment-full size-full\" alt=\"Zwei H\u00e4nde halten einen teilweise gefalteten Karton, der gerade aufgebaut wird; einige Laschen am Boden sind offen, andere bereits geschlossen.\" aria-describedby=\"gallery-1-14872\" srcset=\"https:\/\/www.colompac.com\/wp-content\/uploads\/2023\/07\/Detail_Anja_Blitzboden_v2.webp 500w, https:\/\/www.colompac.com\/wp-content\/uploads\/2023\/07\/Detail_Anja_Blitzboden_v2-300x300.webp 300w, https:\/\/www.colompac.com\/wp-content\/uploads\/2023\/07\/Detail_Anja_Blitzboden_v2-100x100.webp 100w, https:\/\/www.colompac.com\/wp-content\/uploads\/2023\/07\/Detail_Anja_Blitzboden_v2-150x150.webp 150w, https:\/\/www.colompac.com\/wp-content\/uploads\/2023\/07\/Detail_Anja_Blitzboden_v2-200x200.webp 200w, https:\/\/www.colompac.com\/wp-content\/uploads\/2023\/07\/Detail_Anja_Blitzboden_v2-380x380.webp 380w, https:\/\/www.colompac.com\/wp-content\/uploads\/2023\/07\/Detail_Anja_Blitzboden_v2-20x20.webp 20w, https:\/\/www.colompac.com\/wp-content\/uploads\/2023\/07\/Detail_Anja_Blitzboden_v2-190x190.webp 190w\" sizes=\"auto, (max-width: 500px) 100vw, 500px\" \/><\/a>\n\t\t\t<\/div>\n\t\t\t\t<figcaption class='wp-caption-text gallery-caption' id='gallery-1-14872'>\n\t\t\t\tManipulation facile\n\t\t\t\t<\/figcaption><\/figure>\n\t\t<\/div>\n\n","protected":false},"excerpt":{"rendered":"<h1><strong>Carton \u00e0 fond automatique<\/strong><\/h1>\n<h2>Dimensions ext\u00e9rieures max. 353 x 250 x 80 mm &#8211; petit colis DHL<\/h2>\n<ul>\n<li>Adapt\u00e9 aux dimensions des petits colis DHL avec une hauteur de remplissage de 64 mm<\/li>\n<li>Montage rapide gr\u00e2ce au fond automatique<\/li>\n<li>S\u00fbret\u00e9 et stabilit\u00e9 gr\u00e2ce au fond double \u00e0 recouvrement complet<\/li>\n<li>La fermeture autocollante et sure de <strong>ColomPac\u00ae<\/strong> \u00e9conomise du temps et ne n\u00e9cessite aucun autre moyen de fermeture<\/li>\n<\/ul>\n","protected":false},"featured_media":17437,"comment_status":"open","ping_status":"closed","template":"","meta":[],"product_cat":[416],"product_tag":[370,219,268,220,420],"class_list":["post-17229","product","type-product","status-publish","has-post-thumbnail","hentry","product_cat-petit-colis-dhl","product_tag-bundel-fr","product_tag-durable-fr","product_tag-fondautomatique-fr","product_tag-pap-20-fr","product_tag-portoptimiert-fr"],"acf":[],"jetpack_sharing_enabled":true,"_links":{"self":[{"href":"https:\/\/www.colompac.com\/fr\/wp-json\/wp\/v2\/product\/17229","targetHints":{"allow":["GET"]}}],"collection":[{"href":"https:\/\/www.colompac.com\/fr\/wp-json\/wp\/v2\/product"}],"about":[{"href":"https:\/\/www.colompac.com\/fr\/wp-json\/wp\/v2\/types\/product"}],"replies":[{"embeddable":true,"href":"https:\/\/www.colompac.com\/fr\/wp-json\/wp\/v2\/comments?post=17229"}],"wp:featuredmedia":[{"embeddable":true,"href":"https:\/\/www.colompac.com\/fr\/wp-json\/wp\/v2\/media\/17437"}],"wp:attachment":[{"href":"https:\/\/www.colompac.com\/fr\/wp-json\/wp\/v2\/media?parent=17229"}],"wp:term":[{"taxonomy":"product_cat","embeddable":true,"href":"https:\/\/www.colompac.com\/fr\/wp-json\/wp\/v2\/product_cat?post=17229"},{"taxonomy":"product_tag","embeddable":true,"href":"https:\/\/www.colompac.com\/fr\/wp-json\/wp\/v2\/product_tag?post=17229"}],"curies":[{"name":"wp","href":"https:\/\/api.w.org\/{rel}","templated":true}]}}