{"id":17200,"date":"2024-10-09T08:00:56","date_gmt":"2024-10-09T06:00:56","guid":{"rendered":"https:\/\/www.colompac.com\/?post_type=product&#038;p=17200"},"modified":"2024-11-21T08:01:29","modified_gmt":"2024-11-21T07:01:29","slug":"cp-010-84","status":"publish","type":"product","link":"https:\/\/www.colompac.com\/fr\/produit\/cp-010-84\/","title":{"rendered":"CP 010.84"},"content":{"rendered":"<div id='gallery-1' class='gallery galleryid-17200 gallery-columns-4 gallery-size-full'><figure class='gallery-item'>\n\t\t\t<div class='gallery-icon landscape'>\n\t\t\t\t<a href='https:\/\/www.colompac.com\/fr\/?attachment_id=17143'><img loading=\"lazy\" decoding=\"async\" width=\"500\" height=\"500\" src=\"https:\/\/www.colompac.com\/wp-content\/uploads\/2024\/10\/Detail_CP010_84_Hoehe.webp\" class=\"attachment-full size-full\" alt=\"Rotes Buch, in brauner ge\u00f6ffneten Versandtasche. Teilweise abgezogner roter ColomPac\u00ae-Selbstklebeverschluss sichtbar.\" aria-describedby=\"gallery-1-17143\" srcset=\"https:\/\/www.colompac.com\/wp-content\/uploads\/2024\/10\/Detail_CP010_84_Hoehe.webp 500w, https:\/\/www.colompac.com\/wp-content\/uploads\/2024\/10\/Detail_CP010_84_Hoehe-300x300.webp 300w, https:\/\/www.colompac.com\/wp-content\/uploads\/2024\/10\/Detail_CP010_84_Hoehe-150x150.webp 150w, https:\/\/www.colompac.com\/wp-content\/uploads\/2024\/10\/Detail_CP010_84_Hoehe-200x200.webp 200w, https:\/\/www.colompac.com\/wp-content\/uploads\/2024\/10\/Detail_CP010_84_Hoehe-100x100.webp 100w, https:\/\/www.colompac.com\/wp-content\/uploads\/2024\/10\/Detail_CP010_84_Hoehe-380x380.webp 380w, https:\/\/www.colompac.com\/wp-content\/uploads\/2024\/10\/Detail_CP010_84_Hoehe-20x20.webp 20w, https:\/\/www.colompac.com\/wp-content\/uploads\/2024\/10\/Detail_CP010_84_Hoehe-190x190.webp 190w\" sizes=\"auto, (max-width: 500px) 100vw, 500px\" \/><\/a>\n\t\t\t<\/div>\n\t\t\t\t<figcaption class='wp-caption-text gallery-caption' id='gallery-1-17143'>\n\t\t\t\tHauteur de remplissage variable jusqu\u2019\u00e0 72 mm\n\t\t\t\t<\/figcaption><\/figure><figure class='gallery-item'>\n\t\t\t<div class='gallery-icon landscape'>\n\t\t\t\t<a href='https:\/\/www.colompac.com\/fr\/?attachment_id=15064'><img loading=\"lazy\" decoding=\"async\" width=\"500\" height=\"500\" src=\"https:\/\/www.colompac.com\/wp-content\/uploads\/2023\/07\/Detail_CP010_SK_v2.webp\" class=\"attachment-full size-full\" alt=\"Nahaufnahme eines Kartonpakets mit teilweise abgezogenen roten ColomPac\u00ae-Selbstklebeverschluss.\" aria-describedby=\"gallery-1-15064\" srcset=\"https:\/\/www.colompac.com\/wp-content\/uploads\/2023\/07\/Detail_CP010_SK_v2.webp 500w, https:\/\/www.colompac.com\/wp-content\/uploads\/2023\/07\/Detail_CP010_SK_v2-300x300.webp 300w, https:\/\/www.colompac.com\/wp-content\/uploads\/2023\/07\/Detail_CP010_SK_v2-100x100.webp 100w, https:\/\/www.colompac.com\/wp-content\/uploads\/2023\/07\/Detail_CP010_SK_v2-150x150.webp 150w, https:\/\/www.colompac.com\/wp-content\/uploads\/2023\/07\/Detail_CP010_SK_v2-200x200.webp 200w, https:\/\/www.colompac.com\/wp-content\/uploads\/2023\/07\/Detail_CP010_SK_v2-380x380.webp 380w, https:\/\/www.colompac.com\/wp-content\/uploads\/2023\/07\/Detail_CP010_SK_v2-20x20.webp 20w, https:\/\/www.colompac.com\/wp-content\/uploads\/2023\/07\/Detail_CP010_SK_v2-190x190.webp 190w\" sizes=\"auto, (max-width: 500px) 100vw, 500px\" \/><\/a>\n\t\t\t<\/div>\n\t\t\t\t<figcaption class='wp-caption-text gallery-caption' id='gallery-1-15064'>\n\t\t\t\tColomPac\u00ae fermeture autocollante\n\t\t\t\t<\/figcaption><\/figure><figure class='gallery-item'>\n\t\t\t<div class='gallery-icon landscape'>\n\t\t\t\t<a href='https:\/\/www.colompac.com\/fr\/?attachment_id=15056'><img loading=\"lazy\" decoding=\"async\" width=\"500\" height=\"500\" src=\"https:\/\/www.colompac.com\/wp-content\/uploads\/2023\/07\/Detail_CP010_AF_v2.webp\" class=\"attachment-full size-full\" alt=\"Nahaufnahme eines Kartons mit teilweise abgezogenem roten Aufrei\u00dffaden zum einfachen \u00d6ffnen.\" aria-describedby=\"gallery-1-15056\" srcset=\"https:\/\/www.colompac.com\/wp-content\/uploads\/2023\/07\/Detail_CP010_AF_v2.webp 500w, https:\/\/www.colompac.com\/wp-content\/uploads\/2023\/07\/Detail_CP010_AF_v2-300x300.webp 300w, https:\/\/www.colompac.com\/wp-content\/uploads\/2023\/07\/Detail_CP010_AF_v2-100x100.webp 100w, https:\/\/www.colompac.com\/wp-content\/uploads\/2023\/07\/Detail_CP010_AF_v2-150x150.webp 150w, https:\/\/www.colompac.com\/wp-content\/uploads\/2023\/07\/Detail_CP010_AF_v2-200x200.webp 200w, https:\/\/www.colompac.com\/wp-content\/uploads\/2023\/07\/Detail_CP010_AF_v2-380x380.webp 380w, https:\/\/www.colompac.com\/wp-content\/uploads\/2023\/07\/Detail_CP010_AF_v2-20x20.webp 20w, https:\/\/www.colompac.com\/wp-content\/uploads\/2023\/07\/Detail_CP010_AF_v2-190x190.webp 190w\" sizes=\"auto, (max-width: 500px) 100vw, 500px\" \/><\/a>\n\t\t\t<\/div>\n\t\t\t\t<figcaption class='wp-caption-text gallery-caption' id='gallery-1-15056'>\n\t\t\t\tOuverture facile gr\u00e2ce \u00e0 la bande d\u2019arrachage int\u00e9gr\u00e9e\n\t\t\t\t<\/figcaption><\/figure><figure class='gallery-item'>\n\t\t\t<div class='gallery-icon landscape'>\n\t\t\t\t<a href='https:\/\/www.colompac.com\/fr\/?attachment_id=2504'><img loading=\"lazy\" decoding=\"async\" width=\"500\" height=\"500\" src=\"https:\/\/www.colompac.com\/wp-content\/uploads\/2023\/03\/Detail_US_Safety.webp\" class=\"attachment-full size-full\" alt=\"Hand streicht mit Finger \u00fcber eine Kante eines Kartons mit dem Text \u201aHier \u00f6ffnen \/ open here\" aria-describedby=\"gallery-1-2504\" srcset=\"https:\/\/www.colompac.com\/wp-content\/uploads\/2023\/03\/Detail_US_Safety.webp 500w, https:\/\/www.colompac.com\/wp-content\/uploads\/2023\/03\/Detail_US_Safety-300x300.webp 300w, https:\/\/www.colompac.com\/wp-content\/uploads\/2023\/03\/Detail_US_Safety-100x100.webp 100w, https:\/\/www.colompac.com\/wp-content\/uploads\/2023\/03\/Detail_US_Safety-150x150.webp 150w, https:\/\/www.colompac.com\/wp-content\/uploads\/2023\/03\/Detail_US_Safety-200x200.webp 200w, https:\/\/www.colompac.com\/wp-content\/uploads\/2023\/03\/Detail_US_Safety-380x380.webp 380w, https:\/\/www.colompac.com\/wp-content\/uploads\/2023\/03\/Detail_US_Safety-20x20.webp 20w, https:\/\/www.colompac.com\/wp-content\/uploads\/2023\/03\/Detail_US_Safety-190x190.webp 190w\" sizes=\"auto, (max-width: 500px) 100vw, 500px\" \/><\/a>\n\t\t\t<\/div>\n\t\t\t\t<figcaption class='wp-caption-text gallery-caption' id='gallery-1-2504'>\n\t\t\t\tNorme de s\u00e9curit\u00e9 US pour \u00e9viter les blessures par coupure\n\t\t\t\t<\/figcaption><\/figure>\n\t\t<\/div>\n\n","protected":false},"excerpt":{"rendered":"<h1><strong>Pochette d\u2019exp\u00e9dition robuste <\/strong><\/h1>\n<h2>Dimensions ext\u00e9rieures max. 353 x 250 x 80 mm &#8211; petit colis DHL<\/h2>\n<ul>\n<li>Adapt\u00e9 aux dimensions des petits colis DHL avec une hauteur de remplissage variable jusqu&#8217;\u00e0 72 mm<\/li>\n<li>Flexible sans mat\u00e9riau de remplissage<\/li>\n<li>Forte protection gr\u00e2ce au carton ondul\u00e9 robuste<\/li>\n<li>La taille utile diminue avec l\u2019augmentation de la hauteur de remplissage<\/li>\n<\/ul>\n","protected":false},"featured_media":17657,"comment_status":"open","ping_status":"closed","template":"","meta":[],"product_cat":[416],"product_tag":[370,219,218,220,420],"class_list":["post-17200","product","type-product","status-publish","has-post-thumbnail","hentry","product_cat-petit-colis-dhl","product_tag-bundel-fr","product_tag-durable-fr","product_tag-hauteur-de-remplissage-variable-fr","product_tag-pap-20-fr","product_tag-portoptimiert-fr"],"acf":[],"jetpack_sharing_enabled":true,"_links":{"self":[{"href":"https:\/\/www.colompac.com\/fr\/wp-json\/wp\/v2\/product\/17200","targetHints":{"allow":["GET"]}}],"collection":[{"href":"https:\/\/www.colompac.com\/fr\/wp-json\/wp\/v2\/product"}],"about":[{"href":"https:\/\/www.colompac.com\/fr\/wp-json\/wp\/v2\/types\/product"}],"replies":[{"embeddable":true,"href":"https:\/\/www.colompac.com\/fr\/wp-json\/wp\/v2\/comments?post=17200"}],"wp:featuredmedia":[{"embeddable":true,"href":"https:\/\/www.colompac.com\/fr\/wp-json\/wp\/v2\/media\/17657"}],"wp:attachment":[{"href":"https:\/\/www.colompac.com\/fr\/wp-json\/wp\/v2\/media?parent=17200"}],"wp:term":[{"taxonomy":"product_cat","embeddable":true,"href":"https:\/\/www.colompac.com\/fr\/wp-json\/wp\/v2\/product_cat?post=17200"},{"taxonomy":"product_tag","embeddable":true,"href":"https:\/\/www.colompac.com\/fr\/wp-json\/wp\/v2\/product_tag?post=17200"}],"curies":[{"name":"wp","href":"https:\/\/api.w.org\/{rel}","templated":true}]}}