{"id":17138,"date":"2023-10-09T07:45:17","date_gmt":"2023-10-09T05:45:17","guid":{"rendered":"https:\/\/www.colompac.com\/?post_type=product&#038;p=17138"},"modified":"2025-01-22T15:33:49","modified_gmt":"2025-01-22T14:33:49","slug":"petits-colis-dhl","status":"publish","type":"product","link":"https:\/\/www.colompac.com\/fr\/produit\/petits-colis-dhl\/","title":{"rendered":"Petits colis DHL"},"content":{"rendered":"<div id='gallery-1' class='gallery galleryid-17138 gallery-columns-4 gallery-size-full'><figure class='gallery-item'>\n\t\t\t<div class='gallery-icon landscape'>\n\t\t\t\t<img loading=\"lazy\" decoding=\"async\" width=\"500\" height=\"500\" src=\"https:\/\/www.colompac.com\/wp-content\/uploads\/2024\/10\/Detail_DHL_kleinpaketmass.webp\" class=\"attachment-full size-full\" alt=\"Offener Karton mit drei Hardcover-B\u00fcchern \u2013 zwei rot, eines blau \u2013 und einem roten ColomPac\u00ae-Selbstklebeverschluss.\" aria-describedby=\"gallery-1-17116\" srcset=\"https:\/\/www.colompac.com\/wp-content\/uploads\/2024\/10\/Detail_DHL_kleinpaketmass.webp 500w, https:\/\/www.colompac.com\/wp-content\/uploads\/2024\/10\/Detail_DHL_kleinpaketmass-300x300.webp 300w, https:\/\/www.colompac.com\/wp-content\/uploads\/2024\/10\/Detail_DHL_kleinpaketmass-150x150.webp 150w, https:\/\/www.colompac.com\/wp-content\/uploads\/2024\/10\/Detail_DHL_kleinpaketmass-200x200.webp 200w, https:\/\/www.colompac.com\/wp-content\/uploads\/2024\/10\/Detail_DHL_kleinpaketmass-100x100.webp 100w, https:\/\/www.colompac.com\/wp-content\/uploads\/2024\/10\/Detail_DHL_kleinpaketmass-380x380.webp 380w, https:\/\/www.colompac.com\/wp-content\/uploads\/2024\/10\/Detail_DHL_kleinpaketmass-20x20.webp 20w, https:\/\/www.colompac.com\/wp-content\/uploads\/2024\/10\/Detail_DHL_kleinpaketmass-190x190.webp 190w\" sizes=\"auto, (max-width: 500px) 100vw, 500px\" \/>\n\t\t\t<\/div>\n\t\t\t\t<figcaption class='wp-caption-text gallery-caption' id='gallery-1-17116'>\n\t\t\t\tDimensions du petit colis DHL : 353 x 250 x 80 mm\n\t\t\t\t<\/figcaption><\/figure><figure class='gallery-item'>\n\t\t\t<div class='gallery-icon landscape'>\n\t\t\t\t<img loading=\"lazy\" decoding=\"async\" width=\"500\" height=\"500\" src=\"https:\/\/www.colompac.com\/wp-content\/uploads\/2024\/10\/Detail_Kleinpaket_einpacken.webp\" class=\"attachment-full size-full\" alt=\"Person mit rot lackierten N\u00e4geln \u00f6ffnet Karton mit dunklem Hoodie und rotem ColomPac\u00ae-Selbstklebeverschluss. Daneben steht eine kleinere, geschlossene Schachtel.\" aria-describedby=\"gallery-1-17124\" srcset=\"https:\/\/www.colompac.com\/wp-content\/uploads\/2024\/10\/Detail_Kleinpaket_einpacken.webp 500w, https:\/\/www.colompac.com\/wp-content\/uploads\/2024\/10\/Detail_Kleinpaket_einpacken-300x300.webp 300w, https:\/\/www.colompac.com\/wp-content\/uploads\/2024\/10\/Detail_Kleinpaket_einpacken-150x150.webp 150w, https:\/\/www.colompac.com\/wp-content\/uploads\/2024\/10\/Detail_Kleinpaket_einpacken-200x200.webp 200w, https:\/\/www.colompac.com\/wp-content\/uploads\/2024\/10\/Detail_Kleinpaket_einpacken-100x100.webp 100w, https:\/\/www.colompac.com\/wp-content\/uploads\/2024\/10\/Detail_Kleinpaket_einpacken-380x380.webp 380w, https:\/\/www.colompac.com\/wp-content\/uploads\/2024\/10\/Detail_Kleinpaket_einpacken-20x20.webp 20w, https:\/\/www.colompac.com\/wp-content\/uploads\/2024\/10\/Detail_Kleinpaket_einpacken-190x190.webp 190w\" sizes=\"auto, (max-width: 500px) 100vw, 500px\" \/>\n\t\t\t<\/div>\n\t\t\t\t<figcaption class='wp-caption-text gallery-caption' id='gallery-1-17124'>\n\t\t\t\t5 solutions diff\u00e9rentes\n\t\t\t\t<\/figcaption><\/figure><figure class='gallery-item'>\n\t\t\t<div class='gallery-icon landscape'>\n\t\t\t\t<img loading=\"lazy\" decoding=\"async\" width=\"500\" height=\"500\" src=\"https:\/\/www.colompac.com\/wp-content\/uploads\/2023\/07\/Detail_Anja_Blitzboden_v2.webp\" class=\"attachment-full size-full\" alt=\"Zwei H\u00e4nde halten einen teilweise gefalteten Karton, der gerade aufgebaut wird; einige Laschen am Boden sind offen, andere bereits geschlossen.\" aria-describedby=\"gallery-1-14872\" srcset=\"https:\/\/www.colompac.com\/wp-content\/uploads\/2023\/07\/Detail_Anja_Blitzboden_v2.webp 500w, https:\/\/www.colompac.com\/wp-content\/uploads\/2023\/07\/Detail_Anja_Blitzboden_v2-300x300.webp 300w, https:\/\/www.colompac.com\/wp-content\/uploads\/2023\/07\/Detail_Anja_Blitzboden_v2-100x100.webp 100w, https:\/\/www.colompac.com\/wp-content\/uploads\/2023\/07\/Detail_Anja_Blitzboden_v2-150x150.webp 150w, https:\/\/www.colompac.com\/wp-content\/uploads\/2023\/07\/Detail_Anja_Blitzboden_v2-200x200.webp 200w, https:\/\/www.colompac.com\/wp-content\/uploads\/2023\/07\/Detail_Anja_Blitzboden_v2-380x380.webp 380w, https:\/\/www.colompac.com\/wp-content\/uploads\/2023\/07\/Detail_Anja_Blitzboden_v2-20x20.webp 20w, https:\/\/www.colompac.com\/wp-content\/uploads\/2023\/07\/Detail_Anja_Blitzboden_v2-190x190.webp 190w\" sizes=\"auto, (max-width: 500px) 100vw, 500px\" \/>\n\t\t\t<\/div>\n\t\t\t\t<figcaption class='wp-caption-text gallery-caption' id='gallery-1-14872'>\n\t\t\t\tManipulation facile\n\t\t\t\t<\/figcaption><\/figure><figure class='gallery-item'>\n\t\t\t<div class='gallery-icon landscape'>\n\t\t\t\t<img loading=\"lazy\" decoding=\"async\" width=\"500\" height=\"500\" src=\"https:\/\/www.colompac.com\/wp-content\/uploads\/2024\/10\/Detail_SK_AF.webp\" class=\"attachment-full size-full\" alt=\"Zwei Nahaufnahmen eines Kartons mit rotem ColomPac\u00ae-Selbstklebeverschluss \u2013 einmal teilweise ge\u00f6ffnet, einmal beim Abziehen des Aufrei\u00dffadens.\" aria-describedby=\"gallery-1-17120\" srcset=\"https:\/\/www.colompac.com\/wp-content\/uploads\/2024\/10\/Detail_SK_AF.webp 500w, https:\/\/www.colompac.com\/wp-content\/uploads\/2024\/10\/Detail_SK_AF-300x300.webp 300w, https:\/\/www.colompac.com\/wp-content\/uploads\/2024\/10\/Detail_SK_AF-150x150.webp 150w, https:\/\/www.colompac.com\/wp-content\/uploads\/2024\/10\/Detail_SK_AF-200x200.webp 200w, https:\/\/www.colompac.com\/wp-content\/uploads\/2024\/10\/Detail_SK_AF-100x100.webp 100w, https:\/\/www.colompac.com\/wp-content\/uploads\/2024\/10\/Detail_SK_AF-380x380.webp 380w, https:\/\/www.colompac.com\/wp-content\/uploads\/2024\/10\/Detail_SK_AF-20x20.webp 20w, https:\/\/www.colompac.com\/wp-content\/uploads\/2024\/10\/Detail_SK_AF-190x190.webp 190w\" sizes=\"auto, (max-width: 500px) 100vw, 500px\" \/>\n\t\t\t<\/div>\n\t\t\t\t<figcaption class='wp-caption-text gallery-caption' id='gallery-1-17120'>\n\t\t\t\tFermeture autocollante et fil d&#8217;arrachage\n\t\t\t\t<\/figcaption><\/figure>\n\t\t<\/div>\n\n","protected":false},"excerpt":{"rendered":"<h1>Le petit colis DHL est arriv\u00e9<\/h1>\n<h5><strong>Envoyer de petites marchandises rapidement et \u00e0 moindre co\u00fbt ! Depuis le 1er janvier 2025, DHL propose le nouveau petit colis pour les exp\u00e9diteurs fr\u00e9quents. ColomPac\u00ae dispose d\u00e9j\u00e0 des emballages aux dimensions ad\u00e9quates.<\/strong><\/h5>\n<p>Principal changement : une hauteur de 80 mm au lieu de 50 mm. De nouvelles possibilit\u00e9s s&#8217;ouvrent ainsi et, avec les 5 nouvelles solutions <strong>ColomPac\u00ae<\/strong>, nous avons \u00e9galement les bons emballages pour cela.<\/p>\n","protected":false},"featured_media":17661,"comment_status":"open","ping_status":"closed","template":"","meta":[],"product_cat":[416],"product_tag":[219,220,420],"class_list":["post-17138","product","type-product","status-publish","has-post-thumbnail","hentry","product_cat-petit-colis-dhl","product_tag-durable-fr","product_tag-pap-20-fr","product_tag-portoptimiert-fr"],"acf":[],"jetpack_sharing_enabled":true,"_links":{"self":[{"href":"https:\/\/www.colompac.com\/fr\/wp-json\/wp\/v2\/product\/17138","targetHints":{"allow":["GET"]}}],"collection":[{"href":"https:\/\/www.colompac.com\/fr\/wp-json\/wp\/v2\/product"}],"about":[{"href":"https:\/\/www.colompac.com\/fr\/wp-json\/wp\/v2\/types\/product"}],"replies":[{"embeddable":true,"href":"https:\/\/www.colompac.com\/fr\/wp-json\/wp\/v2\/comments?post=17138"}],"wp:featuredmedia":[{"embeddable":true,"href":"https:\/\/www.colompac.com\/fr\/wp-json\/wp\/v2\/media\/17661"}],"wp:attachment":[{"href":"https:\/\/www.colompac.com\/fr\/wp-json\/wp\/v2\/media?parent=17138"}],"wp:term":[{"taxonomy":"product_cat","embeddable":true,"href":"https:\/\/www.colompac.com\/fr\/wp-json\/wp\/v2\/product_cat?post=17138"},{"taxonomy":"product_tag","embeddable":true,"href":"https:\/\/www.colompac.com\/fr\/wp-json\/wp\/v2\/product_tag?post=17138"}],"curies":[{"name":"wp","href":"https:\/\/api.w.org\/{rel}","templated":true}]}}