{"id":16967,"date":"2024-06-11T11:42:00","date_gmt":"2024-06-11T09:42:00","guid":{"rendered":"https:\/\/www.colompac.com\/?post_type=product&#038;p=16967"},"modified":"2025-03-13T10:59:41","modified_gmt":"2025-03-13T09:59:41","slug":"cp-159-563731","status":"publish","type":"product","link":"https:\/\/www.colompac.com\/fr\/produit\/cp-159-563731\/","title":{"rendered":"CP 159.563731 (550 x 365 x 310 mm)"},"content":{"rendered":"<div id='gallery-1' class='gallery galleryid-16967 gallery-columns-4 gallery-size-full'><figure class='gallery-item'>\n\t\t\t<div class='gallery-icon landscape'>\n\t\t\t\t<img loading=\"lazy\" decoding=\"async\" width=\"500\" height=\"500\" src=\"https:\/\/www.colompac.com\/wp-content\/uploads\/2024\/05\/Detail_159_Boden_SK_2.webp\" class=\"attachment-full size-full\" alt=\"Person faltet Karton und klebt roten ColomPac\u00ae-Selbstklebeverschluss auf die Klappen.\" aria-describedby=\"gallery-1-16532\" srcset=\"https:\/\/www.colompac.com\/wp-content\/uploads\/2024\/05\/Detail_159_Boden_SK_2.webp 500w, https:\/\/www.colompac.com\/wp-content\/uploads\/2024\/05\/Detail_159_Boden_SK_2-300x300.webp 300w, https:\/\/www.colompac.com\/wp-content\/uploads\/2024\/05\/Detail_159_Boden_SK_2-150x150.webp 150w, https:\/\/www.colompac.com\/wp-content\/uploads\/2024\/05\/Detail_159_Boden_SK_2-200x200.webp 200w, https:\/\/www.colompac.com\/wp-content\/uploads\/2024\/05\/Detail_159_Boden_SK_2-100x100.webp 100w, https:\/\/www.colompac.com\/wp-content\/uploads\/2024\/05\/Detail_159_Boden_SK_2-380x380.webp 380w, https:\/\/www.colompac.com\/wp-content\/uploads\/2024\/05\/Detail_159_Boden_SK_2-20x20.webp 20w, https:\/\/www.colompac.com\/wp-content\/uploads\/2024\/05\/Detail_159_Boden_SK_2-190x190.webp 190w\" sizes=\"auto, (max-width: 500px) 100vw, 500px\" \/>\n\t\t\t<\/div>\n\t\t\t\t<figcaption class='wp-caption-text gallery-caption' id='gallery-1-16532'>\n\t\t\t\tFond s\u00e9curis\u00e9 par une fermeture autocollante\n\t\t\t\t<\/figcaption><\/figure><figure class='gallery-item'>\n\t\t\t<div class='gallery-icon landscape'>\n\t\t\t\t<img loading=\"lazy\" decoding=\"async\" width=\"500\" height=\"500\" src=\"https:\/\/www.colompac.com\/wp-content\/uploads\/2024\/02\/Detail_159_Bodenkonstruktion.webp\" class=\"attachment-full size-full\" alt=\"Hand dr\u00fcckt mit Faust auf geschlossene Kartonoberseite.\" aria-describedby=\"gallery-1-16351\" srcset=\"https:\/\/www.colompac.com\/wp-content\/uploads\/2024\/02\/Detail_159_Bodenkonstruktion.webp 500w, https:\/\/www.colompac.com\/wp-content\/uploads\/2024\/02\/Detail_159_Bodenkonstruktion-300x300.webp 300w, https:\/\/www.colompac.com\/wp-content\/uploads\/2024\/02\/Detail_159_Bodenkonstruktion-150x150.webp 150w, https:\/\/www.colompac.com\/wp-content\/uploads\/2024\/02\/Detail_159_Bodenkonstruktion-200x200.webp 200w, https:\/\/www.colompac.com\/wp-content\/uploads\/2024\/02\/Detail_159_Bodenkonstruktion-100x100.webp 100w, https:\/\/www.colompac.com\/wp-content\/uploads\/2024\/02\/Detail_159_Bodenkonstruktion-380x380.webp 380w, https:\/\/www.colompac.com\/wp-content\/uploads\/2024\/02\/Detail_159_Bodenkonstruktion-20x20.webp 20w, https:\/\/www.colompac.com\/wp-content\/uploads\/2024\/02\/Detail_159_Bodenkonstruktion-190x190.webp 190w\" sizes=\"auto, (max-width: 500px) 100vw, 500px\" \/>\n\t\t\t<\/div>\n\t\t\t\t<figcaption class='wp-caption-text gallery-caption' id='gallery-1-16351'>\n\t\t\t\tFond renforc\u00e9 pour encore plus de r\u00e9sistance\n\t\t\t\t<\/figcaption><\/figure><figure class='gallery-item'>\n\t\t\t<div class='gallery-icon landscape'>\n\t\t\t\t<img loading=\"lazy\" decoding=\"async\" width=\"500\" height=\"500\" src=\"https:\/\/www.colompac.com\/wp-content\/uploads\/2023\/07\/Detail_CP020_SK_V2.webp\" class=\"attachment-full size-full\" alt=\"Nahaufnahme eines Kartons mit roten ColomPac\u00ae-Selbstklebeverschluss, teilweise schon abgezogen.\" aria-describedby=\"gallery-1-14996\" srcset=\"https:\/\/www.colompac.com\/wp-content\/uploads\/2023\/07\/Detail_CP020_SK_V2.webp 500w, https:\/\/www.colompac.com\/wp-content\/uploads\/2023\/07\/Detail_CP020_SK_V2-300x300.webp 300w, https:\/\/www.colompac.com\/wp-content\/uploads\/2023\/07\/Detail_CP020_SK_V2-100x100.webp 100w, https:\/\/www.colompac.com\/wp-content\/uploads\/2023\/07\/Detail_CP020_SK_V2-150x150.webp 150w, https:\/\/www.colompac.com\/wp-content\/uploads\/2023\/07\/Detail_CP020_SK_V2-200x200.webp 200w, https:\/\/www.colompac.com\/wp-content\/uploads\/2023\/07\/Detail_CP020_SK_V2-380x380.webp 380w, https:\/\/www.colompac.com\/wp-content\/uploads\/2023\/07\/Detail_CP020_SK_V2-20x20.webp 20w, https:\/\/www.colompac.com\/wp-content\/uploads\/2023\/07\/Detail_CP020_SK_V2-190x190.webp 190w\" sizes=\"auto, (max-width: 500px) 100vw, 500px\" \/>\n\t\t\t<\/div>\n\t\t\t\t<figcaption class='wp-caption-text gallery-caption' id='gallery-1-14996'>\n\t\t\t\tColomPac\u00ae fermeture autocollante\n\t\t\t\t<\/figcaption><\/figure><figure class='gallery-item'>\n\t\t\t<div class='gallery-icon landscape'>\n\t\t\t\t<img loading=\"lazy\" decoding=\"async\" width=\"500\" height=\"500\" src=\"https:\/\/www.colompac.com\/wp-content\/uploads\/2023\/07\/Detail_CP069_AF_V2.webp\" class=\"attachment-full size-full\" alt=\"Karton mit rotem Aufrei\u00dffaden und der Aufschrift \u201ahier \u00f6ffnen \/ open here\" aria-describedby=\"gallery-1-14900\" srcset=\"https:\/\/www.colompac.com\/wp-content\/uploads\/2023\/07\/Detail_CP069_AF_V2.webp 500w, https:\/\/www.colompac.com\/wp-content\/uploads\/2023\/07\/Detail_CP069_AF_V2-300x300.webp 300w, https:\/\/www.colompac.com\/wp-content\/uploads\/2023\/07\/Detail_CP069_AF_V2-100x100.webp 100w, https:\/\/www.colompac.com\/wp-content\/uploads\/2023\/07\/Detail_CP069_AF_V2-150x150.webp 150w, https:\/\/www.colompac.com\/wp-content\/uploads\/2023\/07\/Detail_CP069_AF_V2-200x200.webp 200w, https:\/\/www.colompac.com\/wp-content\/uploads\/2023\/07\/Detail_CP069_AF_V2-380x380.webp 380w, https:\/\/www.colompac.com\/wp-content\/uploads\/2023\/07\/Detail_CP069_AF_V2-20x20.webp 20w, https:\/\/www.colompac.com\/wp-content\/uploads\/2023\/07\/Detail_CP069_AF_V2-190x190.webp 190w\" sizes=\"auto, (max-width: 500px) 100vw, 500px\" \/>\n\t\t\t<\/div>\n\t\t\t\t<figcaption class='wp-caption-text gallery-caption' id='gallery-1-14900'>\n\t\t\t\tOuverture facile gr\u00e2ce \u00e0 la bande d\u2019arrachage int\u00e9gr\u00e9e\n\t\t\t\t<\/figcaption><\/figure>\n\t\t<\/div>\n\n<div class=\"responsive-embed widescreen youtube\"><iframe loading=\"lazy\" title=\"CP 159  - Tamper-proof packaging due to additional self-sealing on the bottom\" width=\"1170\" height=\"658\" src=\"https:\/\/www.youtube.com\/embed\/YjbGo_PRxUg?feature=oembed&#038;showinfo=0&#038;rel=0&#038;modestbranding=1\" frameborder=\"0\" allow=\"accelerometer; autoplay; clipboard-write; encrypted-media; gyroscope; picture-in-picture; web-share\" referrerpolicy=\"strict-origin-when-cross-origin\" allowfullscreen><\/iframe><\/div>\n","protected":false},"excerpt":{"rendered":"<h1><strong>Inviolable emballage<\/strong><\/h1>\n<h2>avec fermeture autocollante suppl\u00e9mentaire au fond<\/h2>\n<ul>\n<li>Fond s\u00e9curis\u00e9 par une fermeture autocollante suppl\u00e9mentaire<\/li>\n<li>Montage rapide gr\u00e2ce au fond automatique<\/li>\n<li>Dimensions de base adapt\u00e9es aux palettes<\/li>\n<\/ul>\n","protected":false},"featured_media":19439,"comment_status":"open","ping_status":"closed","template":"","meta":[],"product_cat":[366],"product_tag":[370,219,268,217,220],"class_list":["post-16967","product","type-product","status-publish","has-post-thumbnail","hentry","product_cat-tous-les-produits-fr","product_tag-bundel-fr","product_tag-durable-fr","product_tag-fondautomatique-fr","product_tag-fsc-fr","product_tag-pap-20-fr"],"acf":[],"jetpack_sharing_enabled":true,"_links":{"self":[{"href":"https:\/\/www.colompac.com\/fr\/wp-json\/wp\/v2\/product\/16967","targetHints":{"allow":["GET"]}}],"collection":[{"href":"https:\/\/www.colompac.com\/fr\/wp-json\/wp\/v2\/product"}],"about":[{"href":"https:\/\/www.colompac.com\/fr\/wp-json\/wp\/v2\/types\/product"}],"replies":[{"embeddable":true,"href":"https:\/\/www.colompac.com\/fr\/wp-json\/wp\/v2\/comments?post=16967"}],"wp:featuredmedia":[{"embeddable":true,"href":"https:\/\/www.colompac.com\/fr\/wp-json\/wp\/v2\/media\/19439"}],"wp:attachment":[{"href":"https:\/\/www.colompac.com\/fr\/wp-json\/wp\/v2\/media?parent=16967"}],"wp:term":[{"taxonomy":"product_cat","embeddable":true,"href":"https:\/\/www.colompac.com\/fr\/wp-json\/wp\/v2\/product_cat?post=16967"},{"taxonomy":"product_tag","embeddable":true,"href":"https:\/\/www.colompac.com\/fr\/wp-json\/wp\/v2\/product_tag?post=16967"}],"curies":[{"name":"wp","href":"https:\/\/api.w.org\/{rel}","templated":true}]}}