{"id":16454,"date":"2024-04-11T16:05:31","date_gmt":"2024-04-11T14:05:31","guid":{"rendered":"https:\/\/www.colompac.com\/product\/colompac-eurobox-mit-cycleprint\/"},"modified":"2025-05-21T16:40:39","modified_gmt":"2025-05-21T14:40:39","slug":"colompac-eurobox-mit-cycleprint","status":"publish","type":"product","link":"https:\/\/www.colompac.com\/fr\/produit\/colompac-eurobox-mit-cycleprint\/","title":{"rendered":"ColomPac\u00ae &#8211; Eurobox avec cycleprint"},"content":{"rendered":"<div class=\"responsive-embed widescreen youtube\"><iframe loading=\"lazy\" title=\"ColomPac\u00ae CP 154 Euro-boxes - the best thing since the invention of the pallet -  HD 1920 x 1080\" width=\"1170\" height=\"658\" src=\"https:\/\/www.youtube.com\/embed\/BIa39BC9khY?list=PLagn-HEc_TsPJT_Ez6gYYfdPyhd8z7tXj&#038;showinfo=0&#038;rel=0&#038;modestbranding=1\" frameborder=\"0\" allow=\"accelerometer; autoplay; clipboard-write; encrypted-media; gyroscope; picture-in-picture; web-share\" referrerpolicy=\"strict-origin-when-cross-origin\" allowfullscreen><\/iframe><\/div>\n","protected":false},"excerpt":{"rendered":"<p><strong>ColomPac\u00ae<\/strong> &#8211; Eurobox CP 154 pour magasin d&#8217;appareils photo. Avec impression flexo blanche \u00e0 l&#8217;ext\u00e9rieur, et impression offset en cycleprint \u00e0 l&#8217;int\u00e9rieur. Le fond automatique permet un montage rapide, le pliage sp\u00e9cial en Z sur le couvercle assure une plus grande stabilit\u00e9 et constitue en outre une protection contre les interventions.<\/p>\n<ul>\n<li>Flexographie ext\u00e9rieure<\/li>\n<li>cycleprint int\u00e9rieur<\/li>\n<li>Pliage en Z<\/li>\n<li>Fond automatique<\/li>\n<\/ul>\n","protected":false},"featured_media":16416,"comment_status":"open","ping_status":"closed","template":"","meta":[],"product_cat":[231,366],"product_tag":[291,295,233,268,217,232,289,286],"class_list":["post-16454","product","type-product","status-publish","has-post-thumbnail","hentry","product_cat-produits-individuels-fr","product_cat-tous-les-produits-fr","product_tag-cycleprint-fr","product_tag-emballer","product_tag-flexo-fr","product_tag-fondautomatique-fr","product_tag-fsc-fr","product_tag-impression-exterieure-fr","product_tag-impression-interne","product_tag-offset-fr"],"acf":[],"jetpack_sharing_enabled":true,"_links":{"self":[{"href":"https:\/\/www.colompac.com\/fr\/wp-json\/wp\/v2\/product\/16454","targetHints":{"allow":["GET"]}}],"collection":[{"href":"https:\/\/www.colompac.com\/fr\/wp-json\/wp\/v2\/product"}],"about":[{"href":"https:\/\/www.colompac.com\/fr\/wp-json\/wp\/v2\/types\/product"}],"replies":[{"embeddable":true,"href":"https:\/\/www.colompac.com\/fr\/wp-json\/wp\/v2\/comments?post=16454"}],"wp:featuredmedia":[{"embeddable":true,"href":"https:\/\/www.colompac.com\/fr\/wp-json\/wp\/v2\/media\/16416"}],"wp:attachment":[{"href":"https:\/\/www.colompac.com\/fr\/wp-json\/wp\/v2\/media?parent=16454"}],"wp:term":[{"taxonomy":"product_cat","embeddable":true,"href":"https:\/\/www.colompac.com\/fr\/wp-json\/wp\/v2\/product_cat?post=16454"},{"taxonomy":"product_tag","embeddable":true,"href":"https:\/\/www.colompac.com\/fr\/wp-json\/wp\/v2\/product_tag?post=16454"}],"curies":[{"name":"wp","href":"https:\/\/api.w.org\/{rel}","templated":true}]}}