{"id":16447,"date":"2024-04-11T15:57:25","date_gmt":"2024-04-11T13:57:25","guid":{"rendered":"https:\/\/www.colompac.com\/product\/e-commerce-versandkarton-fuer-bademode\/"},"modified":"2025-05-21T16:40:31","modified_gmt":"2025-05-21T14:40:31","slug":"e-commerce-versandkarton-fuer-bademode","status":"publish","type":"product","link":"https:\/\/www.colompac.com\/fr\/produit\/e-commerce-versandkarton-fuer-bademode\/","title":{"rendered":"Carton d&#8217;exp\u00e9dition e-commerce pour maillots de bain"},"content":{"rendered":"<div class=\"responsive-embed widescreen youtube\"><iframe loading=\"lazy\" title=\"ColomPac\u00ae CP 080 Modular boxes 1-4 in white and brown - HD 1920 x 1080\" width=\"1170\" height=\"658\" src=\"https:\/\/www.youtube.com\/embed\/U6eRzY--O4o?feature=oembed&#038;showinfo=0&#038;rel=0&#038;modestbranding=1\" frameborder=\"0\" allow=\"accelerometer; autoplay; clipboard-write; encrypted-media; gyroscope; picture-in-picture; web-share\" referrerpolicy=\"strict-origin-when-cross-origin\" allowfullscreen><\/iframe><\/div>\n","protected":false},"excerpt":{"rendered":"<p>Emballage d&#8217;exp\u00e9dition CP 080 imprim\u00e9 individuellement pour une boutique de maillots de bain exclusive. Impression flexo en bleu clair \u00e0 l&#8217;int\u00e9rieur et \u00e0 l&#8217;ext\u00e9rieur. Facile \u00e0 remplir par le haut.<\/p>\n<ul>\n<li>Impression flexo<\/li>\n<li>Collage en 4 points<\/li>\n<\/ul>\n","protected":false},"featured_media":16405,"comment_status":"open","ping_status":"closed","template":"","meta":[],"product_cat":[231,366],"product_tag":[219,295,233,217,232,289],"class_list":["post-16447","product","type-product","status-publish","has-post-thumbnail","hentry","product_cat-produits-individuels-fr","product_cat-tous-les-produits-fr","product_tag-durable-fr","product_tag-emballer","product_tag-flexo-fr","product_tag-fsc-fr","product_tag-impression-exterieure-fr","product_tag-impression-interne"],"acf":[],"jetpack_sharing_enabled":true,"_links":{"self":[{"href":"https:\/\/www.colompac.com\/fr\/wp-json\/wp\/v2\/product\/16447","targetHints":{"allow":["GET"]}}],"collection":[{"href":"https:\/\/www.colompac.com\/fr\/wp-json\/wp\/v2\/product"}],"about":[{"href":"https:\/\/www.colompac.com\/fr\/wp-json\/wp\/v2\/types\/product"}],"replies":[{"embeddable":true,"href":"https:\/\/www.colompac.com\/fr\/wp-json\/wp\/v2\/comments?post=16447"}],"wp:featuredmedia":[{"embeddable":true,"href":"https:\/\/www.colompac.com\/fr\/wp-json\/wp\/v2\/media\/16405"}],"wp:attachment":[{"href":"https:\/\/www.colompac.com\/fr\/wp-json\/wp\/v2\/media?parent=16447"}],"wp:term":[{"taxonomy":"product_cat","embeddable":true,"href":"https:\/\/www.colompac.com\/fr\/wp-json\/wp\/v2\/product_cat?post=16447"},{"taxonomy":"product_tag","embeddable":true,"href":"https:\/\/www.colompac.com\/fr\/wp-json\/wp\/v2\/product_tag?post=16447"}],"curies":[{"name":"wp","href":"https:\/\/api.w.org\/{rel}","templated":true}]}}