{"id":16440,"date":"2024-04-11T15:46:23","date_gmt":"2024-04-11T13:46:23","guid":{"rendered":"https:\/\/www.colompac.com\/product\/versandbox-mit-flexodruck-fuer-naturkosmetik\/"},"modified":"2025-10-21T14:59:41","modified_gmt":"2025-10-21T12:59:41","slug":"versandbox-mit-flexodruck-fuer-naturkosmetik","status":"publish","type":"product","link":"https:\/\/www.colompac.com\/fr\/produit\/versandbox-mit-flexodruck-fuer-naturkosmetik\/","title":{"rendered":"Bo\u00eete d&#8217;exp\u00e9dition avec impression flexographique pour cosm\u00e9tiques naturels"},"content":{"rendered":"<div class=\"responsive-embed widescreen youtube\"><iframe loading=\"lazy\" title=\"ColomPac\u00ae CP 080 Modular boxes 1-4 in white and brown - HD 1920 x 1080\" width=\"1170\" height=\"658\" src=\"https:\/\/www.youtube.com\/embed\/U6eRzY--O4o?feature=oembed&#038;showinfo=0&#038;rel=0&#038;modestbranding=1\" frameborder=\"0\" allow=\"accelerometer; autoplay; clipboard-write; encrypted-media; gyroscope; picture-in-picture; web-share\" referrerpolicy=\"strict-origin-when-cross-origin\" allowfullscreen><\/iframe><\/div>\n","protected":false},"excerpt":{"rendered":"<p>Bo\u00eete d&#8217;exp\u00e9dition <strong>ColomPac\u00ae<\/strong> CP 164 avec impression cr\u00e9ative en flexographie 1 couleur pour l&#8217;envoi s\u00e9curis\u00e9 de cosm\u00e9tiques naturels. Rapidement mont\u00e9e et facile \u00e0 remplir par le haut.<\/p>\n<ul>\n<li>Impression flexo<\/li>\n<li>Collage en 4 points<\/li>\n<\/ul>\n","protected":false},"featured_media":16394,"comment_status":"open","ping_status":"closed","template":"","meta":[],"product_cat":[231,366],"product_tag":[219,295,408,233,217,232],"class_list":["post-16440","product","type-product","status-publish","has-post-thumbnail","hentry","product_cat-produits-individuels-fr","product_cat-tous-les-produits-fr","product_tag-durable-fr","product_tag-emballer","product_tag-fashionbox-ruecksendeverschluss-fr","product_tag-flexo-fr","product_tag-fsc-fr","product_tag-impression-exterieure-fr"],"acf":[],"jetpack_sharing_enabled":true,"_links":{"self":[{"href":"https:\/\/www.colompac.com\/fr\/wp-json\/wp\/v2\/product\/16440","targetHints":{"allow":["GET"]}}],"collection":[{"href":"https:\/\/www.colompac.com\/fr\/wp-json\/wp\/v2\/product"}],"about":[{"href":"https:\/\/www.colompac.com\/fr\/wp-json\/wp\/v2\/types\/product"}],"replies":[{"embeddable":true,"href":"https:\/\/www.colompac.com\/fr\/wp-json\/wp\/v2\/comments?post=16440"}],"wp:featuredmedia":[{"embeddable":true,"href":"https:\/\/www.colompac.com\/fr\/wp-json\/wp\/v2\/media\/16394"}],"wp:attachment":[{"href":"https:\/\/www.colompac.com\/fr\/wp-json\/wp\/v2\/media?parent=16440"}],"wp:term":[{"taxonomy":"product_cat","embeddable":true,"href":"https:\/\/www.colompac.com\/fr\/wp-json\/wp\/v2\/product_cat?post=16440"},{"taxonomy":"product_tag","embeddable":true,"href":"https:\/\/www.colompac.com\/fr\/wp-json\/wp\/v2\/product_tag?post=16440"}],"curies":[{"name":"wp","href":"https:\/\/api.w.org\/{rel}","templated":true}]}}