{"id":16433,"date":"2024-04-11T15:33:13","date_gmt":"2024-04-11T13:33:13","guid":{"rendered":"https:\/\/www.colompac.com\/product\/e-commerce-modulbox-fuer-kosmetikserie\/"},"modified":"2025-05-21T16:40:15","modified_gmt":"2025-05-21T14:40:15","slug":"e-commerce-modulbox-fuer-kosmetikserie","status":"publish","type":"product","link":"https:\/\/www.colompac.com\/fr\/produit\/e-commerce-modulbox-fuer-kosmetikserie\/","title":{"rendered":"Bo\u00eete modulaire e-commerce pour la gamme de produits cosm\u00e9tiques"},"content":{"rendered":"<div class=\"responsive-embed widescreen youtube\"><iframe loading=\"lazy\" title=\"ColomPac\u00ae CP 080 Modular boxes 1-4 in white and brown - HD 1920 x 1080\" width=\"1170\" height=\"658\" src=\"https:\/\/www.youtube.com\/embed\/U6eRzY--O4o?feature=oembed&#038;showinfo=0&#038;rel=0&#038;modestbranding=1\" frameborder=\"0\" allow=\"accelerometer; autoplay; clipboard-write; encrypted-media; gyroscope; picture-in-picture; web-share\" referrerpolicy=\"strict-origin-when-cross-origin\" allowfullscreen><\/iframe><\/div>\n","protected":false},"excerpt":{"rendered":"<p>Bo\u00eete modulaire individuelle <strong>ColomPac\u00ae<\/strong> E-Commerce CP 080 pour l&#8217;envoi d&#8217;articles cosm\u00e9tiques exclusifs. Int\u00e9rieur contrecoll\u00e9 offset, ext\u00e9rieur imprim\u00e9 avec la technique cycleprint.<\/p>\n<ul>\n<li>Cycleprint ext\u00e9rieur<\/li>\n<li>Impression offset \u00e0 l&#8217;int\u00e9rieur<\/li>\n<li>Collage 4 points<\/li>\n<\/ul>\n<p>&nbsp;<\/p>\n","protected":false},"featured_media":16378,"comment_status":"open","ping_status":"closed","template":"","meta":[],"product_cat":[231,366],"product_tag":[291,219,295,217,232,289,405,286],"class_list":["post-16433","product","type-product","status-publish","has-post-thumbnail","hentry","product_cat-produits-individuels-fr","product_cat-tous-les-produits-fr","product_tag-cycleprint-fr","product_tag-durable-fr","product_tag-emballer","product_tag-fsc-fr","product_tag-impression-exterieure-fr","product_tag-impression-interne","product_tag-modulbox-ruecksendeverschluss-fr","product_tag-offset-fr"],"acf":[],"jetpack_sharing_enabled":true,"_links":{"self":[{"href":"https:\/\/www.colompac.com\/fr\/wp-json\/wp\/v2\/product\/16433","targetHints":{"allow":["GET"]}}],"collection":[{"href":"https:\/\/www.colompac.com\/fr\/wp-json\/wp\/v2\/product"}],"about":[{"href":"https:\/\/www.colompac.com\/fr\/wp-json\/wp\/v2\/types\/product"}],"replies":[{"embeddable":true,"href":"https:\/\/www.colompac.com\/fr\/wp-json\/wp\/v2\/comments?post=16433"}],"wp:featuredmedia":[{"embeddable":true,"href":"https:\/\/www.colompac.com\/fr\/wp-json\/wp\/v2\/media\/16378"}],"wp:attachment":[{"href":"https:\/\/www.colompac.com\/fr\/wp-json\/wp\/v2\/media?parent=16433"}],"wp:term":[{"taxonomy":"product_cat","embeddable":true,"href":"https:\/\/www.colompac.com\/fr\/wp-json\/wp\/v2\/product_cat?post=16433"},{"taxonomy":"product_tag","embeddable":true,"href":"https:\/\/www.colompac.com\/fr\/wp-json\/wp\/v2\/product_tag?post=16433"}],"curies":[{"name":"wp","href":"https:\/\/api.w.org\/{rel}","templated":true}]}}