{"id":14440,"date":"2023-06-26T13:24:04","date_gmt":"2023-06-26T11:24:04","guid":{"rendered":"https:\/\/www.colompac.com\/product\/ft-140-2\/"},"modified":"2024-08-26T09:00:58","modified_gmt":"2024-08-26T07:00:58","slug":"ft-140","status":"publish","type":"product","link":"https:\/\/www.colompac.com\/fr\/produit\/ft-140\/","title":{"rendered":"FT 140"},"content":{"rendered":"<div id='gallery-1' class='gallery galleryid-14440 gallery-columns-4 gallery-size-full'><figure class='gallery-item'>\n\t\t\t<div class='gallery-icon landscape'>\n\t\t\t\t<a href='https:\/\/www.colompac.com\/fr\/?attachment_id=14784'><img loading=\"lazy\" decoding=\"async\" width=\"500\" height=\"500\" src=\"https:\/\/www.colompac.com\/wp-content\/uploads\/2023\/07\/Detail_FT140_Handling_V2.webp\" class=\"attachment-full size-full\" alt=\"Karton mit zwei zylindrischen Metallobjekten, gesichert durch transparente Plastikfolie; seitlich mit Griff\u00f6ffnungen.\" aria-describedby=\"gallery-1-14784\" srcset=\"https:\/\/www.colompac.com\/wp-content\/uploads\/2023\/07\/Detail_FT140_Handling_V2.webp 500w, https:\/\/www.colompac.com\/wp-content\/uploads\/2023\/07\/Detail_FT140_Handling_V2-300x300.webp 300w, https:\/\/www.colompac.com\/wp-content\/uploads\/2023\/07\/Detail_FT140_Handling_V2-100x100.webp 100w, https:\/\/www.colompac.com\/wp-content\/uploads\/2023\/07\/Detail_FT140_Handling_V2-150x150.webp 150w, https:\/\/www.colompac.com\/wp-content\/uploads\/2023\/07\/Detail_FT140_Handling_V2-200x200.webp 200w, https:\/\/www.colompac.com\/wp-content\/uploads\/2023\/07\/Detail_FT140_Handling_V2-380x380.webp 380w, https:\/\/www.colompac.com\/wp-content\/uploads\/2023\/07\/Detail_FT140_Handling_V2-20x20.webp 20w, https:\/\/www.colompac.com\/wp-content\/uploads\/2023\/07\/Detail_FT140_Handling_V2-190x190.webp 190w\" sizes=\"auto, (max-width: 500px) 100vw, 500px\" \/><\/a>\n\t\t\t<\/div>\n\t\t\t\t<figcaption class='wp-caption-text gallery-caption' id='gallery-1-14784'>\n\t\t\t\tManipulation ais\u00e9e grace\n\t\t\t\t<\/figcaption><\/figure><figure class='gallery-item'>\n\t\t\t<div class='gallery-icon landscape'>\n\t\t\t\t<a href='https:\/\/www.colompac.com\/fr\/?attachment_id=13915'><img loading=\"lazy\" decoding=\"async\" width=\"500\" height=\"500\" src=\"https:\/\/www.colompac.com\/wp-content\/uploads\/2023\/06\/Detail_FT140_Schutz.webp\" class=\"attachment-full size-full\" alt=\"Innenseite eines Kartons mit zwei runden Metallobjekten mit transparentem Zentrum, in Spannfolie liegend.\" aria-describedby=\"gallery-1-13915\" srcset=\"https:\/\/www.colompac.com\/wp-content\/uploads\/2023\/06\/Detail_FT140_Schutz.webp 500w, https:\/\/www.colompac.com\/wp-content\/uploads\/2023\/06\/Detail_FT140_Schutz-300x300.webp 300w, https:\/\/www.colompac.com\/wp-content\/uploads\/2023\/06\/Detail_FT140_Schutz-100x100.webp 100w, https:\/\/www.colompac.com\/wp-content\/uploads\/2023\/06\/Detail_FT140_Schutz-150x150.webp 150w, https:\/\/www.colompac.com\/wp-content\/uploads\/2023\/06\/Detail_FT140_Schutz-200x200.webp 200w, https:\/\/www.colompac.com\/wp-content\/uploads\/2023\/06\/Detail_FT140_Schutz-380x380.webp 380w, https:\/\/www.colompac.com\/wp-content\/uploads\/2023\/06\/Detail_FT140_Schutz-20x20.webp 20w, https:\/\/www.colompac.com\/wp-content\/uploads\/2023\/06\/Detail_FT140_Schutz-190x190.webp 190w\" sizes=\"auto, (max-width: 500px) 100vw, 500px\" \/><\/a>\n\t\t\t<\/div>\n\t\t\t\t<figcaption class='wp-caption-text gallery-caption' id='gallery-1-13915'>\n\t\t\t\tProtection optimale\n\t\t\t\t<\/figcaption><\/figure><figure class='gallery-item'>\n\t\t\t<div class='gallery-icon landscape'>\n\t\t\t\t<a href='https:\/\/www.colompac.com\/fr\/?attachment_id=14780'><img loading=\"lazy\" decoding=\"async\" width=\"500\" height=\"500\" src=\"https:\/\/www.colompac.com\/wp-content\/uploads\/2023\/07\/Detail_FT140_Praesentation_V2.webp\" class=\"attachment-full size-full\" alt=\"Offener Karton mit rotem ColomPac\u00ae-Selbstklebeverschluss\u2018, darin zwei runde wei\u00dfe Objekte mit transparentem Zentrum auf Plastikfolie.\" aria-describedby=\"gallery-1-14780\" srcset=\"https:\/\/www.colompac.com\/wp-content\/uploads\/2023\/07\/Detail_FT140_Praesentation_V2.webp 500w, https:\/\/www.colompac.com\/wp-content\/uploads\/2023\/07\/Detail_FT140_Praesentation_V2-300x300.webp 300w, https:\/\/www.colompac.com\/wp-content\/uploads\/2023\/07\/Detail_FT140_Praesentation_V2-100x100.webp 100w, https:\/\/www.colompac.com\/wp-content\/uploads\/2023\/07\/Detail_FT140_Praesentation_V2-150x150.webp 150w, https:\/\/www.colompac.com\/wp-content\/uploads\/2023\/07\/Detail_FT140_Praesentation_V2-200x200.webp 200w, https:\/\/www.colompac.com\/wp-content\/uploads\/2023\/07\/Detail_FT140_Praesentation_V2-380x380.webp 380w, https:\/\/www.colompac.com\/wp-content\/uploads\/2023\/07\/Detail_FT140_Praesentation_V2-20x20.webp 20w, https:\/\/www.colompac.com\/wp-content\/uploads\/2023\/07\/Detail_FT140_Praesentation_V2-190x190.webp 190w\" sizes=\"auto, (max-width: 500px) 100vw, 500px\" \/><\/a>\n\t\t\t<\/div>\n\t\t\t\t<figcaption class='wp-caption-text gallery-caption' id='gallery-1-14780'>\n\t\t\t\tUne pr\u00e9sentation parfaite\n\t\t\t\t<\/figcaption><\/figure><figure class='gallery-item'>\n\t\t\t<div class='gallery-icon landscape'>\n\t\t\t\t<a href='https:\/\/www.colompac.com\/fr\/?attachment_id=14776'><img loading=\"lazy\" decoding=\"async\" width=\"500\" height=\"500\" src=\"https:\/\/www.colompac.com\/wp-content\/uploads\/2023\/07\/Detail_FT140_Kombi_V2.webp\" class=\"attachment-full size-full\" alt=\"Offener Karton mit kleinerer, verpackter Box in Klarsichtfolie; roter ColomPac\u00ae-Selbstklebeverschluss am Deckel.\" aria-describedby=\"gallery-1-14776\" srcset=\"https:\/\/www.colompac.com\/wp-content\/uploads\/2023\/07\/Detail_FT140_Kombi_V2.webp 500w, https:\/\/www.colompac.com\/wp-content\/uploads\/2023\/07\/Detail_FT140_Kombi_V2-300x300.webp 300w, https:\/\/www.colompac.com\/wp-content\/uploads\/2023\/07\/Detail_FT140_Kombi_V2-100x100.webp 100w, https:\/\/www.colompac.com\/wp-content\/uploads\/2023\/07\/Detail_FT140_Kombi_V2-150x150.webp 150w, https:\/\/www.colompac.com\/wp-content\/uploads\/2023\/07\/Detail_FT140_Kombi_V2-200x200.webp 200w, https:\/\/www.colompac.com\/wp-content\/uploads\/2023\/07\/Detail_FT140_Kombi_V2-380x380.webp 380w, https:\/\/www.colompac.com\/wp-content\/uploads\/2023\/07\/Detail_FT140_Kombi_V2-20x20.webp 20w, https:\/\/www.colompac.com\/wp-content\/uploads\/2023\/07\/Detail_FT140_Kombi_V2-190x190.webp 190w\" sizes=\"auto, (max-width: 500px) 100vw, 500px\" \/><\/a>\n\t\t\t<\/div>\n\t\t\t\t<figcaption class='wp-caption-text gallery-caption' id='gallery-1-14776'>\n\t\t\t\tSe combine parfaitement avec le CP 151\n\t\t\t\t<\/figcaption><\/figure>\n\t\t<\/div>\n\n<div class=\"responsive-embed widescreen youtube\"><iframe loading=\"lazy\" title=\"FT 140 - Secure without filling material the flexible film fix packaging\" width=\"1170\" height=\"658\" src=\"https:\/\/www.youtube.com\/embed\/INXW1hnBytc?feature=oembed&#038;showinfo=0&#038;rel=0&#038;modestbranding=1\" frameborder=\"0\" allow=\"accelerometer; autoplay; clipboard-write; encrypted-media; gyroscope; picture-in-picture; web-share\" referrerpolicy=\"strict-origin-when-cross-origin\" allowfullscreen><\/iframe><\/div>\n<p>&nbsp;<\/p>\n","protected":false},"excerpt":{"rendered":"<h1><strong>Emballage flexible \u00e0 film fixe<\/strong><\/h1>\n<h2>S\u00fbr sans mat\u00e9riau de remplissage<\/h2>\n<ul>\n<li>Convient pour l\u2019envoi de composants sensibles et d\u2019\u00e9lectronique<\/li>\n<li>Peut \u00eatre \u00e9limin\u00e9 avec les vieux papiers sans \u00eatre s\u00e9par\u00e9, gr\u00e2ce \u00e0 l\u2019emballage mono-mat\u00e9riau (part de film &lt; 5%)<\/li>\n<li>Se combine id\u00e9alement avec les emballages d\u2019exp\u00e9dition <strong>ColomPac\u00ae<\/strong> existants<\/li>\n<li>La fermeture autocollante <strong>ColomPac\u00ae<\/strong> vous fait gagner du temps et sa fermeture est inviolable<\/li>\n<\/ul>\n","protected":false},"featured_media":15159,"comment_status":"open","ping_status":"closed","template":"","meta":[],"product_cat":[377],"product_tag":[370,219,217,220],"class_list":["post-14440","product","type-product","status-publish","has-post-thumbnail","hentry","product_cat-fixtrays-fr","product_tag-bundel-fr","product_tag-durable-fr","product_tag-fsc-fr","product_tag-pap-20-fr"],"acf":[],"jetpack_sharing_enabled":true,"_links":{"self":[{"href":"https:\/\/www.colompac.com\/fr\/wp-json\/wp\/v2\/product\/14440","targetHints":{"allow":["GET"]}}],"collection":[{"href":"https:\/\/www.colompac.com\/fr\/wp-json\/wp\/v2\/product"}],"about":[{"href":"https:\/\/www.colompac.com\/fr\/wp-json\/wp\/v2\/types\/product"}],"replies":[{"embeddable":true,"href":"https:\/\/www.colompac.com\/fr\/wp-json\/wp\/v2\/comments?post=14440"}],"wp:featuredmedia":[{"embeddable":true,"href":"https:\/\/www.colompac.com\/fr\/wp-json\/wp\/v2\/media\/15159"}],"wp:attachment":[{"href":"https:\/\/www.colompac.com\/fr\/wp-json\/wp\/v2\/media?parent=14440"}],"wp:term":[{"taxonomy":"product_cat","embeddable":true,"href":"https:\/\/www.colompac.com\/fr\/wp-json\/wp\/v2\/product_cat?post=14440"},{"taxonomy":"product_tag","embeddable":true,"href":"https:\/\/www.colompac.com\/fr\/wp-json\/wp\/v2\/product_tag?post=14440"}],"curies":[{"name":"wp","href":"https:\/\/api.w.org\/{rel}","templated":true}]}}