{"id":12472,"date":"2023-05-16T16:43:29","date_gmt":"2023-05-16T14:43:29","guid":{"rendered":"https:\/\/colompac.wearelions.agency\/?post_type=product&#038;p=12472"},"modified":"2025-03-31T15:20:34","modified_gmt":"2025-03-31T13:20:34","slug":"cp-181-006","status":"publish","type":"product","link":"https:\/\/www.colompac.com\/fr\/produit\/cp-181-006\/","title":{"rendered":"CP 181.006 (375 x 365 x 250 mm)"},"content":{"rendered":"<div id='gallery-1' class='gallery galleryid-12472 gallery-columns-4 gallery-size-full'><figure class='gallery-item'>\n\t\t\t<div class='gallery-icon landscape'>\n\t\t\t\t<img loading=\"lazy\" decoding=\"async\" width=\"500\" height=\"500\" src=\"https:\/\/www.colompac.com\/wp-content\/uploads\/2023\/03\/Detail_CP020_SK.webp\" class=\"attachment-full size-full\" alt=\"\" aria-describedby=\"gallery-1-2339\" srcset=\"https:\/\/www.colompac.com\/wp-content\/uploads\/2023\/03\/Detail_CP020_SK.webp 500w, https:\/\/www.colompac.com\/wp-content\/uploads\/2023\/03\/Detail_CP020_SK-300x300.webp 300w, https:\/\/www.colompac.com\/wp-content\/uploads\/2023\/03\/Detail_CP020_SK-100x100.webp 100w, https:\/\/www.colompac.com\/wp-content\/uploads\/2023\/03\/Detail_CP020_SK-150x150.webp 150w, https:\/\/www.colompac.com\/wp-content\/uploads\/2023\/03\/Detail_CP020_SK-200x200.webp 200w, https:\/\/www.colompac.com\/wp-content\/uploads\/2023\/03\/Detail_CP020_SK-380x380.webp 380w, https:\/\/www.colompac.com\/wp-content\/uploads\/2023\/03\/Detail_CP020_SK-20x20.webp 20w, https:\/\/www.colompac.com\/wp-content\/uploads\/2023\/03\/Detail_CP020_SK-190x190.webp 190w\" sizes=\"auto, (max-width: 500px) 100vw, 500px\" \/>\n\t\t\t<\/div>\n\t\t\t\t<figcaption class='wp-caption-text gallery-caption' id='gallery-1-2339'>\n\t\t\t\tColomPac\u00ae fermeture autocollante\n\t\t\t\t<\/figcaption><\/figure><figure class='gallery-item'>\n\t\t\t<div class='gallery-icon landscape'>\n\t\t\t\t<img loading=\"lazy\" decoding=\"async\" width=\"500\" height=\"500\" src=\"https:\/\/www.colompac.com\/wp-content\/uploads\/2024\/05\/Detail_181_DHL.webp\" class=\"attachment-full size-full\" alt=\"Symbol f\u00fcr DHL-zertifizierte Verpackung mit Paket-Icon, H\u00e4kchen und Text \u201aDHL ZERTIFIZIERTE VERPACKUNG \u2013 DHL Paket 601\/15\u2018\" aria-describedby=\"gallery-1-16629\" srcset=\"https:\/\/www.colompac.com\/wp-content\/uploads\/2024\/05\/Detail_181_DHL.webp 500w, https:\/\/www.colompac.com\/wp-content\/uploads\/2024\/05\/Detail_181_DHL-300x300.webp 300w, https:\/\/www.colompac.com\/wp-content\/uploads\/2024\/05\/Detail_181_DHL-150x150.webp 150w, https:\/\/www.colompac.com\/wp-content\/uploads\/2024\/05\/Detail_181_DHL-200x200.webp 200w, https:\/\/www.colompac.com\/wp-content\/uploads\/2024\/05\/Detail_181_DHL-100x100.webp 100w, https:\/\/www.colompac.com\/wp-content\/uploads\/2024\/05\/Detail_181_DHL-380x380.webp 380w, https:\/\/www.colompac.com\/wp-content\/uploads\/2024\/05\/Detail_181_DHL-20x20.webp 20w, https:\/\/www.colompac.com\/wp-content\/uploads\/2024\/05\/Detail_181_DHL-190x190.webp 190w\" sizes=\"auto, (max-width: 500px) 100vw, 500px\" \/>\n\t\t\t<\/div>\n\t\t\t\t<figcaption class='wp-caption-text gallery-caption' id='gallery-1-16629'>\n\t\t\t\tCertifi\u00e9 par DHL\n\t\t\t\t<\/figcaption><\/figure><figure class='gallery-item'>\n\t\t\t<div class='gallery-icon landscape'>\n\t\t\t\t<img loading=\"lazy\" decoding=\"async\" width=\"500\" height=\"500\" src=\"https:\/\/www.colompac.com\/wp-content\/uploads\/2023\/03\/Detail_CP181_innen.webp\" class=\"attachment-full size-full\" alt=\"Innenansicht eines Kartons mit Befestigung f\u00fcr eine Weinflasche mit blauem Deckel.\" aria-describedby=\"gallery-1-2495\" srcset=\"https:\/\/www.colompac.com\/wp-content\/uploads\/2023\/03\/Detail_CP181_innen.webp 500w, https:\/\/www.colompac.com\/wp-content\/uploads\/2023\/03\/Detail_CP181_innen-300x300.webp 300w, https:\/\/www.colompac.com\/wp-content\/uploads\/2023\/03\/Detail_CP181_innen-100x100.webp 100w, https:\/\/www.colompac.com\/wp-content\/uploads\/2023\/03\/Detail_CP181_innen-150x150.webp 150w, https:\/\/www.colompac.com\/wp-content\/uploads\/2023\/03\/Detail_CP181_innen-200x200.webp 200w, https:\/\/www.colompac.com\/wp-content\/uploads\/2023\/03\/Detail_CP181_innen-380x380.webp 380w, https:\/\/www.colompac.com\/wp-content\/uploads\/2023\/03\/Detail_CP181_innen-20x20.webp 20w, https:\/\/www.colompac.com\/wp-content\/uploads\/2023\/03\/Detail_CP181_innen-190x190.webp 190w\" sizes=\"auto, (max-width: 500px) 100vw, 500px\" \/>\n\t\t\t<\/div>\n\t\t\t\t<figcaption class='wp-caption-text gallery-caption' id='gallery-1-2495'>\n\t\t\t\tConception int\u00e9rieure sp\u00e9ciale pour envoi s\u00e9curis\u00e9\n\t\t\t\t<\/figcaption><\/figure><figure class='gallery-item'>\n\t\t\t<div class='gallery-icon landscape'>\n\t\t\t\t<img loading=\"lazy\" decoding=\"async\" width=\"500\" height=\"500\" src=\"https:\/\/www.colompac.com\/wp-content\/uploads\/2023\/03\/Detail_CP181_UK.webp\" class=\"attachment-full size-full\" alt=\"\" aria-describedby=\"gallery-1-2498\" srcset=\"https:\/\/www.colompac.com\/wp-content\/uploads\/2023\/03\/Detail_CP181_UK.webp 500w, https:\/\/www.colompac.com\/wp-content\/uploads\/2023\/03\/Detail_CP181_UK-300x300.webp 300w, https:\/\/www.colompac.com\/wp-content\/uploads\/2023\/03\/Detail_CP181_UK-100x100.webp 100w, https:\/\/www.colompac.com\/wp-content\/uploads\/2023\/03\/Detail_CP181_UK-150x150.webp 150w, https:\/\/www.colompac.com\/wp-content\/uploads\/2023\/03\/Detail_CP181_UK-200x200.webp 200w, https:\/\/www.colompac.com\/wp-content\/uploads\/2023\/03\/Detail_CP181_UK-380x380.webp 380w, https:\/\/www.colompac.com\/wp-content\/uploads\/2023\/03\/Detail_CP181_UK-20x20.webp 20w, https:\/\/www.colompac.com\/wp-content\/uploads\/2023\/03\/Detail_CP181_UK-190x190.webp 190w\" sizes=\"auto, (max-width: 500px) 100vw, 500px\" \/>\n\t\t\t<\/div>\n\t\t\t\t<figcaption class='wp-caption-text gallery-caption' id='gallery-1-2498'>\n\t\t\t\tPour 1, 3 ou 6 bouteilles : CP 181.006\n\t\t\t\t<\/figcaption><\/figure>\n\t\t<\/div>\n\n<div class=\"responsive-embed widescreen youtube\"><iframe loading=\"lazy\" title=\"ColomPac\u00ae CP 181 DHL-certified bottle box - HD 1920 x 1080\" width=\"1170\" height=\"658\" src=\"https:\/\/www.youtube.com\/embed\/08BdF1Lo4i8?list=PLagn-HEc_TsPJT_Ez6gYYfdPyhd8z7tXj&#038;showinfo=0&#038;rel=0&#038;modestbranding=1\" frameborder=\"0\" allow=\"accelerometer; autoplay; clipboard-write; encrypted-media; gyroscope; picture-in-picture; web-share\" referrerpolicy=\"strict-origin-when-cross-origin\" allowfullscreen><\/iframe><\/div>\n","protected":false},"excerpt":{"rendered":"<h1><strong>Sans aucun do\u00fbte et s\u00fbr\u00a0<\/strong><\/h1>\n<h2>Le carton pour bouteilles certifi\u00e9 DHL<\/h2>\n<ul>\n<li>Certifi\u00e9 par DHL pour l\u2019envoi de 1, 3 ou 6 bouteilles de vin (0,75 l de type Bordeaux)<\/li>\n<li>Simple et rapide gr\u00e2ce \u00e0 la conception en une pi\u00e8ce<\/li>\n<\/ul>\n","protected":false},"featured_media":12493,"comment_status":"open","ping_status":"closed","template":"","meta":[],"product_cat":[366],"product_tag":[370,247,219,217,220],"class_list":["post-12472","product","type-product","status-publish","has-post-thumbnail","hentry","product_cat-tous-les-produits-fr","product_tag-bundel-fr","product_tag-double-fermeture-autocollante-fr","product_tag-durable-fr","product_tag-fsc-fr","product_tag-pap-20-fr"],"acf":[],"jetpack_sharing_enabled":true,"_links":{"self":[{"href":"https:\/\/www.colompac.com\/fr\/wp-json\/wp\/v2\/product\/12472","targetHints":{"allow":["GET"]}}],"collection":[{"href":"https:\/\/www.colompac.com\/fr\/wp-json\/wp\/v2\/product"}],"about":[{"href":"https:\/\/www.colompac.com\/fr\/wp-json\/wp\/v2\/types\/product"}],"replies":[{"embeddable":true,"href":"https:\/\/www.colompac.com\/fr\/wp-json\/wp\/v2\/comments?post=12472"}],"wp:featuredmedia":[{"embeddable":true,"href":"https:\/\/www.colompac.com\/fr\/wp-json\/wp\/v2\/media\/12493"}],"wp:attachment":[{"href":"https:\/\/www.colompac.com\/fr\/wp-json\/wp\/v2\/media?parent=12472"}],"wp:term":[{"taxonomy":"product_cat","embeddable":true,"href":"https:\/\/www.colompac.com\/fr\/wp-json\/wp\/v2\/product_cat?post=12472"},{"taxonomy":"product_tag","embeddable":true,"href":"https:\/\/www.colompac.com\/fr\/wp-json\/wp\/v2\/product_tag?post=12472"}],"curies":[{"name":"wp","href":"https:\/\/api.w.org\/{rel}","templated":true}]}}