{"id":12388,"date":"2023-05-16T16:40:31","date_gmt":"2023-05-16T14:40:31","guid":{"rendered":"https:\/\/colompac.wearelions.agency\/?post_type=product&#038;p=12388"},"modified":"2024-05-28T13:48:07","modified_gmt":"2024-05-28T11:48:07","slug":"cp-164-453819","status":"publish","type":"product","link":"https:\/\/www.colompac.com\/fr\/produit\/cp-164-453819\/","title":{"rendered":"CP 164.453819 (445 x 379 x 195 mm)"},"content":{"rendered":"<div id='gallery-1' class='gallery galleryid-12388 gallery-columns-4 gallery-size-full'><figure class='gallery-item'>\n\t\t\t<div class='gallery-icon landscape'>\n\t\t\t\t<img loading=\"lazy\" decoding=\"async\" width=\"500\" height=\"500\" src=\"https:\/\/www.colompac.com\/wp-content\/uploads\/2023\/03\/Detail_CP068_SK.webp\" class=\"attachment-full size-full\" alt=\"\" aria-describedby=\"gallery-1-2513\" srcset=\"https:\/\/www.colompac.com\/wp-content\/uploads\/2023\/03\/Detail_CP068_SK.webp 500w, https:\/\/www.colompac.com\/wp-content\/uploads\/2023\/03\/Detail_CP068_SK-300x300.webp 300w, https:\/\/www.colompac.com\/wp-content\/uploads\/2023\/03\/Detail_CP068_SK-100x100.webp 100w, https:\/\/www.colompac.com\/wp-content\/uploads\/2023\/03\/Detail_CP068_SK-150x150.webp 150w, https:\/\/www.colompac.com\/wp-content\/uploads\/2023\/03\/Detail_CP068_SK-200x200.webp 200w, https:\/\/www.colompac.com\/wp-content\/uploads\/2023\/03\/Detail_CP068_SK-380x380.webp 380w, https:\/\/www.colompac.com\/wp-content\/uploads\/2023\/03\/Detail_CP068_SK-20x20.webp 20w, https:\/\/www.colompac.com\/wp-content\/uploads\/2023\/03\/Detail_CP068_SK-190x190.webp 190w\" sizes=\"auto, (max-width: 500px) 100vw, 500px\" \/>\n\t\t\t<\/div>\n\t\t\t\t<figcaption class='wp-caption-text gallery-caption' id='gallery-1-2513'>\n\t\t\t\tColomPac\u00ae fermeture autocollante\n\t\t\t\t<\/figcaption><\/figure><figure class='gallery-item'>\n\t\t\t<div class='gallery-icon landscape'>\n\t\t\t\t<img loading=\"lazy\" decoding=\"async\" width=\"500\" height=\"500\" src=\"https:\/\/www.colompac.com\/wp-content\/uploads\/2023\/03\/Detail_CP164_Druck_aussen.webp\" class=\"attachment-full size-full\" alt=\"\" aria-describedby=\"gallery-1-2489\" srcset=\"https:\/\/www.colompac.com\/wp-content\/uploads\/2023\/03\/Detail_CP164_Druck_aussen.webp 500w, https:\/\/www.colompac.com\/wp-content\/uploads\/2023\/03\/Detail_CP164_Druck_aussen-300x300.webp 300w, https:\/\/www.colompac.com\/wp-content\/uploads\/2023\/03\/Detail_CP164_Druck_aussen-100x100.webp 100w, https:\/\/www.colompac.com\/wp-content\/uploads\/2023\/03\/Detail_CP164_Druck_aussen-150x150.webp 150w, https:\/\/www.colompac.com\/wp-content\/uploads\/2023\/03\/Detail_CP164_Druck_aussen-200x200.webp 200w, https:\/\/www.colompac.com\/wp-content\/uploads\/2023\/03\/Detail_CP164_Druck_aussen-380x380.webp 380w, https:\/\/www.colompac.com\/wp-content\/uploads\/2023\/03\/Detail_CP164_Druck_aussen-20x20.webp 20w, https:\/\/www.colompac.com\/wp-content\/uploads\/2023\/03\/Detail_CP164_Druck_aussen-190x190.webp 190w\" sizes=\"auto, (max-width: 500px) 100vw, 500px\" \/>\n\t\t\t<\/div>\n\t\t\t\t<figcaption class='wp-caption-text gallery-caption' id='gallery-1-2489'>\n\t\t\t\tGrandes surfaces de pr\u00e9sentation imprimables \u00e0 l\u2019ext\u00e9rieur\u2026\n\t\t\t\t<\/figcaption><\/figure><figure class='gallery-item'>\n\t\t\t<div class='gallery-icon landscape'>\n\t\t\t\t<img loading=\"lazy\" decoding=\"async\" width=\"500\" height=\"500\" src=\"https:\/\/www.colompac.com\/wp-content\/uploads\/2023\/03\/Detail_CP164_Druck_innen.webp\" class=\"attachment-full size-full\" alt=\"\" aria-describedby=\"gallery-1-2492\" srcset=\"https:\/\/www.colompac.com\/wp-content\/uploads\/2023\/03\/Detail_CP164_Druck_innen.webp 500w, https:\/\/www.colompac.com\/wp-content\/uploads\/2023\/03\/Detail_CP164_Druck_innen-300x300.webp 300w, https:\/\/www.colompac.com\/wp-content\/uploads\/2023\/03\/Detail_CP164_Druck_innen-100x100.webp 100w, https:\/\/www.colompac.com\/wp-content\/uploads\/2023\/03\/Detail_CP164_Druck_innen-150x150.webp 150w, https:\/\/www.colompac.com\/wp-content\/uploads\/2023\/03\/Detail_CP164_Druck_innen-200x200.webp 200w, https:\/\/www.colompac.com\/wp-content\/uploads\/2023\/03\/Detail_CP164_Druck_innen-380x380.webp 380w, https:\/\/www.colompac.com\/wp-content\/uploads\/2023\/03\/Detail_CP164_Druck_innen-20x20.webp 20w, https:\/\/www.colompac.com\/wp-content\/uploads\/2023\/03\/Detail_CP164_Druck_innen-190x190.webp 190w\" sizes=\"auto, (max-width: 500px) 100vw, 500px\" \/>\n\t\t\t<\/div>\n\t\t\t\t<figcaption class='wp-caption-text gallery-caption' id='gallery-1-2492'>\n\t\t\t\t\u2026 et \u00e0 l\u2019int\u00e9rieur.\n\t\t\t\t<\/figcaption><\/figure><figure class='gallery-item'>\n\t\t\t<div class='gallery-icon landscape'>\n\t\t\t\t<img loading=\"lazy\" decoding=\"async\" width=\"500\" height=\"500\" src=\"https:\/\/www.colompac.com\/wp-content\/uploads\/2023\/03\/Detail_CP068_AF.webp\" class=\"attachment-full size-full\" alt=\"\" aria-describedby=\"gallery-1-2516\" srcset=\"https:\/\/www.colompac.com\/wp-content\/uploads\/2023\/03\/Detail_CP068_AF.webp 500w, https:\/\/www.colompac.com\/wp-content\/uploads\/2023\/03\/Detail_CP068_AF-300x300.webp 300w, https:\/\/www.colompac.com\/wp-content\/uploads\/2023\/03\/Detail_CP068_AF-100x100.webp 100w, https:\/\/www.colompac.com\/wp-content\/uploads\/2023\/03\/Detail_CP068_AF-150x150.webp 150w, https:\/\/www.colompac.com\/wp-content\/uploads\/2023\/03\/Detail_CP068_AF-200x200.webp 200w, https:\/\/www.colompac.com\/wp-content\/uploads\/2023\/03\/Detail_CP068_AF-380x380.webp 380w, https:\/\/www.colompac.com\/wp-content\/uploads\/2023\/03\/Detail_CP068_AF-20x20.webp 20w, https:\/\/www.colompac.com\/wp-content\/uploads\/2023\/03\/Detail_CP068_AF-190x190.webp 190w\" sizes=\"auto, (max-width: 500px) 100vw, 500px\" \/>\n\t\t\t<\/div>\n\t\t\t\t<figcaption class='wp-caption-text gallery-caption' id='gallery-1-2516'>\n\t\t\t\tOuverture facile gr\u00e2ce \u00e0 la bande d\u2019arrachage int\u00e9gr\u00e9e\n\t\t\t\t<\/figcaption><\/figure>\n\t\t<\/div>\n\n<div class=\"responsive-embed widescreen youtube\"><iframe loading=\"lazy\" title=\"ColomPac\u00ae CP 164 Fashionbox \u2013 Trendy textile shipping boxes that make an impression.\" width=\"1170\" height=\"658\" src=\"https:\/\/www.youtube.com\/embed\/3lWmvXEcPDk?list=PLagn-HEc_TsPJT_Ez6gYYfdPyhd8z7tXj&#038;showinfo=0&#038;rel=0&#038;modestbranding=1\" frameborder=\"0\" allow=\"accelerometer; autoplay; clipboard-write; encrypted-media; gyroscope; picture-in-picture; web-share\" referrerpolicy=\"strict-origin-when-cross-origin\" allowfullscreen><\/iframe><\/div>\n","protected":false},"excerpt":{"rendered":"<h1><strong>D\u00e8s l\u2019envoi, elle attire tous les regards !<\/strong><\/h1>\n<h2>Fashion box ColomPac\u00ae<\/h2>\n<ul>\n<li>Syst\u00e8me d\u2019exp\u00e9dition en 4 dimensions pour l\u2019envoi de textiles<\/li>\n<li>Effet sp\u00e9cial d\u00e9ballage et pr\u00e9sentation attrayante<\/li>\n<li>Impact publicitaire \u00e9lev\u00e9 gr\u00e2ce aux grandes surfaces de pr\u00e9sentation imprimables \u2013 \u00e0 l\u2019int\u00e9rieur et \u00e0 l\u2019ext\u00e9rieur<\/li>\n<li>R\u00e9utilisable gr\u00e2ce au couvercle rabattable<\/li>\n<\/ul>\n","protected":false},"featured_media":19451,"comment_status":"open","ping_status":"closed","template":"","meta":[],"product_cat":[366],"product_tag":[370,219,217,220],"class_list":["post-12388","product","type-product","status-publish","has-post-thumbnail","hentry","product_cat-tous-les-produits-fr","product_tag-bundel-fr","product_tag-durable-fr","product_tag-fsc-fr","product_tag-pap-20-fr"],"acf":[],"jetpack_sharing_enabled":true,"_links":{"self":[{"href":"https:\/\/www.colompac.com\/fr\/wp-json\/wp\/v2\/product\/12388","targetHints":{"allow":["GET"]}}],"collection":[{"href":"https:\/\/www.colompac.com\/fr\/wp-json\/wp\/v2\/product"}],"about":[{"href":"https:\/\/www.colompac.com\/fr\/wp-json\/wp\/v2\/types\/product"}],"replies":[{"embeddable":true,"href":"https:\/\/www.colompac.com\/fr\/wp-json\/wp\/v2\/comments?post=12388"}],"wp:featuredmedia":[{"embeddable":true,"href":"https:\/\/www.colompac.com\/fr\/wp-json\/wp\/v2\/media\/19451"}],"wp:attachment":[{"href":"https:\/\/www.colompac.com\/fr\/wp-json\/wp\/v2\/media?parent=12388"}],"wp:term":[{"taxonomy":"product_cat","embeddable":true,"href":"https:\/\/www.colompac.com\/fr\/wp-json\/wp\/v2\/product_cat?post=12388"},{"taxonomy":"product_tag","embeddable":true,"href":"https:\/\/www.colompac.com\/fr\/wp-json\/wp\/v2\/product_tag?post=12388"}],"curies":[{"name":"wp","href":"https:\/\/api.w.org\/{rel}","templated":true}]}}