{"id":11964,"date":"2023-05-16T16:17:40","date_gmt":"2023-05-16T14:17:40","guid":{"rendered":"https:\/\/colompac.wearelions.agency\/?post_type=product&#038;p=11964"},"modified":"2024-08-26T08:25:01","modified_gmt":"2024-08-26T06:25:01","slug":"cp-151-302020","status":"publish","type":"product","link":"https:\/\/www.colompac.com\/fr\/produit\/cp-151-302020\/","title":{"rendered":"CP 151.302020 (285 x 192 x 185 mm)"},"content":{"rendered":"<div id='gallery-1' class='gallery galleryid-11964 gallery-columns-4 gallery-size-full'><figure class='gallery-item'>\n\t\t\t<div class='gallery-icon landscape'>\n\t\t\t\t<img loading=\"lazy\" decoding=\"async\" width=\"500\" height=\"500\" src=\"https:\/\/www.colompac.com\/wp-content\/uploads\/2023\/03\/Detail_CP020_SK.webp\" class=\"attachment-full size-full\" alt=\"\" aria-describedby=\"gallery-1-2339\" srcset=\"https:\/\/www.colompac.com\/wp-content\/uploads\/2023\/03\/Detail_CP020_SK.webp 500w, https:\/\/www.colompac.com\/wp-content\/uploads\/2023\/03\/Detail_CP020_SK-300x300.webp 300w, https:\/\/www.colompac.com\/wp-content\/uploads\/2023\/03\/Detail_CP020_SK-100x100.webp 100w, https:\/\/www.colompac.com\/wp-content\/uploads\/2023\/03\/Detail_CP020_SK-150x150.webp 150w, https:\/\/www.colompac.com\/wp-content\/uploads\/2023\/03\/Detail_CP020_SK-200x200.webp 200w, https:\/\/www.colompac.com\/wp-content\/uploads\/2023\/03\/Detail_CP020_SK-380x380.webp 380w, https:\/\/www.colompac.com\/wp-content\/uploads\/2023\/03\/Detail_CP020_SK-20x20.webp 20w, https:\/\/www.colompac.com\/wp-content\/uploads\/2023\/03\/Detail_CP020_SK-190x190.webp 190w\" sizes=\"auto, (max-width: 500px) 100vw, 500px\" \/>\n\t\t\t<\/div>\n\t\t\t\t<figcaption class='wp-caption-text gallery-caption' id='gallery-1-2339'>\n\t\t\t\tColomPac\u00ae fermeture autocollante\n\t\t\t\t<\/figcaption><\/figure><figure class='gallery-item'>\n\t\t\t<div class='gallery-icon landscape'>\n\t\t\t\t<img loading=\"lazy\" decoding=\"async\" width=\"500\" height=\"500\" src=\"https:\/\/www.colompac.com\/wp-content\/uploads\/2023\/03\/Detail_CP151_Boden.webp\" class=\"attachment-full size-full\" alt=\"\" aria-describedby=\"gallery-1-2465\" srcset=\"https:\/\/www.colompac.com\/wp-content\/uploads\/2023\/03\/Detail_CP151_Boden.webp 500w, https:\/\/www.colompac.com\/wp-content\/uploads\/2023\/03\/Detail_CP151_Boden-300x300.webp 300w, https:\/\/www.colompac.com\/wp-content\/uploads\/2023\/03\/Detail_CP151_Boden-100x100.webp 100w, https:\/\/www.colompac.com\/wp-content\/uploads\/2023\/03\/Detail_CP151_Boden-150x150.webp 150w, https:\/\/www.colompac.com\/wp-content\/uploads\/2023\/03\/Detail_CP151_Boden-200x200.webp 200w, https:\/\/www.colompac.com\/wp-content\/uploads\/2023\/03\/Detail_CP151_Boden-380x380.webp 380w, https:\/\/www.colompac.com\/wp-content\/uploads\/2023\/03\/Detail_CP151_Boden-20x20.webp 20w, https:\/\/www.colompac.com\/wp-content\/uploads\/2023\/03\/Detail_CP151_Boden-190x190.webp 190w\" sizes=\"auto, (max-width: 500px) 100vw, 500px\" \/>\n\t\t\t<\/div>\n\t\t\t\t<figcaption class='wp-caption-text gallery-caption' id='gallery-1-2465'>\n\t\t\t\tPliage rapide gr\u00e2ce au fond automatique \u00e0 recouvrement complet\n\t\t\t\t<\/figcaption><\/figure><figure class='gallery-item'>\n\t\t\t<div class='gallery-icon landscape'>\n\t\t\t\t<img loading=\"lazy\" decoding=\"async\" width=\"500\" height=\"500\" src=\"https:\/\/www.colompac.com\/wp-content\/uploads\/2023\/03\/Detail_Anja_Blitzboden.webp\" class=\"attachment-full size-full\" alt=\"\" aria-describedby=\"gallery-1-2303\" srcset=\"https:\/\/www.colompac.com\/wp-content\/uploads\/2023\/03\/Detail_Anja_Blitzboden.webp 500w, https:\/\/www.colompac.com\/wp-content\/uploads\/2023\/03\/Detail_Anja_Blitzboden-300x300.webp 300w, https:\/\/www.colompac.com\/wp-content\/uploads\/2023\/03\/Detail_Anja_Blitzboden-100x100.webp 100w, https:\/\/www.colompac.com\/wp-content\/uploads\/2023\/03\/Detail_Anja_Blitzboden-150x150.webp 150w, https:\/\/www.colompac.com\/wp-content\/uploads\/2023\/03\/Detail_Anja_Blitzboden-200x200.webp 200w, https:\/\/www.colompac.com\/wp-content\/uploads\/2023\/03\/Detail_Anja_Blitzboden-380x380.webp 380w, https:\/\/www.colompac.com\/wp-content\/uploads\/2023\/03\/Detail_Anja_Blitzboden-20x20.webp 20w, https:\/\/www.colompac.com\/wp-content\/uploads\/2023\/03\/Detail_Anja_Blitzboden-190x190.webp 190w\" sizes=\"auto, (max-width: 500px) 100vw, 500px\" \/>\n\t\t\t<\/div>\n\t\t\t\t<figcaption class='wp-caption-text gallery-caption' id='gallery-1-2303'>\n\t\t\t\tManipulation facile\n\t\t\t\t<\/figcaption><\/figure><figure class='gallery-item'>\n\t\t\t<div class='gallery-icon landscape'>\n\t\t\t\t<img loading=\"lazy\" decoding=\"async\" width=\"500\" height=\"500\" src=\"https:\/\/www.colompac.com\/wp-content\/uploads\/2023\/03\/Detail_CP151XL_Doppelwelle.webp\" class=\"attachment-full size-full\" alt=\"\" aria-describedby=\"gallery-1-2468\" srcset=\"https:\/\/www.colompac.com\/wp-content\/uploads\/2023\/03\/Detail_CP151XL_Doppelwelle.webp 500w, https:\/\/www.colompac.com\/wp-content\/uploads\/2023\/03\/Detail_CP151XL_Doppelwelle-300x300.webp 300w, https:\/\/www.colompac.com\/wp-content\/uploads\/2023\/03\/Detail_CP151XL_Doppelwelle-100x100.webp 100w, https:\/\/www.colompac.com\/wp-content\/uploads\/2023\/03\/Detail_CP151XL_Doppelwelle-150x150.webp 150w, https:\/\/www.colompac.com\/wp-content\/uploads\/2023\/03\/Detail_CP151XL_Doppelwelle-200x200.webp 200w, https:\/\/www.colompac.com\/wp-content\/uploads\/2023\/03\/Detail_CP151XL_Doppelwelle-380x380.webp 380w, https:\/\/www.colompac.com\/wp-content\/uploads\/2023\/03\/Detail_CP151XL_Doppelwelle-20x20.webp 20w, https:\/\/www.colompac.com\/wp-content\/uploads\/2023\/03\/Detail_CP151XL_Doppelwelle-190x190.webp 190w\" sizes=\"auto, (max-width: 500px) 100vw, 500px\" \/>\n\t\t\t<\/div>\n\t\t\t\t<figcaption class='wp-caption-text gallery-caption' id='gallery-1-2468'>\n\t\t\t\tDouble cannelure stable\n\t\t\t\t<\/figcaption><\/figure>\n\t\t<\/div>\n\n<div class=\"responsive-embed widescreen youtube\"><iframe loading=\"lazy\" title=\"ColomPac\u00ae CP 141\/CP 151 Instant bottom carton - HD 1920 x 1080\" width=\"1170\" height=\"658\" src=\"https:\/\/www.youtube.com\/embed\/KqHqmgBITc4?feature=oembed&#038;showinfo=0&#038;rel=0&#038;modestbranding=1\" frameborder=\"0\" allow=\"accelerometer; autoplay; clipboard-write; encrypted-media; gyroscope; picture-in-picture; web-share\" referrerpolicy=\"strict-origin-when-cross-origin\" allowfullscreen><\/iframe><\/div>\n","protected":false},"excerpt":{"rendered":"<h1><strong>Extra large et \u00e0 double cannelure\u00a0<\/strong><\/h1>\n<h2>pour que m\u00eame les objets lourds arrivent \u00e0 bon port<\/h2>\n<ul>\n<li>Dimensions de base adapt\u00e9es aux palettes jusqu&#8217;\u00e0 600 \u00d7 400 mm<\/li>\n<li>Rapidement \u00e9rig\u00e9, bien ferm\u00e9<\/li>\n<li>Cartons \u00e0 fond automatique \u00e0 double cannelure avec fermeture autocollante<\/li>\n<\/ul>\n","protected":false},"featured_media":19403,"comment_status":"open","ping_status":"closed","template":"","meta":[],"product_cat":[366],"product_tag":[219,268,217,220],"class_list":["post-11964","product","type-product","status-publish","has-post-thumbnail","hentry","product_cat-tous-les-produits-fr","product_tag-durable-fr","product_tag-fondautomatique-fr","product_tag-fsc-fr","product_tag-pap-20-fr"],"acf":[],"jetpack_sharing_enabled":true,"_links":{"self":[{"href":"https:\/\/www.colompac.com\/fr\/wp-json\/wp\/v2\/product\/11964","targetHints":{"allow":["GET"]}}],"collection":[{"href":"https:\/\/www.colompac.com\/fr\/wp-json\/wp\/v2\/product"}],"about":[{"href":"https:\/\/www.colompac.com\/fr\/wp-json\/wp\/v2\/types\/product"}],"replies":[{"embeddable":true,"href":"https:\/\/www.colompac.com\/fr\/wp-json\/wp\/v2\/comments?post=11964"}],"wp:featuredmedia":[{"embeddable":true,"href":"https:\/\/www.colompac.com\/fr\/wp-json\/wp\/v2\/media\/19403"}],"wp:attachment":[{"href":"https:\/\/www.colompac.com\/fr\/wp-json\/wp\/v2\/media?parent=11964"}],"wp:term":[{"taxonomy":"product_cat","embeddable":true,"href":"https:\/\/www.colompac.com\/fr\/wp-json\/wp\/v2\/product_cat?post=11964"},{"taxonomy":"product_tag","embeddable":true,"href":"https:\/\/www.colompac.com\/fr\/wp-json\/wp\/v2\/product_tag?post=11964"}],"curies":[{"name":"wp","href":"https:\/\/api.w.org\/{rel}","templated":true}]}}