{"id":11412,"date":"2023-05-16T15:52:53","date_gmt":"2023-05-16T13:52:53","guid":{"rendered":"https:\/\/colompac.wearelions.agency\/?post_type=product&#038;p=11412"},"modified":"2023-07-05T16:43:29","modified_gmt":"2023-07-05T14:43:29","slug":"cp-121-050","status":"publish","type":"product","link":"https:\/\/www.colompac.com\/fr\/produit\/cp-121-050\/","title":{"rendered":"CP 121.050 (305 x 215 x 50 mm)"},"content":{"rendered":"","protected":false},"excerpt":{"rendered":"<h1><strong>Bo\u00eete &#8220;cloche&#8221; d\u2018imprimeur DIN A4<\/strong><\/h1>\n<ul>\n<li>Convient pour les documents au format DIN A4<\/li>\n<li>En 3 hauteurs diff\u00e9rentes<\/li>\n<li>Base et couvercle livr\u00e9s s\u00e9par\u00e9s<\/li>\n<li>Manipulation facile<\/li>\n<li>Livraison \u00e0 plat<\/li>\n<\/ul>\n","protected":false},"featured_media":19351,"comment_status":"open","ping_status":"closed","template":"","meta":[],"product_cat":[366],"product_tag":[370,219,217,220],"class_list":["post-11412","product","type-product","status-publish","has-post-thumbnail","hentry","product_cat-tous-les-produits-fr","product_tag-bundel-fr","product_tag-durable-fr","product_tag-fsc-fr","product_tag-pap-20-fr"],"acf":[],"jetpack_sharing_enabled":true,"_links":{"self":[{"href":"https:\/\/www.colompac.com\/fr\/wp-json\/wp\/v2\/product\/11412","targetHints":{"allow":["GET"]}}],"collection":[{"href":"https:\/\/www.colompac.com\/fr\/wp-json\/wp\/v2\/product"}],"about":[{"href":"https:\/\/www.colompac.com\/fr\/wp-json\/wp\/v2\/types\/product"}],"replies":[{"embeddable":true,"href":"https:\/\/www.colompac.com\/fr\/wp-json\/wp\/v2\/comments?post=11412"}],"wp:featuredmedia":[{"embeddable":true,"href":"https:\/\/www.colompac.com\/fr\/wp-json\/wp\/v2\/media\/19351"}],"wp:attachment":[{"href":"https:\/\/www.colompac.com\/fr\/wp-json\/wp\/v2\/media?parent=11412"}],"wp:term":[{"taxonomy":"product_cat","embeddable":true,"href":"https:\/\/www.colompac.com\/fr\/wp-json\/wp\/v2\/product_cat?post=11412"},{"taxonomy":"product_tag","embeddable":true,"href":"https:\/\/www.colompac.com\/fr\/wp-json\/wp\/v2\/product_tag?post=11412"}],"curies":[{"name":"wp","href":"https:\/\/api.w.org\/{rel}","templated":true}]}}