{"id":10760,"date":"2023-05-16T13:42:30","date_gmt":"2023-05-16T11:42:30","guid":{"rendered":"https:\/\/colompac.wearelions.agency\/?post_type=product&#038;p=10760"},"modified":"2025-05-28T15:47:32","modified_gmt":"2025-05-28T13:47:32","slug":"cp-072-04","status":"publish","type":"product","link":"https:\/\/www.colompac.com\/fr\/produit\/cp-072-04\/","title":{"rendered":"CP 072.04 (610 x 108 x 108 mm)"},"content":{"rendered":"<div id='gallery-1' class='gallery galleryid-10760 gallery-columns-4 gallery-size-full'><figure class='gallery-item'>\n\t\t\t<div class='gallery-icon landscape'>\n\t\t\t\t<img loading=\"lazy\" decoding=\"async\" width=\"500\" height=\"500\" src=\"https:\/\/www.colompac.com\/wp-content\/uploads\/2023\/03\/Detail_CP020_SK.webp\" class=\"attachment-full size-full\" alt=\"\" aria-describedby=\"gallery-1-2339\" srcset=\"https:\/\/www.colompac.com\/wp-content\/uploads\/2023\/03\/Detail_CP020_SK.webp 500w, https:\/\/www.colompac.com\/wp-content\/uploads\/2023\/03\/Detail_CP020_SK-300x300.webp 300w, https:\/\/www.colompac.com\/wp-content\/uploads\/2023\/03\/Detail_CP020_SK-100x100.webp 100w, https:\/\/www.colompac.com\/wp-content\/uploads\/2023\/03\/Detail_CP020_SK-150x150.webp 150w, https:\/\/www.colompac.com\/wp-content\/uploads\/2023\/03\/Detail_CP020_SK-200x200.webp 200w, https:\/\/www.colompac.com\/wp-content\/uploads\/2023\/03\/Detail_CP020_SK-380x380.webp 380w, https:\/\/www.colompac.com\/wp-content\/uploads\/2023\/03\/Detail_CP020_SK-20x20.webp 20w, https:\/\/www.colompac.com\/wp-content\/uploads\/2023\/03\/Detail_CP020_SK-190x190.webp 190w\" sizes=\"auto, (max-width: 500px) 100vw, 500px\" \/>\n\t\t\t<\/div>\n\t\t\t\t<figcaption class='wp-caption-text gallery-caption' id='gallery-1-2339'>\n\t\t\t\tColomPac\u00ae fermeture autocollante\n\t\t\t\t<\/figcaption><\/figure><figure class='gallery-item'>\n\t\t\t<div class='gallery-icon landscape'>\n\t\t\t\t<img loading=\"lazy\" decoding=\"async\" width=\"500\" height=\"500\" src=\"https:\/\/www.colompac.com\/wp-content\/uploads\/2023\/03\/Detail_CP72_AF.webp\" class=\"attachment-full size-full\" alt=\"Nahaufnahme eines Kartons mit aufgerissener Stelle, roter Aufreissfaden und Text zur Sicherheitsversiegelung.\" aria-describedby=\"gallery-1-2444\" srcset=\"https:\/\/www.colompac.com\/wp-content\/uploads\/2023\/03\/Detail_CP72_AF.webp 500w, https:\/\/www.colompac.com\/wp-content\/uploads\/2023\/03\/Detail_CP72_AF-300x300.webp 300w, https:\/\/www.colompac.com\/wp-content\/uploads\/2023\/03\/Detail_CP72_AF-100x100.webp 100w, https:\/\/www.colompac.com\/wp-content\/uploads\/2023\/03\/Detail_CP72_AF-150x150.webp 150w, https:\/\/www.colompac.com\/wp-content\/uploads\/2023\/03\/Detail_CP72_AF-200x200.webp 200w, https:\/\/www.colompac.com\/wp-content\/uploads\/2023\/03\/Detail_CP72_AF-380x380.webp 380w, https:\/\/www.colompac.com\/wp-content\/uploads\/2023\/03\/Detail_CP72_AF-20x20.webp 20w, https:\/\/www.colompac.com\/wp-content\/uploads\/2023\/03\/Detail_CP72_AF-190x190.webp 190w\" sizes=\"auto, (max-width: 500px) 100vw, 500px\" \/>\n\t\t\t<\/div>\n\t\t\t\t<figcaption class='wp-caption-text gallery-caption' id='gallery-1-2444'>\n\t\t\t\tOuverture facile gr\u00e2ce \u00e0 la bande d\u2019arrachage int\u00e9gr\u00e9e\n\t\t\t\t<\/figcaption><\/figure><figure class='gallery-item'>\n\t\t\t<div class='gallery-icon landscape'>\n\t\t\t\t<img loading=\"lazy\" decoding=\"async\" width=\"500\" height=\"500\" src=\"https:\/\/www.colompac.com\/wp-content\/uploads\/2023\/03\/Detail_US_Safety.webp\" class=\"attachment-full size-full\" alt=\"Hand streicht mit Finger \u00fcber eine Kante eines Kartons mit dem Text \u201aHier \u00f6ffnen \/ open here\" aria-describedby=\"gallery-1-2504\" srcset=\"https:\/\/www.colompac.com\/wp-content\/uploads\/2023\/03\/Detail_US_Safety.webp 500w, https:\/\/www.colompac.com\/wp-content\/uploads\/2023\/03\/Detail_US_Safety-300x300.webp 300w, https:\/\/www.colompac.com\/wp-content\/uploads\/2023\/03\/Detail_US_Safety-100x100.webp 100w, https:\/\/www.colompac.com\/wp-content\/uploads\/2023\/03\/Detail_US_Safety-150x150.webp 150w, https:\/\/www.colompac.com\/wp-content\/uploads\/2023\/03\/Detail_US_Safety-200x200.webp 200w, https:\/\/www.colompac.com\/wp-content\/uploads\/2023\/03\/Detail_US_Safety-380x380.webp 380w, https:\/\/www.colompac.com\/wp-content\/uploads\/2023\/03\/Detail_US_Safety-20x20.webp 20w, https:\/\/www.colompac.com\/wp-content\/uploads\/2023\/03\/Detail_US_Safety-190x190.webp 190w\" sizes=\"auto, (max-width: 500px) 100vw, 500px\" \/>\n\t\t\t<\/div>\n\t\t\t\t<figcaption class='wp-caption-text gallery-caption' id='gallery-1-2504'>\n\t\t\t\tNorme de s\u00e9curit\u00e9 US pour \u00e9viter les blessures par coupure\n\t\t\t\t<\/figcaption><\/figure><figure class='gallery-item'>\n\t\t\t<div class='gallery-icon landscape'>\n\t\t\t\t<img loading=\"lazy\" decoding=\"async\" width=\"500\" height=\"500\" src=\"https:\/\/www.colompac.com\/wp-content\/uploads\/2023\/03\/Detail_CP070_flach.webp\" class=\"attachment-full size-full\" alt=\"\" aria-describedby=\"gallery-1-2435\" srcset=\"https:\/\/www.colompac.com\/wp-content\/uploads\/2023\/03\/Detail_CP070_flach.webp 500w, https:\/\/www.colompac.com\/wp-content\/uploads\/2023\/03\/Detail_CP070_flach-300x300.webp 300w, https:\/\/www.colompac.com\/wp-content\/uploads\/2023\/03\/Detail_CP070_flach-100x100.webp 100w, https:\/\/www.colompac.com\/wp-content\/uploads\/2023\/03\/Detail_CP070_flach-150x150.webp 150w, https:\/\/www.colompac.com\/wp-content\/uploads\/2023\/03\/Detail_CP070_flach-200x200.webp 200w, https:\/\/www.colompac.com\/wp-content\/uploads\/2023\/03\/Detail_CP070_flach-380x380.webp 380w, https:\/\/www.colompac.com\/wp-content\/uploads\/2023\/03\/Detail_CP070_flach-20x20.webp 20w, https:\/\/www.colompac.com\/wp-content\/uploads\/2023\/03\/Detail_CP070_flach-190x190.webp 190w\" sizes=\"auto, (max-width: 500px) 100vw, 500px\" \/>\n\t\t\t<\/div>\n\t\t\t\t<figcaption class='wp-caption-text gallery-caption' id='gallery-1-2435'>\n\t\t\t\tLivraison \u00e0 plat\n\t\t\t\t<\/figcaption><\/figure>\n\t\t<\/div>\n\n<div class=\"responsive-embed widescreen youtube\"><iframe loading=\"lazy\" title=\"ColomPac\u00ae CP 072 Long box-section postal tube - HD 1920 x 1080\" width=\"1170\" height=\"658\" src=\"https:\/\/www.youtube.com\/embed\/mqzL7jXPCv4?feature=oembed&#038;showinfo=0&#038;rel=0&#038;modestbranding=1\" frameborder=\"0\" allow=\"accelerometer; autoplay; clipboard-write; encrypted-media; gyroscope; picture-in-picture; web-share\" referrerpolicy=\"strict-origin-when-cross-origin\" allowfullscreen><\/iframe><\/div>\n","protected":false},"excerpt":{"rendered":"<h1><strong>La quadrature du cercle<\/strong><\/h1>\n<h2>La bo\u00eete d\u2019exp\u00e9dition pour documents roul\u00e9s<\/h2>\n<ul>\n<li>Convient pour l\u2019envoi de posters, plans, tapis de sol, etc.<\/li>\n<li>Montage en un clin d\u2019oeil et fermeture s\u00e9curis\u00e9e sans embouts plastique<\/li>\n<li>Empilable gr\u00e2ce \u00e0 la forme carr\u00e9e<\/li>\n<\/ul>\n","protected":false},"featured_media":18798,"comment_status":"open","ping_status":"closed","template":"","meta":[],"product_cat":[366],"product_tag":[370,247,219,217,220],"class_list":["post-10760","product","type-product","status-publish","has-post-thumbnail","hentry","product_cat-tous-les-produits-fr","product_tag-bundel-fr","product_tag-double-fermeture-autocollante-fr","product_tag-durable-fr","product_tag-fsc-fr","product_tag-pap-20-fr"],"acf":[],"jetpack_sharing_enabled":true,"_links":{"self":[{"href":"https:\/\/www.colompac.com\/fr\/wp-json\/wp\/v2\/product\/10760","targetHints":{"allow":["GET"]}}],"collection":[{"href":"https:\/\/www.colompac.com\/fr\/wp-json\/wp\/v2\/product"}],"about":[{"href":"https:\/\/www.colompac.com\/fr\/wp-json\/wp\/v2\/types\/product"}],"replies":[{"embeddable":true,"href":"https:\/\/www.colompac.com\/fr\/wp-json\/wp\/v2\/comments?post=10760"}],"wp:featuredmedia":[{"embeddable":true,"href":"https:\/\/www.colompac.com\/fr\/wp-json\/wp\/v2\/media\/18798"}],"wp:attachment":[{"href":"https:\/\/www.colompac.com\/fr\/wp-json\/wp\/v2\/media?parent=10760"}],"wp:term":[{"taxonomy":"product_cat","embeddable":true,"href":"https:\/\/www.colompac.com\/fr\/wp-json\/wp\/v2\/product_cat?post=10760"},{"taxonomy":"product_tag","embeddable":true,"href":"https:\/\/www.colompac.com\/fr\/wp-json\/wp\/v2\/product_tag?post=10760"}],"curies":[{"name":"wp","href":"https:\/\/api.w.org\/{rel}","templated":true}]}}