{"id":18305,"date":"2025-01-28T13:47:33","date_gmt":"2025-01-28T12:47:33","guid":{"rendered":"https:\/\/www.colompac.com\/download\/"},"modified":"2025-05-06T09:52:40","modified_gmt":"2025-05-06T07:52:40","slug":"download","status":"publish","type":"page","link":"https:\/\/www.colompac.com\/fr\/download\/","title":{"rendered":"Zone de t\u00e9l\u00e9chargement s\u00e9curis\u00e9e"},"content":{"rendered":"<p>Veuillez vous connecter pour acc\u00e9der au gestionnaire de fichiers.<\/p>\n\n\n\n<p><\/p>\n","protected":false},"excerpt":{"rendered":"Veuillez vous connecter pour acc\u00e9der au gestionnaire de fichiers.","protected":false},"author":1,"featured_media":0,"parent":0,"menu_order":0,"comment_status":"closed","ping_status":"closed","template":"page-default.php","meta":{"footnotes":""},"class_list":["post-18305","page","type-page","status-publish","hentry"],"acf":[],"jetpack_sharing_enabled":true,"_links":{"self":[{"href":"https:\/\/www.colompac.com\/fr\/wp-json\/wp\/v2\/pages\/18305","targetHints":{"allow":["GET"]}}],"collection":[{"href":"https:\/\/www.colompac.com\/fr\/wp-json\/wp\/v2\/pages"}],"about":[{"href":"https:\/\/www.colompac.com\/fr\/wp-json\/wp\/v2\/types\/page"}],"author":[{"embeddable":true,"href":"https:\/\/www.colompac.com\/fr\/wp-json\/wp\/v2\/users\/1"}],"replies":[{"embeddable":true,"href":"https:\/\/www.colompac.com\/fr\/wp-json\/wp\/v2\/comments?post=18305"}],"version-history":[{"count":0,"href":"https:\/\/www.colompac.com\/fr\/wp-json\/wp\/v2\/pages\/18305\/revisions"}],"wp:attachment":[{"href":"https:\/\/www.colompac.com\/fr\/wp-json\/wp\/v2\/media?parent=18305"}],"curies":[{"name":"wp","href":"https:\/\/api.w.org\/{rel}","templated":true}]}}