{"id":13297,"date":"2023-04-12T14:48:56","date_gmt":"2023-04-12T12:48:56","guid":{"rendered":"https:\/\/colompac.wearelions.agency\/produktuebersicht\/"},"modified":"2025-11-24T08:12:21","modified_gmt":"2025-11-24T07:12:21","slug":"produktuebersicht","status":"publish","type":"page","link":"https:\/\/www.colompac.com\/fr\/produktuebersicht\/","title":{"rendered":"Pr\u00e9sentation du produit"},"content":{"rendered":"<section class=\"wpb-content-wrapper\">[vc_row thb_full_width=&#8221;true&#8221; css=&#8221;.vc_custom_1681382341369{padding-top: 90px !important;}&#8221;][vc_column][vc_column_text]\n<h1>Notre assortiment<\/h1>\n[\/vc_column_text][\/vc_column][\/vc_row][vc_row thb_full_width=&#8221;true&#8221; el_class=&#8221;sortiment&#8221; css=&#8221;.vc_custom_1686043688226{padding-bottom: 1vh !important;}&#8221;][vc_column width=&#8221;1\/4&#8243;][vc_single_image image=&#8221;17644&#8243; img_size=&#8221;large&#8221; onclick=&#8221;custom_link&#8221; css=&#8221;.vc_custom_1737555543106{background-color: #ededed !important;}&#8221; link=&#8221;https:\/\/www.colompac.com\/fr\/categorie-produit\/petit-colis-dhl\/&#8221;][vc_column_text]\n<h3 style=\"text-align: center;\"><strong>Petit colis DHL<\/strong><\/h3>\n[\/vc_column_text][vc_column_text]\n<p style=\"text-align: center;\">Exp\u00e9dier de petites marchandises rapidement et \u00e0 moindre co\u00fbt<\/p>\n[\/vc_column_text][vc_column_text]\n<p style=\"text-align: center;\"><a href=\"https:\/\/www.colompac.com\/fr\/produit\/petits-colis-dhl\/\">La gamme de produits<\/a> \/ <a href=\"https:\/\/www.colompac.com\/fr\/produit\/cp-010-84\/\">CP 010.84<\/a> \/ <a href=\"https:\/\/www.colompac.com\/fr\/produit\/cp-021-09-2\/\">CP 021.09<\/a> \/ <a href=\"https:\/\/www.colompac.com\/fr\/produit\/cp-065-89\/\">CP 065.89<\/a> \/ <a href=\"https:\/\/www.colompac.com\/fr\/produit\/cp-80-89\/\">CP 080.89<\/a> \/ <a href=\"https:\/\/www.colompac.com\/fr\/produit\/cp-151-328\/\">CP 151.328<\/a><\/p>\n[\/vc_column_text][\/vc_column][vc_column width=&#8221;1\/4&#8243;][vc_single_image image=&#8221;18281&#8243; img_size=&#8221;large&#8221; onclick=&#8221;custom_link&#8221; css=&#8221;.vc_custom_1746436613736{background-color: #ededed !important;}&#8221; link=&#8221;https:\/\/www.colompac.com\/fr\/categorie-produit\/nouveau\/&#8221;][vc_column_text]\n<h3 style=\"text-align: center;\"><strong>Nouveau<\/strong><\/h3>\n[\/vc_column_text][vc_column_text]\n<p style=\"text-align: center;\">Innovations pour l&#8217;industrie et la logistique<\/p>\n[\/vc_column_text][vc_column_text]\n<p style=\"text-align: center;\"><a href=\"https:\/\/www.colompac.com\/fr\/produit\/cp-085\/\">CP 085<\/a> \/ <a href=\"https:\/\/www.colompac.com\/fr\/produit\/cp-151-2\/\">CP 151 XL<\/a> \/ <a href=\"https:\/\/www.colompac.com\/fr\/produit\/cp-159\/\">CP 159<\/a><\/p>\n[\/vc_column_text][\/vc_column][vc_column width=&#8221;1\/4&#8243;][vc_single_image image=&#8221;12895&#8243; img_size=&#8221;large&#8221; onclick=&#8221;custom_link&#8221; css=&#8221;.vc_custom_1688480427650{background-color: #ededed !important;}&#8221; link=&#8221;https:\/\/www.colompac.com\/fr\/categorie-produit\/pochettes-d-expedition-fr\/&#8221;][vc_column_text]\n<h3 style=\"text-align: center;\"><strong>Pochettes d\u2019exp\u00e9dition<\/strong><\/h3>\n[\/vc_column_text][vc_column_text]\n<p style=\"text-align: center;\">pour prospectus, catalogues, calendriers, textiles\u2026<\/p>\n[\/vc_column_text][vc_column_text]\n<p style=\"text-align: center;\"><a href=\"https:\/\/www.colompac.com\/fr\/produit\/cp-010\/\">CP 010<\/a> \/ <a href=\"https:\/\/www.colompac.com\/fr\/produit\/cp-012\/\">CP 012<\/a> \/ <a href=\"https:\/\/www.colompac.com\/fr\/produit\/cp-015\/\">CP 015<\/a> \/ <a href=\"https:\/\/www.colompac.com\/fr\/produit\/cp-017\/\">CP 017<\/a><\/p>\n[\/vc_column_text][\/vc_column][vc_column width=&#8221;1\/4&#8243;][vc_single_image image=&#8221;12891&#8243; img_size=&#8221;large&#8221; onclick=&#8221;custom_link&#8221; css=&#8221;.vc_custom_1688480442470{background-color: #ededed !important;}&#8221; link=&#8221;https:\/\/www.colompac.com\/fr\/categorie-produit\/envois-universels-et-de-livres-fr\/&#8221;][vc_column_text]\n<h3 style=\"text-align: center;\"><strong>Envois universels et de livres<\/strong><\/h3>\n[\/vc_column_text][vc_column_text]\n<p style=\"text-align: center;\">pour livres, livres illustr\u00e9s, catalogues, jeux, albums vinyle\u2026<\/p>\n[\/vc_column_text][vc_column_text]\n<p style=\"text-align: center;\"><a href=\"https:\/\/www.colompac.com\/fr\/produit\/cp-020\/\">CP 020<\/a> \/ <a href=\"https:\/\/www.colompac.com\/fr\/produit\/cp-030\/\">CP 030<\/a> \/ <a href=\"https:\/\/www.colompac.com\/fr\/produit\/cp-035\/\">CP 035<\/a> \/ <a href=\"https:\/\/www.colompac.com\/fr\/produit\/cp-037\/\">CP 037<\/a><\/p>\n[\/vc_column_text][\/vc_column][\/vc_row][vc_row thb_full_width=&#8221;true&#8221; el_class=&#8221;sortiment&#8221; css=&#8221;.vc_custom_1686043688226{padding-bottom: 1vh !important;}&#8221;][vc_column width=&#8221;1\/4&#8243;][vc_single_image image=&#8221;12875&#8243; img_size=&#8221;large&#8221; onclick=&#8221;custom_link&#8221; css=&#8221;.vc_custom_1688480456969{background-color: #ededed !important;}&#8221; link=&#8221;https:\/\/www.colompac.com\/fr\/categorie-produit\/envoi-de-classeurs-fr\/&#8221;][vc_column_text]\n<h3 style=\"text-align: center;\"><strong>Envoi de classeurs<\/strong><\/h3>\n[\/vc_column_text][vc_column_text]\n<p style=\"text-align: center;\">pour classeurs de diff\u00e9rentes hauteurs<\/p>\n[\/vc_column_text][vc_column_text]\n<p style=\"text-align: center;\"><a href=\"https:\/\/www.colompac.com\/fr\/produit\/cp-050\/\">CP 050<\/a> \/ <a href=\"https:\/\/www.colompac.com\/fr\/produit\/cp-055\/\">CP 055<\/a><\/p>\n[\/vc_column_text][\/vc_column][vc_column width=&#8221;1\/4&#8243;][vc_single_image image=&#8221;12871&#8243; img_size=&#8221;large&#8221; onclick=&#8221;custom_link&#8221; css=&#8221;.vc_custom_1688480473759{background-color: #ededed !important;}&#8221; link=&#8221;https:\/\/www.colompac.com\/fr\/categorie-produit\/envoi-de-media-fr\/&#8221;][vc_column_text]\n<h3 style=\"text-align: center;\"><strong>Envoi de media<\/strong><\/h3>\n[\/vc_column_text][vc_column_text]\n<p style=\"text-align: center;\">pour CD, DVD avec ou sans bo\u00eetier<\/p>\n[\/vc_column_text][vc_column_text]\n<p style=\"text-align: center;\"><a href=\"https:\/\/www.colompac.com\/fr\/produit\/cp-040-16\/\">CP 040.16<\/a> \/ <a href=\"https:\/\/www.colompac.com\/fr\/produit\/cp-042-11\/\">CP 042.11<\/a><\/p>\n[\/vc_column_text][\/vc_column][vc_column width=&#8221;1\/4&#8243;][vc_single_image image=&#8221;12863&#8243; img_size=&#8221;large&#8221; onclick=&#8221;custom_link&#8221; css=&#8221;.vc_custom_1688480491810{background-color: #ededed !important;}&#8221; link=&#8221;https:\/\/www.colompac.com\/fr\/categorie-produit\/cartons-a-fond-automatique-fr\/&#8221;][vc_column_text]\n<h3 style=\"text-align: center;\"><strong>Cartons \u00e0 fond automatique<\/strong><\/h3>\n[\/vc_column_text][vc_column_text]\n<p style=\"text-align: center;\">Id\u00e9al pour (presque) tous les usages en e-commerce<\/p>\n[\/vc_column_text][vc_column_text]\n<p style=\"text-align: center;\"><a href=\"https:\/\/www.colompac.com\/fr\/produit\/cp-141\/\">CP 141<\/a> \/ <a href=\"https:\/\/www.colompac.com\/fr\/produit\/cp-151\/\">CP 151<\/a> \/ <a href=\"https:\/\/www.colompac.com\/fr\/produit\/cp-155\/\">CP 155<\/a> \/ <a href=\"https:\/\/www.colompac.com\/fr\/produit\/cp-159\/\">CP 159<\/a><\/p>\n[\/vc_column_text][\/vc_column][vc_column width=&#8221;1\/4&#8243;][vc_single_image image=&#8221;15098&#8243; img_size=&#8221;large&#8221; onclick=&#8221;custom_link&#8221; css=&#8221;.vc_custom_1689168593019{background-color: #ededed !important;}&#8221; link=&#8221;https:\/\/www.colompac.com\/fr\/categorie-produit\/fond-automatique-double-cannelure\/&#8221;][vc_column_text]\n<h3 style=\"text-align: center;\"><strong>Carton \u00e0 fond automatique double cannelure<\/strong><\/h3>\n[\/vc_column_text][vc_column_text]\n<p style=\"text-align: center;\">pour que m\u00eame les objets lourds arrivent \u00e0 bon port<\/p>\n[\/vc_column_text][vc_column_text]\n<p style=\"text-align: center;\"><a href=\"https:\/\/www.colompac.com\/fr\/produit\/cp-085\/\">CP 085<\/a> \/ <a href=\"https:\/\/www.colompac.com\/fr\/produit\/cp-151-2\/\">CP 151 XL<\/a> \/ <a href=\"https:\/\/www.colompac.com\/fr\/produit\/cp-154-xl\/\">CP 154 XL<\/a><\/p>\n[\/vc_column_text][\/vc_column][\/vc_row][vc_row thb_full_width=&#8221;true&#8221; css=&#8221;.vc_custom_1686043677088{padding-top: 1vh !important;padding-bottom: 1vh !important;}&#8221; el_class=&#8221;sortiment&#8221;][vc_column width=&#8221;1\/4&#8243;][vc_single_image image=&#8221;12867&#8243; img_size=&#8221;large&#8221; onclick=&#8221;custom_link&#8221; css=&#8221;.vc_custom_1688480507380{background-color: #ededed !important;}&#8221; link=&#8221;https:\/\/www.colompac.com\/fr\/categorie-produit\/boites-eurobox-fr\/&#8221;][vc_column_text]\n<h3 style=\"text-align: center;\"><strong>Bo\u00eetes Eurobox<\/strong><\/h3>\n[\/vc_column_text][vc_column_text]\n<p style=\"text-align: center;\">La gamme de cartons \u00e0 fond automatique adapt\u00e9s aux palettes<\/p>\n[\/vc_column_text][vc_column_text]\n<p style=\"text-align: center;\"><a href=\"https:\/\/www.colompac.com\/fr\/produit\/cp-154-small\/\">CP 154 SMALL<\/a> \/ <a href=\"https:\/\/www.colompac.com\/fr\/produit\/cp-154-medium\/\">CP 154 MEDIUM<\/a> \/ <a href=\"https:\/\/www.colompac.com\/fr\/produit\/cp-154-large\/\">CP 154 LARGE<\/a> \/ <a href=\"https:\/\/www.colompac.com\/fr\/produit\/cp-154-xl\/\">CP 154 XL<\/a><\/p>\n[\/vc_column_text][\/vc_column][vc_column width=&#8221;1\/4&#8243;][vc_single_image image=&#8221;14053&#8243; img_size=&#8221;large&#8221; onclick=&#8221;custom_link&#8221; css=&#8221;.vc_custom_1688480650016{background-color: #ededed !important;}&#8221; link=&#8221;https:\/\/www.colompac.com\/fr\/categorie-produit\/fashionbox-fr\/&#8221;][vc_column_text]\n<h3 style=\"text-align: center;\"><strong>Fashion box \/ Modulaire de bo\u00eetes<\/strong><\/h3>\n[\/vc_column_text][vc_column_text]\n<p style=\"text-align: center;\">Les eyecatcher dans le e-commerce<\/p>\n[\/vc_column_text][vc_column_text]\n<p style=\"text-align: center;\"><a href=\"https:\/\/www.colompac.com\/fr\/produit\/cp-164\/\">CP 164<\/a> \/ <a href=\"https:\/\/www.colompac.com\/fr\/produit\/cp-080\/\">CP 080<\/a><\/p>\n[\/vc_column_text][\/vc_column][vc_column width=&#8221;1\/4&#8243;][vc_single_image image=&#8221;12879&#8243; img_size=&#8221;large&#8221; onclick=&#8221;custom_link&#8221; css=&#8221;.vc_custom_1688480664238{background-color: #ededed !important;}&#8221; link=&#8221;https:\/\/www.colompac.com\/fr\/categorie-produit\/emballages-expedition-fr\/&#8221;][vc_column_text]\n<h3 style=\"text-align: center;\"><strong>Emballages d\u2019exp\u00e9dition<\/strong><\/h3>\n[\/vc_column_text][vc_column_text]\n<p style=\"text-align: center;\">pour cadeaux, cosm\u00e9tiques, informatique et \u00e9lectronique, mode\u2026<\/p>\n[\/vc_column_text][vc_column_text]\n<p style=\"text-align: center;\"><a href=\"https:\/\/www.colompac.com\/fr\/produit\/cp-065\/\">CP 065<\/a> \/ <a href=\"https:\/\/www.colompac.com\/fr\/produit\/cp-066\/\">CP 066<\/a> \/ <a href=\"https:\/\/www.colompac.com\/fr\/produit\/cp-068\/\">CP 068<\/a>\u00a0\/ <a href=\"https:\/\/www.colompac.com\/fr\/produit\/cp-069\/\">CP 069<\/a> \/ <a href=\"https:\/\/www.colompac.com\/fr\/produit\/cp-080\/\">CP 080<\/a> \/ <a href=\"https:\/\/www.colompac.com\/fr\/produit\/cp-164\/\">CP 164<\/a><\/p>\n[\/vc_column_text][\/vc_column][vc_column width=&#8221;1\/4&#8243;][vc_single_image image=&#8221;14071&#8243; img_size=&#8221;large&#8221; onclick=&#8221;custom_link&#8221; css=&#8221;.vc_custom_1689930382602{background-color: #ededed !important;}&#8221; link=&#8221;https:\/\/www.colompac.com\/fr\/categorie-produit\/maxibrief-fr\/&#8221;][vc_column_text]\n<h3 style=\"text-align: center;\"><strong>Maxi lettre<\/strong><\/h3>\n[\/vc_column_text][vc_column_text]\n<p style=\"text-align: center;\">\u00e9conomiser les frais d&#8217;envoi avec le format 350 x 250 x 50 mm<\/p>\n[\/vc_column_text][vc_column_text]\n<p style=\"text-align: center;\"><a href=\"https:\/\/www.colompac.com\/fr\/produit\/cp-065-66-80\/\">emballages d\u2019exp\u00e9dition<\/a>, <a href=\"https:\/\/www.colompac.com\/fr\/produit\/cp-010-012-015-017\/\">pochettes d&#8217;exp\u00e9dition<\/a>, <a href=\"https:\/\/www.colompac.com\/fr\/produit\/cp-020-021-035-037\/\">envois universels et de livres\u00a0<\/a><\/p>\n[\/vc_column_text][\/vc_column][\/vc_row][vc_row thb_full_width=&#8221;true&#8221; css=&#8221;.vc_custom_1686043677088{padding-top: 1vh !important;padding-bottom: 1vh !important;}&#8221; el_class=&#8221;sortiment&#8221;][vc_column width=&#8221;1\/4&#8243;][vc_single_image image=&#8221;12899&#8243; img_size=&#8221;large&#8221; onclick=&#8221;custom_link&#8221; css=&#8221;.vc_custom_1688480746483{background-color: #ededed !important;}&#8221; link=&#8221;https:\/\/www.colompac.com\/fr\/categorie-produit\/cartons-pour-bouteilles-fr\/&#8221;][vc_column_text]\n<h3 style=\"text-align: center;\"><strong>Cartons pour bouteilles<\/strong><\/h3>\n[\/vc_column_text][vc_column_text]\n<p style=\"text-align: center;\">pour 1 ou 3 et 6 bouteilles de vin, certifi\u00e9s DHL<\/p>\n[\/vc_column_text][vc_column_text]\n<p style=\"text-align: center;\"><a href=\"https:\/\/www.colompac.com\/fr\/produit\/cp-181\/\">CP 181<\/a><\/p>\n[\/vc_column_text][\/vc_column][vc_column width=&#8221;1\/4&#8243;][vc_single_image image=&#8221;12883&#8243; img_size=&#8221;large&#8221; onclick=&#8221;custom_link&#8221; css=&#8221;.vc_custom_1688480764764{background-color: #ededed !important;}&#8221; link=&#8221;https:\/\/www.colompac.com\/fr\/categorie-produit\/documents-roules-fr\/&#8221;][vc_column_text]\n<h3 style=\"text-align: center;\"><strong>Documents roul\u00e9s<\/strong><\/h3>\n[\/vc_column_text][vc_column_text]\n<p style=\"text-align: center;\">pour plans, posters, tapis, luminaires\u2026<\/p>\n[\/vc_column_text][vc_column_text]\n<p style=\"text-align: center;\"><a href=\"https:\/\/www.colompac.com\/fr\/produit\/cp-070\/\">CP 070<\/a> \/ <a href=\"https:\/\/www.colompac.com\/fr\/produit\/cp-072\/\">CP 072<\/a> \/ <a href=\"https:\/\/www.colompac.com\/fr\/produit\/cp-073\/\">CP 073<\/a><\/p>\n[\/vc_column_text][\/vc_column][vc_column width=&#8221;1\/4&#8243;][vc_single_image image=&#8221;15525&#8243; img_size=&#8221;large&#8221; onclick=&#8221;custom_link&#8221; css=&#8221;.vc_custom_1690375679497{background-color: #ededed !important;}&#8221; link=&#8221;https:\/\/www.colompac.com\/fr\/categorie-produit\/fixtrays-fr\/&#8221;][vc_column_text]\n<h3 style=\"text-align: center;\"><strong>FixTray<\/strong><\/h3>\n[\/vc_column_text][vc_column_text]\n<p style=\"text-align: center;\">pour l&#8217;envoi de composants sensibles et d&#8217;\u00e9lectronique<\/p>\n[\/vc_column_text][vc_column_text]\n<p style=\"text-align: center;\"><a href=\"https:\/\/www.colompac.com\/fr\/produit\/cp-140\/\">CP 140<\/a> \/ <a href=\"https:\/\/www.colompac.com\/fr\/produit\/ft-140\/\">FT 140<\/a><\/p>\n[\/vc_column_text][\/vc_column][vc_column width=&#8221;1\/4&#8243;][vc_single_image image=&#8221;12859&#8243; img_size=&#8221;large&#8221; onclick=&#8221;custom_link&#8221; css=&#8221;.vc_custom_1688480814761{background-color: #ededed !important;}&#8221; link=&#8221;https:\/\/www.colompac.com\/fr\/categorie-produit\/boite-de-montage-fr\/&#8221;][vc_column_text]\n<h3 style=\"text-align: center;\"><strong>Bo\u00eete de montage<\/strong><\/h3>\n[\/vc_column_text][vc_column_text]\n<p style=\"text-align: center;\">pour produits imprim\u00e9s&#8230;<\/p>\n[\/vc_column_text][vc_column_text]\n<p style=\"text-align: center;\"><a href=\"https:\/\/www.colompac.com\/fr\/produit\/cp-121\/\">CP 121<\/a> \/ <a href=\"https:\/\/www.colompac.com\/fr\/produit\/cp-131\/\">CP 131<\/a><\/p>\n[\/vc_column_text][\/vc_column][\/vc_row][vc_row thb_full_width=&#8221;true&#8221; css=&#8221;.vc_custom_1686043677088{padding-top: 1vh !important;padding-bottom: 1vh !important;}&#8221; el_class=&#8221;sortiment&#8221;][vc_column width=&#8221;1\/4&#8243;][vc_single_image image=&#8221;16979&#8243; img_size=&#8221;large&#8221; onclick=&#8221;custom_link&#8221; css=&#8221;.vc_custom_1763968076564{background-color: #ededed !important;}&#8221; link=&#8221;https:\/\/www.colompac.com\/fr\/categorie-produit\/cartons-pour-bouteilles-fr\/&#8221;][vc_column_text]\n<h3 style=\"text-align: center;\"><strong>Emballages pour vins et cadeaux<\/strong><\/h3>\n[\/vc_column_text][vc_column_text]\n<p style=\"text-align: center;\">Emballages cadeaux pour le vin<\/p>\n[\/vc_column_text][vc_column_text]\n<p style=\"text-align: center;\"><a href=\"https:\/\/www.colompac.com\/fr\/produit\/sawp\/\">SAWP Emballage pour vin<\/a>\u00a0 \/ <a href=\"https:\/\/www.colompac.com\/fr\/produit\/sawp-paniercadeau\/\">SAWP Panier cadeau<\/a><\/p>\n[\/vc_column_text][\/vc_column][vc_column width=&#8221;1\/4&#8243;][vc_single_image image=&#8221;19526&#8243; img_size=&#8221;large&#8221; onclick=&#8221;custom_link&#8221; css=&#8221;.vc_custom_1763968108289{background-color: #ededed !important;}&#8221; link=&#8221;https:\/\/www.colompac.com\/fr\/categorie-produit\/documents-roules-fr\/&#8221;][vc_column_text]\n<h3 style=\"text-align: center;\"><strong><a href=\"https:\/\/www.yumpu.com\/fr\/document\/read\/70655565\/cp-sp-katalog-fr-neutral\" target=\"_blank\" rel=\"noopener\">Parcourez le catalogue ColomPac\u00ae<\/a><\/strong><\/h3>\n[\/vc_column_text][\/vc_column][\/vc_row]\n<\/section>","protected":false},"excerpt":{"rendered":"<p>[vc_row thb_full_width=&#8221;true&#8221; css=&#8221;.vc_custom_1681382341369{padding-top: 90px !important;}&#8221;][vc_column][vc_column_text] Notre assortiment [\/vc_column_text][\/vc_column][\/vc_row][vc_row thb_full_width=&#8221;true&#8221; el_class=&#8221;sortiment&#8221; css=&#8221;.vc_custom_1686043688226{padding-bottom: 1vh !important;}&#8221;][vc_column width=&#8221;1\/4&#8243;][vc_single_image image=&#8221;17644&#8243; img_size=&#8221;large&#8221; onclick=&#8221;custom_link&#8221; css=&#8221;.vc_custom_1737555543106{background-color: #ededed !important;}&#8221; link=&#8221;https:\/\/www.colompac.com\/fr\/categorie-produit\/petit-colis-dhl\/&#8221;][vc_column_text] Petit colis DHL [\/vc_column_text][vc_column_text] Exp\u00e9dier de petites marchandises rapidement et \u00e0 moindre co\u00fbt [\/vc_column_text][vc_column_text] La gamme de produits \/ CP 010.84 \/ CP 021.09 \/ CP 065.89 \/ CP 080.89 \/ CP 151.328 [\/vc_column_text][\/vc_column][vc_column&hellip;<\/p>\n","protected":false},"author":1,"featured_media":0,"parent":0,"menu_order":0,"comment_status":"closed","ping_status":"closed","template":"","meta":{"footnotes":""},"class_list":["post-13297","page","type-page","status-publish","hentry"],"acf":[],"jetpack_sharing_enabled":true,"_links":{"self":[{"href":"https:\/\/www.colompac.com\/fr\/wp-json\/wp\/v2\/pages\/13297","targetHints":{"allow":["GET"]}}],"collection":[{"href":"https:\/\/www.colompac.com\/fr\/wp-json\/wp\/v2\/pages"}],"about":[{"href":"https:\/\/www.colompac.com\/fr\/wp-json\/wp\/v2\/types\/page"}],"author":[{"embeddable":true,"href":"https:\/\/www.colompac.com\/fr\/wp-json\/wp\/v2\/users\/1"}],"replies":[{"embeddable":true,"href":"https:\/\/www.colompac.com\/fr\/wp-json\/wp\/v2\/comments?post=13297"}],"version-history":[{"count":0,"href":"https:\/\/www.colompac.com\/fr\/wp-json\/wp\/v2\/pages\/13297\/revisions"}],"wp:attachment":[{"href":"https:\/\/www.colompac.com\/fr\/wp-json\/wp\/v2\/media?parent=13297"}],"curies":[{"name":"wp","href":"https:\/\/api.w.org\/{rel}","templated":true}]}}