{"id":13279,"date":"2023-03-14T15:46:04","date_gmt":"2023-03-14T14:46:04","guid":{"rendered":"https:\/\/colompac.wearelions.agency\/das-original\/"},"modified":"2025-03-10T07:36:58","modified_gmt":"2025-03-10T06:36:58","slug":"das-original","status":"publish","type":"page","link":"https:\/\/www.colompac.com\/fr\/das-original\/","title":{"rendered":"L&#8217;original"},"content":{"rendered":"<section class=\"wpb-content-wrapper\">[vc_row thb_full_width=&#8221;true&#8221; el_class=&#8221;align-center&#8221; css=&#8221;.vc_custom_1685611581333{padding-top: 5vh !important;}&#8221;][vc_column el_class=&#8221;text-center&#8221;][vc_column_text]\n<h1 style=\"text-align: center;\">Pourquoi pr\u00e9f\u00e9rer l\u2019original?<\/h1>\n[\/vc_column_text][vc_separator color=&#8221;custom&#8221; border_width=&#8221;3&#8243; el_width=&#8221;20&#8243; accent_color=&#8221;#ffd600&#8243;][vc_empty_space height=&#8221;50px&#8221;][\/vc_column][\/vc_row][vc_row content_placement=&#8221;middle&#8221; css=&#8221;.vc_custom_1685611469450{background-color: #f4f4f4 !important;}&#8221;][vc_column width=&#8221;1\/2&#8243;][vc_single_image image=&#8221;14450&#8243; img_size=&#8221;large&#8221;][\/vc_column][vc_column width=&#8221;1\/2&#8243;][vc_column_text]\n<h1><strong>Qualit\u00e9<\/strong><\/h1>\n<h3>Sans compromis<\/h3>\n[\/vc_column_text][vc_column_text]Votre produit doit arriver \u00e0 bon port. Il faut pour cela une qualit\u00e9 sans compromis, c\u2019est-\u00e0-dire des mat\u00e9riaux exclusifs, la fermeture autocollante ColomPac\u00ae , un fil d\u2019arrachage int\u00e9gr\u00e9 et des solutions bien pens\u00e9es. Avec un grand souci du d\u00e9tail, toutes les solutions ColomPac\u00ae sont mises au point et fabriqu\u00e9es par notre usine de production implant\u00e9e \u00e0 Hall dans le Tyrol. Pour que vous aussi, vous n\u2019ayez pas \u00e0 faire de compromis ![\/vc_column_text][\/vc_column][\/vc_row][vc_row content_placement=&#8221;middle&#8221; css=&#8221;.vc_custom_1685611539660{background-color: #dddddd !important;}&#8221;][vc_column width=&#8221;1\/2&#8243;][vc_column_text]\n<h1><strong>Fiabilit\u00e9<\/strong><\/h1>\n<h3>Sans d\u00e9lai d\u00e9part magasins<\/h3>\n[\/vc_column_text][vc_column_text]Le commerce en ligne est synonyme de dynamisme. Il faut tout et tout de suite. Pour ceci, ColomPac\u00ae propose une gamme compl\u00e8te de produits. Ainsi, pour quasiment chaque produit, il y a au moins une solution d&#8217;exp\u00e9dition d\u00fbment adapt\u00e9e et livrable sans d\u00e9lai d\u00e9part magasins. De l&#8217;emballage livres traditionnel \u00e0 la <em>fashion box<\/em>, en passant par l\u2019unit\u00e9 d&#8217;emballage en <em>dropshipment<\/em> et jusqu\u2019aux grandes quantit\u00e9s. Pour que vous receviez ce dont vous avez besoin. Et au moment o\u00f9 vous en avez besoin.[\/vc_column_text][\/vc_column][vc_column width=&#8221;1\/2&#8243;][vc_single_image image=&#8221;12810&#8243; img_size=&#8221;large&#8221;][\/vc_column][\/vc_row][vc_row content_placement=&#8221;middle&#8221; css=&#8221;.vc_custom_1685611469450{background-color: #f4f4f4 !important;}&#8221;][vc_column width=&#8221;1\/2&#8243;][vc_single_image image=&#8221;12814&#8243; img_size=&#8221;large&#8221;][\/vc_column][vc_column width=&#8221;1\/2&#8243;][vc_column_text]\n<h1><strong>Personnalisation<\/strong><\/h1>\n<h3>Conception et fabrication<\/h3>\n[\/vc_column_text][vc_column_text]Vous souhaitez un emballage sp\u00e9cialement con\u00e7u pour votre produit ou votre marque ? Nous \u00e9laborons conjointement avec vous la solution taill\u00e9e sur mesure. Proches du march\u00e9 en ligne, nous connaissons les enjeux sp\u00e9cifiques li\u00e9s non seulement \u00e0 la technologie et \u00e0 la production, mais aussi \u00e0 l&#8217;impression et \u00e0 la conception. Pour que votre produit et votre marque aient un franc succ\u00e8s.[\/vc_column_text][\/vc_column][\/vc_row][vc_row content_placement=&#8221;middle&#8221; css=&#8221;.vc_custom_1685611552681{background-color: #dddddd !important;}&#8221;][vc_column width=&#8221;1\/2&#8243;][vc_column_text]\n<h1><strong>Gestion durable<\/strong><\/h1>\n<h3>Des ambitions \u00e9lev\u00e9es<\/h3>\n[\/vc_column_text][vc_column_text]La gestion durable doit \u00eatre bien plus qu&#8217;un simple slogan. Nous traitons ce sujet sensible en toute honn\u00eatet\u00e9. Le carton et le carton ondul\u00e9 \u00e9tant des mat\u00e9riaux naturels, ils sont facilement recyclables \u00e0 100 %. Nos produits ColomPac\u00ae sont bien entendu certifi\u00e9s FSC\u00ae et sont produits r\u00e9gionalement en Autriche. Nous agissons de mani\u00e8re responsable en optimisant constamment nos produits, en tenant compte de l&#8217;utilisation optimale des mat\u00e9riaux et en minimisant, dans la mesure du possible, les \u00e9missions de gaz \u00e0 effet de serre dans la cha\u00eene de cr\u00e9ation de valeur.<\/p>\n<p>Or, nos ambitions vont plus loin : plus d\u2019id\u00e9es, moins de mat\u00e9riau, bien abouties et pas simplement copi\u00e9es ; c&#8217;est ce qui fait de ColomPac\u00ae une solution toujours meilleure.[\/vc_column_text][\/vc_column][vc_column width=&#8221;1\/2&#8243;][vc_single_image image=&#8221;12818&#8243; img_size=&#8221;large&#8221;][\/vc_column][\/vc_row][vc_row content_placement=&#8221;middle&#8221; css=&#8221;.vc_custom_1685611469450{background-color: #f4f4f4 !important;}&#8221;][vc_column width=&#8221;1\/2&#8243;][vc_single_image image=&#8221;12822&#8243; img_size=&#8221;large&#8221;][\/vc_column][vc_column width=&#8221;1\/2&#8243;][vc_column_text]\n<h1><strong>Fabrication Dinkhauser<\/strong><\/h1>\n<h3>Au Tyrol<\/h3>\n[\/vc_column_text][vc_column_text]Original ColomPac\u00ae est une marque de <a href=\"https:\/\/www.dinkhauser.com\/lassen-sie-sich-inspirieren\/\" target=\"_blank\" rel=\"noopener\">Dinkhauser Kartonagen<\/a>. Depuis plus de 175 ans, nous \u00e9laborons et fabriquons des emballages d&#8217;exp\u00e9dition exclusifs, que ce soient des emballages standard ou personnalis\u00e9s. En combinaison avec un d\u00e9veloppement de pointe, notre site de production ultramoderne permet de proposer des solutions d&#8217;emballage de nouvelle g\u00e9n\u00e9ration d\u00e9di\u00e9es \u00e0 la fili\u00e8re commerciale, industrielle et \u00e0 l\u2019e-commerce. Sur le m\u00eame site, Aristos, le centre d&#8217;impression interne, regroupe l\u2019ensemble de nos comp\u00e9tences en mati\u00e8re d&#8217;impression offset.<\/p>\n<p>Nous nous identifions avec nos solutions ColomPac\u00ae , elles sont mises au point et fabriqu\u00e9es pour vous. Hier, aujourd&#8217;hui et demain.[\/vc_column_text][\/vc_column][\/vc_row]\n<\/section>","protected":false},"excerpt":{"rendered":"<p>[vc_row thb_full_width=&#8221;true&#8221; el_class=&#8221;align-center&#8221; css=&#8221;.vc_custom_1685611581333{padding-top: 5vh !important;}&#8221;][vc_column el_class=&#8221;text-center&#8221;][vc_column_text] Pourquoi pr\u00e9f\u00e9rer l\u2019original? [\/vc_column_text][vc_separator color=&#8221;custom&#8221; border_width=&#8221;3&#8243; el_width=&#8221;20&#8243; accent_color=&#8221;#ffd600&#8243;][vc_empty_space height=&#8221;50px&#8221;][\/vc_column][\/vc_row][vc_row content_placement=&#8221;middle&#8221; css=&#8221;.vc_custom_1685611469450{background-color: #f4f4f4 !important;}&#8221;][vc_column width=&#8221;1\/2&#8243;][vc_single_image image=&#8221;14450&#8243; img_size=&#8221;large&#8221;][\/vc_column][vc_column width=&#8221;1\/2&#8243;][vc_column_text] Qualit\u00e9 Sans compromis [\/vc_column_text][vc_column_text]Votre produit doit arriver \u00e0 bon port. Il faut pour cela une qualit\u00e9 sans compromis, c\u2019est-\u00e0-dire des mat\u00e9riaux exclusifs, la fermeture autocollante ColomPac\u00ae , un fil d\u2019arrachage int\u00e9gr\u00e9&hellip;<\/p>\n","protected":false},"author":1,"featured_media":0,"parent":0,"menu_order":0,"comment_status":"closed","ping_status":"closed","template":"","meta":{"footnotes":""},"class_list":["post-13279","page","type-page","status-publish","hentry"],"acf":[],"jetpack_sharing_enabled":true,"_links":{"self":[{"href":"https:\/\/www.colompac.com\/fr\/wp-json\/wp\/v2\/pages\/13279","targetHints":{"allow":["GET"]}}],"collection":[{"href":"https:\/\/www.colompac.com\/fr\/wp-json\/wp\/v2\/pages"}],"about":[{"href":"https:\/\/www.colompac.com\/fr\/wp-json\/wp\/v2\/types\/page"}],"author":[{"embeddable":true,"href":"https:\/\/www.colompac.com\/fr\/wp-json\/wp\/v2\/users\/1"}],"replies":[{"embeddable":true,"href":"https:\/\/www.colompac.com\/fr\/wp-json\/wp\/v2\/comments?post=13279"}],"version-history":[{"count":0,"href":"https:\/\/www.colompac.com\/fr\/wp-json\/wp\/v2\/pages\/13279\/revisions"}],"wp:attachment":[{"href":"https:\/\/www.colompac.com\/fr\/wp-json\/wp\/v2\/media?parent=13279"}],"curies":[{"name":"wp","href":"https:\/\/api.w.org\/{rel}","templated":true}]}}