{"id":13276,"date":"2023-04-24T21:17:12","date_gmt":"2023-04-24T19:17:12","guid":{"rendered":"https:\/\/colompac.wearelions.agency\/agb\/"},"modified":"2023-06-12T14:13:38","modified_gmt":"2023-06-12T12:13:38","slug":"agb","status":"publish","type":"page","link":"https:\/\/www.colompac.com\/fr\/agb\/","title":{"rendered":"AGB"},"content":{"rendered":"<section class=\"wpb-content-wrapper\">[vc_row css=&#8221;.vc_custom_1682363937276{padding-top: 90px !important;padding-bottom: 90px !important;}&#8221;][vc_column][vc_column_text]\n<h3>Dinkhauser Kartonagen Vertriebs-GmbH &#8211; AGBs Deutschland<\/h3>\n<h4>Preisangebote<\/h4>\n<p>gelten freibleibend, aufgrund derzeitiger L\u00f6hne, Material- und Papierkosten ab Lieferfirma und ausschlie\u00dflich Verpackung. Bei Erh\u00f6hung dieser Kosten ist der Lieferant berechtigt, den Preis bis zur Lieferung angemessen entsprechend den Kostensteigerungen zu erh\u00f6hen, wenn zwischen Vertragsabschlu\u00df und vereinbartem Liefertermin mehr als 4 Monate liegen. Dies gilt insbesondere bei Rahmen-\/Ratenlieferungsvertr\u00e4gen. Der Besteller ist in diesem Fall nicht zum R\u00fccktritt vom Vertrag berechtigt.<\/p>\n<p>&nbsp;<\/p>\n<h4>Lieferungen<\/h4>\n<p>erfolgen auf Rechnung und Gefahr des Bestellers. Wir behalten uns nachstehende Mehr- und Minderlieferungen vor: bis zu 500 St\u00fcck -25% bis zu 3000 St\u00fcck -20% ab 3000 St\u00fcck -10% Sie sind zum vereinbarten Preis zu verrechnen. Geringf\u00fcgige Abweichungen in Farbnuancen oder im Format berechtigen nicht zur M\u00e4ngelr\u00fcge. F\u00fcr Gewichtsabweichungen bis zu 5% k\u00f6nnen wir nicht haftbar gemacht werden. R\u00fcgen jeglicher Art bed\u00fcrfen zu ihrer Wirksamkeit der schriftlichen Form. Im Falle des Annahmeverzuges gelten Lagerungsgeb\u00fchren in angemessener H\u00f6he, mindestens jedoch solche von 1% des Warenwertes pro Monat, als vereinbart. Urheber-, Markenschutz- und Vervielf\u00e4ltigungsrechte verbleiben jedenfalls dem Lieferanten. Der Besteller tr\u00e4gt f\u00fcr die Verletzung von Urheber-, Markenschutz- und Vervielf\u00e4ltigungsrechten die volle Verantwortung und hat den Lieferanten im Falle der Inanspruchnahme schad- und klaglos zu halten. Der Lieferant ist nicht verpflichtet, \u00fcber urheberrechtliche Verh\u00e4ltnisse Erkundigungen einzuziehen.<\/p>\n<p>&nbsp;<\/p>\n<h4>Vervielf\u00e4ltigungsmittel<\/h4>\n<p>Die von wem immer hergestellten und bezahlten Vervielf\u00e4ltigungsmittel wie Stanzformen, Druckplatten, Lithografien, Klischees und Werkzeuge bleiben das unver\u00e4u\u00dferliche Eigentum des Lieferanten, auch wenn der Auftraggeber f\u00fcr diese Arbeiten Wertersatz geleistet hat. Ein Herausgabeanspruch durch den Besteller besteht daher nicht.<\/p>\n<p>&nbsp;<\/p>\n<h4>Aufbewahrung<\/h4>\n<p>Der Lieferant \u00fcbernimmt hinsichtlich der \u00dcbernahme von Manuskripten, Originalen, Klischees, Druckunterlagen sowie \u00e4hnlichem keinerlei Haftung aus Verwahrungsvertr\u00e4gen.<\/p>\n<p>&nbsp;<\/p>\n<h4>Betriebsst\u00f6rungen<\/h4>\n<p>F\u00e4lle h\u00f6herer Gewalt sowie Streiks, Aussperrungen, nicht rechtzeitige Belieferung mit dem zur Abarbeitung des Auftrages ben\u00f6tigten Materials und dergleichen f\u00fchren zun\u00e4chst zu einer Verl\u00e4ngerung der Lieferfristen und entbinden gegebenenfalls den Lieferanten von seiner Lieferverpflichtung; der Besteller ist solchenfalls nicht zur Zur\u00fcckziehung des Auftrages berechtigt.<\/p>\n<p>&nbsp;<\/p>\n<h4>Schadenersatzanspr\u00fcche<\/h4>\n<p>Der Lieferant haftet in voller H\u00f6he bei eigenem Vorsatz und groben Verschulden und dem seiner Angestellten. Dem Grunde nach haftet der Lieferant bei jeder schuldhaften Verletzung wesentlicher Vertragspflichten und au\u00dferhalb solcher f\u00fcr grobes Verschulden seiner Erf\u00fcllungsgehilfen, wobei sich die Schadensersatzpflicht der H\u00f6he nach auf Ersatz des typischen vorhersehbaren Schadens beschr\u00e4nkt. Im \u00fcbrigen sind Schadensersatzanspr\u00fcche gegen den Verwender ausgeschlossen.<\/p>\n<p>&nbsp;<\/p>\n<h4>Impressum<\/h4>\n<p>Der Lieferant ist berechtigt, Firmennamen sowie Markenbezeichnung auf die zur Ausf\u00fchrung gelangenden Drucksorten und Erzeugnisse auch ohne spezielle Bewilligung des Auftraggebers anzubringen.<\/p>\n<p>&nbsp;<\/p>\n<h4>Eigentumsvorbehalt<\/h4>\n<p>S\u00e4mtliche Warenlieferungen bleiben bis zur g\u00e4nzlichen Bezahlung s\u00e4mtlicher Forderungen unser Eigentum. Lieferungen erfolgen auf Gefahr des Bestellers.<\/p>\n<p>&nbsp;<\/p>\n<h4>Gerichtsstandvereinbarung<\/h4>\n<p>Soweit es sich bei dem Vertragspartner des Lieferanten um einen Kaufmann handelt, ist Regensburg Gerichtsstand f\u00fcr s\u00e4mtliche Streitigkeiten aus dem Vertrag.[\/vc_column_text][\/vc_column][\/vc_row]\n<\/section>","protected":false},"excerpt":{"rendered":"<p>[vc_row css=&#8221;.vc_custom_1682363937276{padding-top: 90px !important;padding-bottom: 90px !important;}&#8221;][vc_column][vc_column_text] Dinkhauser Kartonagen Vertriebs-GmbH &#8211; AGBs Deutschland Preisangebote gelten freibleibend, aufgrund derzeitiger L\u00f6hne, Material- und Papierkosten ab Lieferfirma und ausschlie\u00dflich Verpackung. Bei Erh\u00f6hung dieser Kosten ist der Lieferant berechtigt, den Preis bis zur Lieferung angemessen entsprechend den Kostensteigerungen zu erh\u00f6hen, wenn zwischen Vertragsabschlu\u00df und vereinbartem Liefertermin mehr als 4 Monate&hellip;<\/p>\n","protected":false},"author":1,"featured_media":0,"parent":0,"menu_order":0,"comment_status":"closed","ping_status":"closed","template":"","meta":{"footnotes":""},"class_list":["post-13276","page","type-page","status-publish","hentry"],"acf":[],"jetpack_sharing_enabled":true,"_links":{"self":[{"href":"https:\/\/www.colompac.com\/fr\/wp-json\/wp\/v2\/pages\/13276","targetHints":{"allow":["GET"]}}],"collection":[{"href":"https:\/\/www.colompac.com\/fr\/wp-json\/wp\/v2\/pages"}],"about":[{"href":"https:\/\/www.colompac.com\/fr\/wp-json\/wp\/v2\/types\/page"}],"author":[{"embeddable":true,"href":"https:\/\/www.colompac.com\/fr\/wp-json\/wp\/v2\/users\/1"}],"replies":[{"embeddable":true,"href":"https:\/\/www.colompac.com\/fr\/wp-json\/wp\/v2\/comments?post=13276"}],"version-history":[{"count":0,"href":"https:\/\/www.colompac.com\/fr\/wp-json\/wp\/v2\/pages\/13276\/revisions"}],"wp:attachment":[{"href":"https:\/\/www.colompac.com\/fr\/wp-json\/wp\/v2\/media?parent=13276"}],"curies":[{"name":"wp","href":"https:\/\/api.w.org\/{rel}","templated":true}]}}