{"id":17286,"date":"2024-10-09T17:51:22","date_gmt":"2024-10-09T15:51:22","guid":{"rendered":"https:\/\/www.colompac.com\/?post_type=product&#038;p=17286"},"modified":"2024-10-10T08:51:08","modified_gmt":"2024-10-10T06:51:08","slug":"cp-151-328-kopie","status":"publish","type":"product","link":"https:\/\/www.colompac.com\/en\/product\/cp-151-328-kopie\/","title":{"rendered":"CP 151.328 (340 x 239 x 64 mm)"},"content":{"rendered":"<div id='gallery-1' class='gallery galleryid-17286 gallery-columns-4 gallery-size-full'><figure class='gallery-item'>\n\t\t\t<div class='gallery-icon landscape'>\n\t\t\t\t<a href='https:\/\/www.colompac.com\/en\/?attachment_id=17182'><img loading=\"lazy\" decoding=\"async\" width=\"500\" height=\"500\" src=\"https:\/\/www.colompac.com\/wp-content\/uploads\/2024\/10\/Detail_CP151_328_Hoehe.webp\" class=\"attachment-full size-full\" alt=\"Offener Karton mit hellblauem Hemd; auf der unteren Lasche ein rotes Etikett  mit rotem ColomPac\u00ae-Selbstklebeverschluss.\" aria-describedby=\"gallery-1-17182\" srcset=\"https:\/\/www.colompac.com\/wp-content\/uploads\/2024\/10\/Detail_CP151_328_Hoehe.webp 500w, https:\/\/www.colompac.com\/wp-content\/uploads\/2024\/10\/Detail_CP151_328_Hoehe-300x300.webp 300w, https:\/\/www.colompac.com\/wp-content\/uploads\/2024\/10\/Detail_CP151_328_Hoehe-150x150.webp 150w, https:\/\/www.colompac.com\/wp-content\/uploads\/2024\/10\/Detail_CP151_328_Hoehe-200x200.webp 200w, https:\/\/www.colompac.com\/wp-content\/uploads\/2024\/10\/Detail_CP151_328_Hoehe-100x100.webp 100w, https:\/\/www.colompac.com\/wp-content\/uploads\/2024\/10\/Detail_CP151_328_Hoehe-380x380.webp 380w, https:\/\/www.colompac.com\/wp-content\/uploads\/2024\/10\/Detail_CP151_328_Hoehe-20x20.webp 20w, https:\/\/www.colompac.com\/wp-content\/uploads\/2024\/10\/Detail_CP151_328_Hoehe-190x190.webp 190w\" sizes=\"auto, (max-width: 500px) 100vw, 500px\" \/><\/a>\n\t\t\t<\/div>\n\t\t\t\t<figcaption class='wp-caption-text gallery-caption' id='gallery-1-17182'>\n\t\t\t\tFilling height = 64 mm\n\t\t\t\t<\/figcaption><\/figure><figure class='gallery-item'>\n\t\t\t<div class='gallery-icon landscape'>\n\t\t\t\t<a href='https:\/\/www.colompac.com\/en\/?attachment_id=14995'><img loading=\"lazy\" decoding=\"async\" width=\"500\" height=\"500\" src=\"https:\/\/www.colompac.com\/wp-content\/uploads\/2023\/07\/Detail_CP020_SK_V2.webp\" class=\"attachment-full size-full\" alt=\"Nahaufnahme eines Kartons mit roten ColomPac\u00ae-Selbstklebeverschluss, teilweise schon abgezogen.\" aria-describedby=\"gallery-1-14995\" srcset=\"https:\/\/www.colompac.com\/wp-content\/uploads\/2023\/07\/Detail_CP020_SK_V2.webp 500w, https:\/\/www.colompac.com\/wp-content\/uploads\/2023\/07\/Detail_CP020_SK_V2-300x300.webp 300w, https:\/\/www.colompac.com\/wp-content\/uploads\/2023\/07\/Detail_CP020_SK_V2-100x100.webp 100w, https:\/\/www.colompac.com\/wp-content\/uploads\/2023\/07\/Detail_CP020_SK_V2-150x150.webp 150w, https:\/\/www.colompac.com\/wp-content\/uploads\/2023\/07\/Detail_CP020_SK_V2-200x200.webp 200w, https:\/\/www.colompac.com\/wp-content\/uploads\/2023\/07\/Detail_CP020_SK_V2-380x380.webp 380w, https:\/\/www.colompac.com\/wp-content\/uploads\/2023\/07\/Detail_CP020_SK_V2-20x20.webp 20w, https:\/\/www.colompac.com\/wp-content\/uploads\/2023\/07\/Detail_CP020_SK_V2-190x190.webp 190w\" sizes=\"auto, (max-width: 500px) 100vw, 500px\" \/><\/a>\n\t\t\t<\/div>\n\t\t\t\t<figcaption class='wp-caption-text gallery-caption' id='gallery-1-14995'>\n\t\t\t\tColomPac\u00ae self-sealing\n\t\t\t\t<\/figcaption><\/figure><figure class='gallery-item'>\n\t\t\t<div class='gallery-icon landscape'>\n\t\t\t\t<a href='https:\/\/www.colompac.com\/en\/?attachment_id=14863'><img loading=\"lazy\" decoding=\"async\" width=\"500\" height=\"500\" src=\"https:\/\/www.colompac.com\/wp-content\/uploads\/2023\/07\/Detail_CP151_Boden_V2.webp\" class=\"attachment-full size-full\" alt=\"Ge\u00f6ffneter Karton mit einem zus\u00e4tzlichen Kartonfl\u00e4che im Inneren am Boden.\" aria-describedby=\"gallery-1-14863\" srcset=\"https:\/\/www.colompac.com\/wp-content\/uploads\/2023\/07\/Detail_CP151_Boden_V2.webp 500w, https:\/\/www.colompac.com\/wp-content\/uploads\/2023\/07\/Detail_CP151_Boden_V2-300x300.webp 300w, https:\/\/www.colompac.com\/wp-content\/uploads\/2023\/07\/Detail_CP151_Boden_V2-100x100.webp 100w, https:\/\/www.colompac.com\/wp-content\/uploads\/2023\/07\/Detail_CP151_Boden_V2-150x150.webp 150w, https:\/\/www.colompac.com\/wp-content\/uploads\/2023\/07\/Detail_CP151_Boden_V2-200x200.webp 200w, https:\/\/www.colompac.com\/wp-content\/uploads\/2023\/07\/Detail_CP151_Boden_V2-380x380.webp 380w, https:\/\/www.colompac.com\/wp-content\/uploads\/2023\/07\/Detail_CP151_Boden_V2-20x20.webp 20w, https:\/\/www.colompac.com\/wp-content\/uploads\/2023\/07\/Detail_CP151_Boden_V2-190x190.webp 190w\" sizes=\"auto, (max-width: 500px) 100vw, 500px\" \/><\/a>\n\t\t\t<\/div>\n\t\t\t\t<figcaption class='wp-caption-text gallery-caption' id='gallery-1-14863'>\n\t\t\t\tQuick erection thanks to fully overlapping instant bottom\n\t\t\t\t<\/figcaption><\/figure><figure class='gallery-item'>\n\t\t\t<div class='gallery-icon landscape'>\n\t\t\t\t<a href='https:\/\/www.colompac.com\/en\/?attachment_id=14871'><img loading=\"lazy\" decoding=\"async\" width=\"500\" height=\"500\" src=\"https:\/\/www.colompac.com\/wp-content\/uploads\/2023\/07\/Detail_Anja_Blitzboden_v2.webp\" class=\"attachment-full size-full\" alt=\"Zwei H\u00e4nde halten einen teilweise gefalteten Karton, der gerade aufgebaut wird; einige Laschen am Boden sind offen, andere bereits geschlossen.\" aria-describedby=\"gallery-1-14871\" srcset=\"https:\/\/www.colompac.com\/wp-content\/uploads\/2023\/07\/Detail_Anja_Blitzboden_v2.webp 500w, https:\/\/www.colompac.com\/wp-content\/uploads\/2023\/07\/Detail_Anja_Blitzboden_v2-300x300.webp 300w, https:\/\/www.colompac.com\/wp-content\/uploads\/2023\/07\/Detail_Anja_Blitzboden_v2-100x100.webp 100w, https:\/\/www.colompac.com\/wp-content\/uploads\/2023\/07\/Detail_Anja_Blitzboden_v2-150x150.webp 150w, https:\/\/www.colompac.com\/wp-content\/uploads\/2023\/07\/Detail_Anja_Blitzboden_v2-200x200.webp 200w, https:\/\/www.colompac.com\/wp-content\/uploads\/2023\/07\/Detail_Anja_Blitzboden_v2-380x380.webp 380w, https:\/\/www.colompac.com\/wp-content\/uploads\/2023\/07\/Detail_Anja_Blitzboden_v2-20x20.webp 20w, https:\/\/www.colompac.com\/wp-content\/uploads\/2023\/07\/Detail_Anja_Blitzboden_v2-190x190.webp 190w\" sizes=\"auto, (max-width: 500px) 100vw, 500px\" \/><\/a>\n\t\t\t<\/div>\n\t\t\t\t<figcaption class='wp-caption-text gallery-caption' id='gallery-1-14871'>\n\t\t\t\tEasy handling\n\t\t\t\t<\/figcaption><\/figure>\n\t\t<\/div>\n\n","protected":false},"excerpt":{"rendered":"<h1><strong>Instant bottom box<\/strong><\/h1>\n<h2>Outer dimensions max. 353 x 250 x 80 mm &#8211; DHL small parcel<\/h2>\n<ul>\n<li>Adapted to the DHL small parcel dimensions with a filling height of 64 mm<\/li>\n<li>Instant bottom for fast assembly<\/li>\n<li>Overlapping bottom for extra strength and reliability<\/li>\n<li>The reliable <strong>ColomPac\u00ae<\/strong> self-sealing saves time and additional sealing materials<\/li>\n<\/ul>\n","protected":false},"featured_media":17436,"comment_status":"open","ping_status":"closed","template":"","meta":[],"product_cat":[365],"product_tag":[369,267,215,419,214],"class_list":["post-17286","product","type-product","status-publish","has-post-thumbnail","hentry","product_cat-all-products-en","product_tag-bundel-en","product_tag-instantbottom-en","product_tag-pap-20-en","product_tag-portoptimiert-en","product_tag-sustainable-en"],"acf":[],"jetpack_sharing_enabled":true,"_links":{"self":[{"href":"https:\/\/www.colompac.com\/en\/wp-json\/wp\/v2\/product\/17286","targetHints":{"allow":["GET"]}}],"collection":[{"href":"https:\/\/www.colompac.com\/en\/wp-json\/wp\/v2\/product"}],"about":[{"href":"https:\/\/www.colompac.com\/en\/wp-json\/wp\/v2\/types\/product"}],"replies":[{"embeddable":true,"href":"https:\/\/www.colompac.com\/en\/wp-json\/wp\/v2\/comments?post=17286"}],"wp:featuredmedia":[{"embeddable":true,"href":"https:\/\/www.colompac.com\/en\/wp-json\/wp\/v2\/media\/17436"}],"wp:attachment":[{"href":"https:\/\/www.colompac.com\/en\/wp-json\/wp\/v2\/media?parent=17286"}],"wp:term":[{"taxonomy":"product_cat","embeddable":true,"href":"https:\/\/www.colompac.com\/en\/wp-json\/wp\/v2\/product_cat?post=17286"},{"taxonomy":"product_tag","embeddable":true,"href":"https:\/\/www.colompac.com\/en\/wp-json\/wp\/v2\/product_tag?post=17286"}],"curies":[{"name":"wp","href":"https:\/\/api.w.org\/{rel}","templated":true}]}}