{"id":9893,"date":"2023-05-16T13:05:15","date_gmt":"2023-05-16T11:05:15","guid":{"rendered":"https:\/\/colompac.wearelions.agency\/?post_type=product&#038;p=9893"},"modified":"2024-07-17T16:12:32","modified_gmt":"2024-07-17T14:12:32","slug":"cp-042-11-2","status":"publish","type":"product","link":"https:\/\/www.colompac.com\/de\/produkt\/cp-042-11-2\/","title":{"rendered":"CP 042.11 (225 x 125 x 12 mm)"},"content":{"rendered":"<div id='gallery-1' class='gallery galleryid-9893 gallery-columns-3 gallery-size-full'><figure class='gallery-item'>\n\t\t\t<div class='gallery-icon landscape'>\n\t\t\t\t<img loading=\"lazy\" decoding=\"async\" width=\"500\" height=\"500\" src=\"https:\/\/www.colompac.com\/wp-content\/uploads\/2023\/07\/Detail_CP042_SK_V2.webp\" class=\"attachment-full size-full\" alt=\"Nahaufnahme eines Kartons mit roten ColomPac\u00ae-Selbstklebeverschluss.\" aria-describedby=\"gallery-1-15009\" srcset=\"https:\/\/www.colompac.com\/wp-content\/uploads\/2023\/07\/Detail_CP042_SK_V2.webp 500w, https:\/\/www.colompac.com\/wp-content\/uploads\/2023\/07\/Detail_CP042_SK_V2-150x150.webp 150w, https:\/\/www.colompac.com\/wp-content\/uploads\/2023\/07\/Detail_CP042_SK_V2-300x300.webp 300w, https:\/\/www.colompac.com\/wp-content\/uploads\/2023\/07\/Detail_CP042_SK_V2-200x200.webp 200w, https:\/\/www.colompac.com\/wp-content\/uploads\/2023\/07\/Detail_CP042_SK_V2-100x100.webp 100w, https:\/\/www.colompac.com\/wp-content\/uploads\/2023\/07\/Detail_CP042_SK_V2-380x380.webp 380w, https:\/\/www.colompac.com\/wp-content\/uploads\/2023\/07\/Detail_CP042_SK_V2-20x20.webp 20w, https:\/\/www.colompac.com\/wp-content\/uploads\/2023\/07\/Detail_CP042_SK_V2-190x190.webp 190w\" sizes=\"auto, (max-width: 500px) 100vw, 500px\" \/>\n\t\t\t<\/div>\n\t\t\t\t<figcaption class='wp-caption-text gallery-caption' id='gallery-1-15009'>\n\t\t\t\tColomPac\u00ae Selbstklebeverschluss \n\t\t\t\t<\/figcaption><\/figure><figure class='gallery-item'>\n\t\t\t<div class='gallery-icon landscape'>\n\t\t\t\t<img loading=\"lazy\" decoding=\"async\" width=\"500\" height=\"500\" src=\"https:\/\/www.colompac.com\/wp-content\/uploads\/2023\/07\/Detail_CP042_Kante_V2.webp\" class=\"attachment-full size-full\" alt=\"Nahaufnahme eines ge\u00f6ffneten Kartons mit sichtbarem Kunststoffgeh\u00e4use im Inneren. Au\u00dfen wei\u00df, innen braun.\" aria-describedby=\"gallery-1-15005\" srcset=\"https:\/\/www.colompac.com\/wp-content\/uploads\/2023\/07\/Detail_CP042_Kante_V2.webp 500w, https:\/\/www.colompac.com\/wp-content\/uploads\/2023\/07\/Detail_CP042_Kante_V2-150x150.webp 150w, https:\/\/www.colompac.com\/wp-content\/uploads\/2023\/07\/Detail_CP042_Kante_V2-300x300.webp 300w, https:\/\/www.colompac.com\/wp-content\/uploads\/2023\/07\/Detail_CP042_Kante_V2-200x200.webp 200w, https:\/\/www.colompac.com\/wp-content\/uploads\/2023\/07\/Detail_CP042_Kante_V2-100x100.webp 100w, https:\/\/www.colompac.com\/wp-content\/uploads\/2023\/07\/Detail_CP042_Kante_V2-380x380.webp 380w, https:\/\/www.colompac.com\/wp-content\/uploads\/2023\/07\/Detail_CP042_Kante_V2-20x20.webp 20w, https:\/\/www.colompac.com\/wp-content\/uploads\/2023\/07\/Detail_CP042_Kante_V2-190x190.webp 190w\" sizes=\"auto, (max-width: 500px) 100vw, 500px\" \/>\n\t\t\t<\/div>\n\t\t\t\t<figcaption class='wp-caption-text gallery-caption' id='gallery-1-15005'>\n\t\t\t\tStabiler Kantenschutz\n\t\t\t\t<\/figcaption><\/figure><figure class='gallery-item'>\n\t\t\t<div class='gallery-icon landscape'>\n\t\t\t\t<img loading=\"lazy\" decoding=\"async\" width=\"500\" height=\"500\" src=\"https:\/\/www.colompac.com\/wp-content\/uploads\/2023\/07\/Detail_CP042_AF_V2.webp\" class=\"attachment-full size-full\" alt=\"Nahaufnahme eines Kartons mit teilweise abgezogenem roten Aufrei\u00dfsfaden.\" aria-describedby=\"gallery-1-15001\" srcset=\"https:\/\/www.colompac.com\/wp-content\/uploads\/2023\/07\/Detail_CP042_AF_V2.webp 500w, https:\/\/www.colompac.com\/wp-content\/uploads\/2023\/07\/Detail_CP042_AF_V2-150x150.webp 150w, https:\/\/www.colompac.com\/wp-content\/uploads\/2023\/07\/Detail_CP042_AF_V2-300x300.webp 300w, https:\/\/www.colompac.com\/wp-content\/uploads\/2023\/07\/Detail_CP042_AF_V2-200x200.webp 200w, https:\/\/www.colompac.com\/wp-content\/uploads\/2023\/07\/Detail_CP042_AF_V2-100x100.webp 100w, https:\/\/www.colompac.com\/wp-content\/uploads\/2023\/07\/Detail_CP042_AF_V2-380x380.webp 380w, https:\/\/www.colompac.com\/wp-content\/uploads\/2023\/07\/Detail_CP042_AF_V2-20x20.webp 20w, https:\/\/www.colompac.com\/wp-content\/uploads\/2023\/07\/Detail_CP042_AF_V2-190x190.webp 190w\" sizes=\"auto, (max-width: 500px) 100vw, 500px\" \/>\n\t\t\t<\/div>\n\t\t\t\t<figcaption class='wp-caption-text gallery-caption' id='gallery-1-15001'>\n\t\t\t\tEinfaches \u00d6ffnen durch integrierten Aufrei\u00dffaden\n\t\t\t\t<\/figcaption><\/figure>\n\t\t<\/div>\n\n<div class=\"responsive-embed widescreen youtube\"><iframe loading=\"lazy\" title=\"ColomPac\u00ae - Sie werden kaum eine bessere Verpackung finden.\" width=\"1170\" height=\"658\" src=\"https:\/\/www.youtube.com\/embed\/Ibj9j2qJy_w?list=PLagn-HEc_TsP3yaACAxSsRN8qXJyRHPHI&#038;showinfo=0&#038;rel=0&#038;modestbranding=1\" frameborder=\"0\" allow=\"accelerometer; autoplay; clipboard-write; encrypted-media; gyroscope; picture-in-picture; web-share\" referrerpolicy=\"strict-origin-when-cross-origin\" allowfullscreen><\/iframe><\/div>\n","protected":false},"excerpt":{"rendered":"<h1><strong>Der Jewelcaseversandbrief<\/strong><\/h1>\n<ul>\n<li>Geeignet f\u00fcr eine CD-ROM im Jewelcase inklusive Begleitschreiben\/Brosch\u00fcre<\/li>\n<li>Starker Schutz durch stabile Wellpappe<\/li>\n<li>Stabiler, gefalteter Kantenschutz<\/li>\n<\/ul>\n","protected":false},"featured_media":15216,"comment_status":"open","ping_status":"closed","template":"","meta":[],"product_cat":[363],"product_tag":[367,175,178,176,137],"class_list":["post-9893","product","type-product","status-publish","has-post-thumbnail","hentry","product_cat-alle-produkte","product_tag-buendel","product_tag-fsc","product_tag-nachhaltig","product_tag-pap-20","product_tag-umlaufender-kantenschutz"],"acf":[],"jetpack_sharing_enabled":true,"_links":{"self":[{"href":"https:\/\/www.colompac.com\/de\/wp-json\/wp\/v2\/product\/9893","targetHints":{"allow":["GET"]}}],"collection":[{"href":"https:\/\/www.colompac.com\/de\/wp-json\/wp\/v2\/product"}],"about":[{"href":"https:\/\/www.colompac.com\/de\/wp-json\/wp\/v2\/types\/product"}],"replies":[{"embeddable":true,"href":"https:\/\/www.colompac.com\/de\/wp-json\/wp\/v2\/comments?post=9893"}],"wp:featuredmedia":[{"embeddable":true,"href":"https:\/\/www.colompac.com\/de\/wp-json\/wp\/v2\/media\/15216"}],"wp:attachment":[{"href":"https:\/\/www.colompac.com\/de\/wp-json\/wp\/v2\/media?parent=9893"}],"wp:term":[{"taxonomy":"product_cat","embeddable":true,"href":"https:\/\/www.colompac.com\/de\/wp-json\/wp\/v2\/product_cat?post=9893"},{"taxonomy":"product_tag","embeddable":true,"href":"https:\/\/www.colompac.com\/de\/wp-json\/wp\/v2\/product_tag?post=9893"}],"curies":[{"name":"wp","href":"https:\/\/api.w.org\/{rel}","templated":true}]}}