{"id":9275,"date":"2023-05-16T12:35:34","date_gmt":"2023-05-16T10:35:34","guid":{"rendered":"https:\/\/colompac.wearelions.agency\/?post_type=product&#038;p=9275"},"modified":"2025-10-22T10:34:48","modified_gmt":"2025-10-22T08:34:48","slug":"cp-030-08","status":"publish","type":"product","link":"https:\/\/www.colompac.com\/de\/produkt\/cp-030-08\/","title":{"rendered":"CP 030.08 (320 x 320 x -60 mm)"},"content":{"rendered":"<div id='gallery-1' class='gallery galleryid-9275 gallery-columns-4 gallery-size-full'><figure class='gallery-item'>\n\t\t\t<div class='gallery-icon landscape'>\n\t\t\t\t<img loading=\"lazy\" decoding=\"async\" width=\"500\" height=\"500\" src=\"https:\/\/www.colompac.com\/wp-content\/uploads\/2023\/03\/Detail_CP020_SK.webp\" class=\"attachment-full size-full\" alt=\"\" aria-describedby=\"gallery-1-737\" srcset=\"https:\/\/www.colompac.com\/wp-content\/uploads\/2023\/03\/Detail_CP020_SK.webp 500w, https:\/\/www.colompac.com\/wp-content\/uploads\/2023\/03\/Detail_CP020_SK-150x150.webp 150w, https:\/\/www.colompac.com\/wp-content\/uploads\/2023\/03\/Detail_CP020_SK-300x300.webp 300w, https:\/\/www.colompac.com\/wp-content\/uploads\/2023\/03\/Detail_CP020_SK-200x200.webp 200w, https:\/\/www.colompac.com\/wp-content\/uploads\/2023\/03\/Detail_CP020_SK-100x100.webp 100w, https:\/\/www.colompac.com\/wp-content\/uploads\/2023\/03\/Detail_CP020_SK-380x380.webp 380w, https:\/\/www.colompac.com\/wp-content\/uploads\/2023\/03\/Detail_CP020_SK-20x20.webp 20w, https:\/\/www.colompac.com\/wp-content\/uploads\/2023\/03\/Detail_CP020_SK-190x190.webp 190w\" sizes=\"auto, (max-width: 500px) 100vw, 500px\" \/>\n\t\t\t<\/div>\n\t\t\t\t<figcaption class='wp-caption-text gallery-caption' id='gallery-1-737'>\n\t\t\t\tColomPac\u00ae Selbstklebeverschluss \n\t\t\t\t<\/figcaption><\/figure><figure class='gallery-item'>\n\t\t\t<div class='gallery-icon landscape'>\n\t\t\t\t<img loading=\"lazy\" decoding=\"async\" width=\"500\" height=\"500\" src=\"https:\/\/www.colompac.com\/wp-content\/uploads\/2023\/07\/Detail_CP030_Hoehe_V2.webp\" class=\"attachment-full size-full\" alt=\"Nahaufnahme mit Stapel bunter Vinyl-Schallplatten in einer WIckelverpackung, Seitenlaschen umschlie\u00dfen zum Teil die Schallplatten.\" aria-describedby=\"gallery-1-14965\" srcset=\"https:\/\/www.colompac.com\/wp-content\/uploads\/2023\/07\/Detail_CP030_Hoehe_V2.webp 500w, https:\/\/www.colompac.com\/wp-content\/uploads\/2023\/07\/Detail_CP030_Hoehe_V2-150x150.webp 150w, https:\/\/www.colompac.com\/wp-content\/uploads\/2023\/07\/Detail_CP030_Hoehe_V2-300x300.webp 300w, https:\/\/www.colompac.com\/wp-content\/uploads\/2023\/07\/Detail_CP030_Hoehe_V2-200x200.webp 200w, https:\/\/www.colompac.com\/wp-content\/uploads\/2023\/07\/Detail_CP030_Hoehe_V2-100x100.webp 100w, https:\/\/www.colompac.com\/wp-content\/uploads\/2023\/07\/Detail_CP030_Hoehe_V2-380x380.webp 380w, https:\/\/www.colompac.com\/wp-content\/uploads\/2023\/07\/Detail_CP030_Hoehe_V2-20x20.webp 20w, https:\/\/www.colompac.com\/wp-content\/uploads\/2023\/07\/Detail_CP030_Hoehe_V2-190x190.webp 190w\" sizes=\"auto, (max-width: 500px) 100vw, 500px\" \/>\n\t\t\t<\/div>\n\t\t\t\t<figcaption class='wp-caption-text gallery-caption' id='gallery-1-14965'>\n\t\t\t\tVariable Packh\u00f6he vermeidet F\u00fcllmaterial\n\t\t\t\t<\/figcaption><\/figure><figure class='gallery-item'>\n\t\t\t<div class='gallery-icon landscape'>\n\t\t\t\t<img loading=\"lazy\" decoding=\"async\" width=\"500\" height=\"500\" src=\"https:\/\/www.colompac.com\/wp-content\/uploads\/2023\/07\/Detail_CP030_Laschen_V2.webp\" class=\"attachment-full size-full\" alt=\"Nahaufnahme eines Kartons mit seitlicher Lasche und Aufrei\u00dfvorrichtung.\" aria-describedby=\"gallery-1-14961\" srcset=\"https:\/\/www.colompac.com\/wp-content\/uploads\/2023\/07\/Detail_CP030_Laschen_V2.webp 500w, https:\/\/www.colompac.com\/wp-content\/uploads\/2023\/07\/Detail_CP030_Laschen_V2-150x150.webp 150w, https:\/\/www.colompac.com\/wp-content\/uploads\/2023\/07\/Detail_CP030_Laschen_V2-300x300.webp 300w, https:\/\/www.colompac.com\/wp-content\/uploads\/2023\/07\/Detail_CP030_Laschen_V2-200x200.webp 200w, https:\/\/www.colompac.com\/wp-content\/uploads\/2023\/07\/Detail_CP030_Laschen_V2-100x100.webp 100w, https:\/\/www.colompac.com\/wp-content\/uploads\/2023\/07\/Detail_CP030_Laschen_V2-380x380.webp 380w, https:\/\/www.colompac.com\/wp-content\/uploads\/2023\/07\/Detail_CP030_Laschen_V2-20x20.webp 20w, https:\/\/www.colompac.com\/wp-content\/uploads\/2023\/07\/Detail_CP030_Laschen_V2-190x190.webp 190w\" sizes=\"auto, (max-width: 500px) 100vw, 500px\" \/>\n\t\t\t<\/div>\n\t\t\t\t<figcaption class='wp-caption-text gallery-caption' id='gallery-1-14961'>\n\t\t\t\tZus\u00e4tzliche Sicherungslaschen\n\t\t\t\t<\/figcaption><\/figure><figure class='gallery-item'>\n\t\t\t<div class='gallery-icon landscape'>\n\t\t\t\t<img loading=\"lazy\" decoding=\"async\" width=\"500\" height=\"500\" src=\"https:\/\/www.colompac.com\/wp-content\/uploads\/2024\/05\/Detail_CP030_LPs.webp\" class=\"attachment-full size-full\" alt=\"Ge\u00f6ffneter Karton mit mehreren Vinyl-Schallplatten, teils mit sichtbaren Titeln. Seitenlaschen umschlie\u00dfen zum Teil die Schallplatten.\" aria-describedby=\"gallery-1-16567\" srcset=\"https:\/\/www.colompac.com\/wp-content\/uploads\/2024\/05\/Detail_CP030_LPs.webp 500w, https:\/\/www.colompac.com\/wp-content\/uploads\/2024\/05\/Detail_CP030_LPs-150x150.webp 150w, https:\/\/www.colompac.com\/wp-content\/uploads\/2024\/05\/Detail_CP030_LPs-300x300.webp 300w, https:\/\/www.colompac.com\/wp-content\/uploads\/2024\/05\/Detail_CP030_LPs-200x200.webp 200w, https:\/\/www.colompac.com\/wp-content\/uploads\/2024\/05\/Detail_CP030_LPs-100x100.webp 100w, https:\/\/www.colompac.com\/wp-content\/uploads\/2024\/05\/Detail_CP030_LPs-380x380.webp 380w, https:\/\/www.colompac.com\/wp-content\/uploads\/2024\/05\/Detail_CP030_LPs-20x20.webp 20w, https:\/\/www.colompac.com\/wp-content\/uploads\/2024\/05\/Detail_CP030_LPs-190x190.webp 190w\" sizes=\"auto, (max-width: 500px) 100vw, 500px\" \/>\n\t\t\t<\/div>\n\t\t\t\t<figcaption class='wp-caption-text gallery-caption' id='gallery-1-16567'>\n\t\t\t\tCP 030.08 ideal f\u00fcr den Versand von LPs\n\t\t\t\t<\/figcaption><\/figure>\n\t\t<\/div>\n\n<div class=\"responsive-embed widescreen youtube\"><iframe loading=\"lazy\" title=\"ColomPac\u00ae CP 030 Extrastarke Verpackung mit Sicherungslaschen - HD 1920 x 1080\" width=\"1170\" height=\"658\" src=\"https:\/\/www.youtube.com\/embed\/NzeL53rY0ms?list=UUnLOwS8ALUOrYjO2Z_YcgRg&#038;showinfo=0&#038;rel=0&#038;modestbranding=1\" frameborder=\"0\" allow=\"accelerometer; autoplay; clipboard-write; encrypted-media; gyroscope; picture-in-picture; web-share\" referrerpolicy=\"strict-origin-when-cross-origin\" allowfullscreen><\/iframe><\/div>\n","protected":false},"excerpt":{"rendered":"<h1><strong>Safety first!<\/strong><\/h1>\n<h2>Extrastarke Verpackung mit Sicherungslaschen<\/h2>\n<ul>\n<li>Geeignet f\u00fcr Langspielplatten, schwere B\u00fccher, Bildb\u00e4nde, empfindliche Ersatzteile und vieles mehr<\/li>\n<li>Zus\u00e4tzliche Sicherungslasche sichert schweres Packgut und verhindert seitliche Entnahme<\/li>\n<li>Extra stabil durch doppelte Materiallagen<\/li>\n<li>CP 030.08 ideal f\u00fcr den Versand von LPs<\/li>\n<\/ul>\n","protected":false},"featured_media":18662,"comment_status":"open","ping_status":"closed","template":"","meta":[],"product_cat":[363],"product_tag":[367,175,132,178,176,137],"class_list":["post-9275","product","type-product","status-publish","has-post-thumbnail","hentry","product_cat-alle-produkte","product_tag-buendel","product_tag-fsc","product_tag-hoehenvariabel","product_tag-nachhaltig","product_tag-pap-20","product_tag-umlaufender-kantenschutz"],"acf":[],"jetpack_sharing_enabled":true,"_links":{"self":[{"href":"https:\/\/www.colompac.com\/de\/wp-json\/wp\/v2\/product\/9275","targetHints":{"allow":["GET"]}}],"collection":[{"href":"https:\/\/www.colompac.com\/de\/wp-json\/wp\/v2\/product"}],"about":[{"href":"https:\/\/www.colompac.com\/de\/wp-json\/wp\/v2\/types\/product"}],"replies":[{"embeddable":true,"href":"https:\/\/www.colompac.com\/de\/wp-json\/wp\/v2\/comments?post=9275"}],"wp:featuredmedia":[{"embeddable":true,"href":"https:\/\/www.colompac.com\/de\/wp-json\/wp\/v2\/media\/18662"}],"wp:attachment":[{"href":"https:\/\/www.colompac.com\/de\/wp-json\/wp\/v2\/media?parent=9275"}],"wp:term":[{"taxonomy":"product_cat","embeddable":true,"href":"https:\/\/www.colompac.com\/de\/wp-json\/wp\/v2\/product_cat?post=9275"},{"taxonomy":"product_tag","embeddable":true,"href":"https:\/\/www.colompac.com\/de\/wp-json\/wp\/v2\/product_tag?post=9275"}],"curies":[{"name":"wp","href":"https:\/\/api.w.org\/{rel}","templated":true}]}}