{"id":8821,"date":"2023-05-16T11:08:07","date_gmt":"2023-05-16T09:08:07","guid":{"rendered":"https:\/\/colompac.wearelions.agency\/?post_type=product&#038;p=8821"},"modified":"2025-05-27T13:58:51","modified_gmt":"2025-05-27T11:58:51","slug":"cp-020-18","status":"publish","type":"product","link":"https:\/\/www.colompac.com\/de\/produkt\/cp-020-18\/","title":{"rendered":"CP 020.18 (455 x 320 x -70 mm)"},"content":{"rendered":"<div id='gallery-1' class='gallery galleryid-8821 gallery-columns-4 gallery-size-full'><figure class='gallery-item'>\n\t\t\t<div class='gallery-icon landscape'>\n\t\t\t\t<img loading=\"lazy\" decoding=\"async\" width=\"500\" height=\"500\" src=\"https:\/\/www.colompac.com\/wp-content\/uploads\/2023\/07\/Detail_CP020_SK_V2.webp\" class=\"attachment-full size-full\" alt=\"Nahaufnahme eines Kartons mit roten ColomPac\u00ae-Selbstklebeverschluss, teilweise schon abgezogen.\" aria-describedby=\"gallery-1-14993\" srcset=\"https:\/\/www.colompac.com\/wp-content\/uploads\/2023\/07\/Detail_CP020_SK_V2.webp 500w, https:\/\/www.colompac.com\/wp-content\/uploads\/2023\/07\/Detail_CP020_SK_V2-150x150.webp 150w, https:\/\/www.colompac.com\/wp-content\/uploads\/2023\/07\/Detail_CP020_SK_V2-300x300.webp 300w, https:\/\/www.colompac.com\/wp-content\/uploads\/2023\/07\/Detail_CP020_SK_V2-200x200.webp 200w, https:\/\/www.colompac.com\/wp-content\/uploads\/2023\/07\/Detail_CP020_SK_V2-100x100.webp 100w, https:\/\/www.colompac.com\/wp-content\/uploads\/2023\/07\/Detail_CP020_SK_V2-380x380.webp 380w, https:\/\/www.colompac.com\/wp-content\/uploads\/2023\/07\/Detail_CP020_SK_V2-20x20.webp 20w, https:\/\/www.colompac.com\/wp-content\/uploads\/2023\/07\/Detail_CP020_SK_V2-190x190.webp 190w\" sizes=\"auto, (max-width: 500px) 100vw, 500px\" \/>\n\t\t\t<\/div>\n\t\t\t\t<figcaption class='wp-caption-text gallery-caption' id='gallery-1-14993'>\n\t\t\t\tColomPac\u00ae Selbstklebeverschluss \n\t\t\t\t<\/figcaption><\/figure><figure class='gallery-item'>\n\t\t\t<div class='gallery-icon landscape'>\n\t\t\t\t<img loading=\"lazy\" decoding=\"async\" width=\"500\" height=\"500\" src=\"https:\/\/www.colompac.com\/wp-content\/uploads\/2025\/05\/Detail_CP020_Fuellhoehe-1.webp\" class=\"attachment-full size-full\" alt=\"Nahaufnahme eines offenen Kartons mit wei\u00dfen Gegenst\u00e4nden darin.\" aria-describedby=\"gallery-1-18290\" srcset=\"https:\/\/www.colompac.com\/wp-content\/uploads\/2025\/05\/Detail_CP020_Fuellhoehe-1.webp 500w, https:\/\/www.colompac.com\/wp-content\/uploads\/2025\/05\/Detail_CP020_Fuellhoehe-1-300x300.webp 300w, https:\/\/www.colompac.com\/wp-content\/uploads\/2025\/05\/Detail_CP020_Fuellhoehe-1-150x150.webp 150w, https:\/\/www.colompac.com\/wp-content\/uploads\/2025\/05\/Detail_CP020_Fuellhoehe-1-200x200.webp 200w, https:\/\/www.colompac.com\/wp-content\/uploads\/2025\/05\/Detail_CP020_Fuellhoehe-1-100x100.webp 100w, https:\/\/www.colompac.com\/wp-content\/uploads\/2025\/05\/Detail_CP020_Fuellhoehe-1-380x380.webp 380w, https:\/\/www.colompac.com\/wp-content\/uploads\/2025\/05\/Detail_CP020_Fuellhoehe-1-20x20.webp 20w, https:\/\/www.colompac.com\/wp-content\/uploads\/2025\/05\/Detail_CP020_Fuellhoehe-1-190x190.webp 190w\" sizes=\"auto, (max-width: 500px) 100vw, 500px\" \/>\n\t\t\t<\/div>\n\t\t\t\t<figcaption class='wp-caption-text gallery-caption' id='gallery-1-18290'>\n\t\t\t\tVariable Packh\u00f6he vermeidet F\u00fcllmaterial\n\t\t\t\t<\/figcaption><\/figure><figure class='gallery-item'>\n\t\t\t<div class='gallery-icon landscape'>\n\t\t\t\t<img loading=\"lazy\" decoding=\"async\" width=\"500\" height=\"500\" src=\"https:\/\/www.colompac.com\/wp-content\/uploads\/2023\/07\/Detail_CP020_Kante_V2.webp\" class=\"attachment-full size-full\" alt=\"Nahaufnahme einer Kartonecke mit sichtbaren Faltungen und Lagen, Teil einer Verpackung.\" aria-describedby=\"gallery-1-14989\" srcset=\"https:\/\/www.colompac.com\/wp-content\/uploads\/2023\/07\/Detail_CP020_Kante_V2.webp 500w, https:\/\/www.colompac.com\/wp-content\/uploads\/2023\/07\/Detail_CP020_Kante_V2-150x150.webp 150w, https:\/\/www.colompac.com\/wp-content\/uploads\/2023\/07\/Detail_CP020_Kante_V2-300x300.webp 300w, https:\/\/www.colompac.com\/wp-content\/uploads\/2023\/07\/Detail_CP020_Kante_V2-200x200.webp 200w, https:\/\/www.colompac.com\/wp-content\/uploads\/2023\/07\/Detail_CP020_Kante_V2-100x100.webp 100w, https:\/\/www.colompac.com\/wp-content\/uploads\/2023\/07\/Detail_CP020_Kante_V2-380x380.webp 380w, https:\/\/www.colompac.com\/wp-content\/uploads\/2023\/07\/Detail_CP020_Kante_V2-20x20.webp 20w, https:\/\/www.colompac.com\/wp-content\/uploads\/2023\/07\/Detail_CP020_Kante_V2-190x190.webp 190w\" sizes=\"auto, (max-width: 500px) 100vw, 500px\" \/>\n\t\t\t<\/div>\n\t\t\t\t<figcaption class='wp-caption-text gallery-caption' id='gallery-1-14989'>\n\t\t\t\tStabiler, umklebter Kantenschutz\n\t\t\t\t<\/figcaption><\/figure><figure class='gallery-item'>\n\t\t\t<div class='gallery-icon landscape'>\n\t\t\t\t<img loading=\"lazy\" decoding=\"async\" width=\"500\" height=\"500\" src=\"https:\/\/www.colompac.com\/wp-content\/uploads\/2023\/07\/Detail_CP020_StandUp_V2.webp\" class=\"attachment-full size-full\" alt=\"Braunes, rechteckiges St\u00fcck Karton mit horizontalen Rillen und halbkreisf\u00f6rmiger Aussparung oben.\" aria-describedby=\"gallery-1-14985\" srcset=\"https:\/\/www.colompac.com\/wp-content\/uploads\/2023\/07\/Detail_CP020_StandUp_V2.webp 500w, https:\/\/www.colompac.com\/wp-content\/uploads\/2023\/07\/Detail_CP020_StandUp_V2-150x150.webp 150w, https:\/\/www.colompac.com\/wp-content\/uploads\/2023\/07\/Detail_CP020_StandUp_V2-300x300.webp 300w, https:\/\/www.colompac.com\/wp-content\/uploads\/2023\/07\/Detail_CP020_StandUp_V2-200x200.webp 200w, https:\/\/www.colompac.com\/wp-content\/uploads\/2023\/07\/Detail_CP020_StandUp_V2-100x100.webp 100w, https:\/\/www.colompac.com\/wp-content\/uploads\/2023\/07\/Detail_CP020_StandUp_V2-380x380.webp 380w, https:\/\/www.colompac.com\/wp-content\/uploads\/2023\/07\/Detail_CP020_StandUp_V2-20x20.webp 20w, https:\/\/www.colompac.com\/wp-content\/uploads\/2023\/07\/Detail_CP020_StandUp_V2-190x190.webp 190w\" sizes=\"auto, (max-width: 500px) 100vw, 500px\" \/>\n\t\t\t<\/div>\n\t\t\t\t<figcaption class='wp-caption-text gallery-caption' id='gallery-1-14985'>\n\t\t\t\tSelbststehende Klappen durch Stand-Up Funktion\n\t\t\t\t<\/figcaption><\/figure>\n\t\t<\/div>\n\n<div class=\"responsive-embed widescreen youtube\"><iframe loading=\"lazy\" title=\"ColomPac\u00ae CP 020 Flexible Wickelverpackung - HD 1920 x 1080\" width=\"1170\" height=\"658\" src=\"https:\/\/www.youtube.com\/embed\/RrUYBQoPwEc?feature=oembed&#038;showinfo=0&#038;rel=0&#038;modestbranding=1\" frameborder=\"0\" allow=\"accelerometer; autoplay; clipboard-write; encrypted-media; gyroscope; picture-in-picture; web-share\" referrerpolicy=\"strict-origin-when-cross-origin\" allowfullscreen><\/iframe><\/div>\n","protected":false},"excerpt":{"rendered":"<h1><strong>Rundum sorglos<\/strong><\/h1>\n<h2>flexible Wickelverpackung, nicht nur f\u00fcr B\u00fccher<\/h2>\n<ul>\n<li>Geeignet f\u00fcr B\u00fccher, Kataloge, CDs und vieles mehr<\/li>\n<li>10 Gr\u00f6\u00dfen und variable F\u00fcllh\u00f6hen bis 80 mm \u2013 passt sich dem Packgut an<\/li>\n<li>CP 21.09 \u00a0in stabiler E-Welle, dadurch optimiertes Nutzma\u00df und bessere Palettenausnutzung<\/li>\n<li>Stabiler, umklebter Ecken- und Kantenschutz<\/li>\n<li>Einfache Bef\u00fcllung durch Stand-Up Funktion<\/li>\n<\/ul>\n","protected":false},"featured_media":18642,"comment_status":"open","ping_status":"closed","template":"","meta":[],"product_cat":[363],"product_tag":[175,132,178,176,137],"class_list":["post-8821","product","type-product","status-publish","has-post-thumbnail","hentry","product_cat-alle-produkte","product_tag-fsc","product_tag-hoehenvariabel","product_tag-nachhaltig","product_tag-pap-20","product_tag-umlaufender-kantenschutz"],"acf":[],"jetpack_sharing_enabled":true,"_links":{"self":[{"href":"https:\/\/www.colompac.com\/de\/wp-json\/wp\/v2\/product\/8821","targetHints":{"allow":["GET"]}}],"collection":[{"href":"https:\/\/www.colompac.com\/de\/wp-json\/wp\/v2\/product"}],"about":[{"href":"https:\/\/www.colompac.com\/de\/wp-json\/wp\/v2\/types\/product"}],"replies":[{"embeddable":true,"href":"https:\/\/www.colompac.com\/de\/wp-json\/wp\/v2\/comments?post=8821"}],"wp:featuredmedia":[{"embeddable":true,"href":"https:\/\/www.colompac.com\/de\/wp-json\/wp\/v2\/media\/18642"}],"wp:attachment":[{"href":"https:\/\/www.colompac.com\/de\/wp-json\/wp\/v2\/media?parent=8821"}],"wp:term":[{"taxonomy":"product_cat","embeddable":true,"href":"https:\/\/www.colompac.com\/de\/wp-json\/wp\/v2\/product_cat?post=8821"},{"taxonomy":"product_tag","embeddable":true,"href":"https:\/\/www.colompac.com\/de\/wp-json\/wp\/v2\/product_tag?post=8821"}],"curies":[{"name":"wp","href":"https:\/\/api.w.org\/{rel}","templated":true}]}}