{"id":8429,"date":"2023-05-16T10:52:21","date_gmt":"2023-05-16T08:52:21","guid":{"rendered":"https:\/\/colompac.wearelions.agency\/?post_type=product&#038;p=8429"},"modified":"2025-05-27T12:54:20","modified_gmt":"2025-05-27T10:54:20","slug":"cp-017-02","status":"publish","type":"product","link":"https:\/\/www.colompac.com\/de\/produkt\/cp-017-02\/","title":{"rendered":"CP 017.02 (248 x 174 x -30 mm)"},"content":{"rendered":"<div id='gallery-1' class='gallery galleryid-8429 gallery-columns-4 gallery-size-full'><figure class='gallery-item'>\n\t\t\t<div class='gallery-icon landscape'>\n\t\t\t\t<img loading=\"lazy\" decoding=\"async\" width=\"500\" height=\"500\" src=\"https:\/\/www.colompac.com\/wp-content\/uploads\/2023\/07\/Detail_CP012_SK_weiss_V2.webp\" class=\"attachment-full size-full\" alt=\"Nahaufnahme einer wei\u00df\u00dfen Kartonkante mit roten ColomPac\u00ae-Selbstklebeverschluss.\" aria-describedby=\"gallery-1-15041\" srcset=\"https:\/\/www.colompac.com\/wp-content\/uploads\/2023\/07\/Detail_CP012_SK_weiss_V2.webp 500w, https:\/\/www.colompac.com\/wp-content\/uploads\/2023\/07\/Detail_CP012_SK_weiss_V2-150x150.webp 150w, https:\/\/www.colompac.com\/wp-content\/uploads\/2023\/07\/Detail_CP012_SK_weiss_V2-300x300.webp 300w, https:\/\/www.colompac.com\/wp-content\/uploads\/2023\/07\/Detail_CP012_SK_weiss_V2-200x200.webp 200w, https:\/\/www.colompac.com\/wp-content\/uploads\/2023\/07\/Detail_CP012_SK_weiss_V2-100x100.webp 100w, https:\/\/www.colompac.com\/wp-content\/uploads\/2023\/07\/Detail_CP012_SK_weiss_V2-380x380.webp 380w, https:\/\/www.colompac.com\/wp-content\/uploads\/2023\/07\/Detail_CP012_SK_weiss_V2-20x20.webp 20w, https:\/\/www.colompac.com\/wp-content\/uploads\/2023\/07\/Detail_CP012_SK_weiss_V2-190x190.webp 190w\" sizes=\"auto, (max-width: 500px) 100vw, 500px\" \/>\n\t\t\t<\/div>\n\t\t\t\t<figcaption class='wp-caption-text gallery-caption' id='gallery-1-15041'>\n\t\t\t\tColomPac\u00ae Selbstklebeverschluss\n\t\t\t\t<\/figcaption><\/figure><figure class='gallery-item'>\n\t\t\t<div class='gallery-icon landscape'>\n\t\t\t\t<img loading=\"lazy\" decoding=\"async\" width=\"500\" height=\"500\" src=\"https:\/\/www.colompac.com\/wp-content\/uploads\/2023\/07\/Detail_CP012_AF_weiss_V2.webp\" class=\"attachment-full size-full\" alt=\"Nahaufnahme eines Umschlags mit teilweise abgezogenen Aufrei\u00dffaden.\" aria-describedby=\"gallery-1-15037\" srcset=\"https:\/\/www.colompac.com\/wp-content\/uploads\/2023\/07\/Detail_CP012_AF_weiss_V2.webp 500w, https:\/\/www.colompac.com\/wp-content\/uploads\/2023\/07\/Detail_CP012_AF_weiss_V2-150x150.webp 150w, https:\/\/www.colompac.com\/wp-content\/uploads\/2023\/07\/Detail_CP012_AF_weiss_V2-300x300.webp 300w, https:\/\/www.colompac.com\/wp-content\/uploads\/2023\/07\/Detail_CP012_AF_weiss_V2-200x200.webp 200w, https:\/\/www.colompac.com\/wp-content\/uploads\/2023\/07\/Detail_CP012_AF_weiss_V2-100x100.webp 100w, https:\/\/www.colompac.com\/wp-content\/uploads\/2023\/07\/Detail_CP012_AF_weiss_V2-380x380.webp 380w, https:\/\/www.colompac.com\/wp-content\/uploads\/2023\/07\/Detail_CP012_AF_weiss_V2-20x20.webp 20w, https:\/\/www.colompac.com\/wp-content\/uploads\/2023\/07\/Detail_CP012_AF_weiss_V2-190x190.webp 190w\" sizes=\"auto, (max-width: 500px) 100vw, 500px\" \/>\n\t\t\t<\/div>\n\t\t\t\t<figcaption class='wp-caption-text gallery-caption' id='gallery-1-15037'>\n\t\t\t\tEinfaches \u00d6ffnen durch integrierten Aufrei\u00dffaden\n\t\t\t\t<\/figcaption><\/figure><figure class='gallery-item'>\n\t\t\t<div class='gallery-icon landscape'>\n\t\t\t\t<img loading=\"lazy\" decoding=\"async\" width=\"500\" height=\"500\" src=\"https:\/\/www.colompac.com\/wp-content\/uploads\/2023\/07\/Detail_CP017_Druck_V2.webp\" class=\"attachment-full size-full\" alt=\"Drei \u00fcberlappende Karten: links dunkelblau mit gelber Linie, mittig orange mit wei\u00dfem Logo, rechts wei\u00df mit orangefarbenem Logo.\" aria-describedby=\"gallery-1-15029\" srcset=\"https:\/\/www.colompac.com\/wp-content\/uploads\/2023\/07\/Detail_CP017_Druck_V2.webp 500w, https:\/\/www.colompac.com\/wp-content\/uploads\/2023\/07\/Detail_CP017_Druck_V2-150x150.webp 150w, https:\/\/www.colompac.com\/wp-content\/uploads\/2023\/07\/Detail_CP017_Druck_V2-300x300.webp 300w, https:\/\/www.colompac.com\/wp-content\/uploads\/2023\/07\/Detail_CP017_Druck_V2-200x200.webp 200w, https:\/\/www.colompac.com\/wp-content\/uploads\/2023\/07\/Detail_CP017_Druck_V2-100x100.webp 100w, https:\/\/www.colompac.com\/wp-content\/uploads\/2023\/07\/Detail_CP017_Druck_V2-380x380.webp 380w, https:\/\/www.colompac.com\/wp-content\/uploads\/2023\/07\/Detail_CP017_Druck_V2-20x20.webp 20w, https:\/\/www.colompac.com\/wp-content\/uploads\/2023\/07\/Detail_CP017_Druck_V2-190x190.webp 190w\" sizes=\"auto, (max-width: 500px) 100vw, 500px\" \/>\n\t\t\t<\/div>\n\t\t\t\t<figcaption class='wp-caption-text gallery-caption' id='gallery-1-15029'>\n\t\t\t\tIn Offset perfekt bedruckbar\n\t\t\t\t<\/figcaption><\/figure><figure class='gallery-item'>\n\t\t\t<div class='gallery-icon landscape'>\n\t\t\t\t<img loading=\"lazy\" decoding=\"async\" width=\"500\" height=\"500\" src=\"https:\/\/www.colompac.com\/wp-content\/uploads\/2023\/07\/Detail_CP017_Quer_V2.webp\" class=\"attachment-full size-full\" alt=\"Nahaufnahme von zwei wei\u00dfen Kartonumschl\u00e4gen mit roten ColomPac\u00ae-Selbstklebeverschluss, ge\u00f6ffnet.\" aria-describedby=\"gallery-1-15025\" srcset=\"https:\/\/www.colompac.com\/wp-content\/uploads\/2023\/07\/Detail_CP017_Quer_V2.webp 500w, https:\/\/www.colompac.com\/wp-content\/uploads\/2023\/07\/Detail_CP017_Quer_V2-150x150.webp 150w, https:\/\/www.colompac.com\/wp-content\/uploads\/2023\/07\/Detail_CP017_Quer_V2-300x300.webp 300w, https:\/\/www.colompac.com\/wp-content\/uploads\/2023\/07\/Detail_CP017_Quer_V2-200x200.webp 200w, https:\/\/www.colompac.com\/wp-content\/uploads\/2023\/07\/Detail_CP017_Quer_V2-100x100.webp 100w, https:\/\/www.colompac.com\/wp-content\/uploads\/2023\/07\/Detail_CP017_Quer_V2-380x380.webp 380w, https:\/\/www.colompac.com\/wp-content\/uploads\/2023\/07\/Detail_CP017_Quer_V2-20x20.webp 20w, https:\/\/www.colompac.com\/wp-content\/uploads\/2023\/07\/Detail_CP017_Quer_V2-190x190.webp 190w\" sizes=\"auto, (max-width: 500px) 100vw, 500px\" \/>\n\t\t\t<\/div>\n\t\t\t\t<figcaption class='wp-caption-text gallery-caption' id='gallery-1-15025'>\n\t\t\t\tSchnell bef\u00fcllt durch Querformat\n\t\t\t\t<\/figcaption><\/figure>\n\t\t<\/div>\n\n<div class=\"responsive-embed widescreen youtube\"><iframe loading=\"lazy\" title=\"ColomPac\u00ae CP 010 Starke Versandtasche aus Wellpappe - HD 1920 x 1080HR\" width=\"1170\" height=\"658\" src=\"https:\/\/www.youtube.com\/embed\/xMb7L8nauOo?list=UUnLOwS8ALUOrYjO2Z_YcgRg&#038;showinfo=0&#038;rel=0&#038;modestbranding=1\" frameborder=\"0\" allow=\"accelerometer; autoplay; clipboard-write; encrypted-media; gyroscope; picture-in-picture; web-share\" referrerpolicy=\"strict-origin-when-cross-origin\" allowfullscreen><\/iframe><\/div>\n","protected":false},"excerpt":{"rendered":"<h1><strong>Der Mailingprofi<\/strong><\/h1>\n<h2>die Versandtasche mit Querbef\u00fcllung<\/h2>\n<ul>\n<li>Geeignet f\u00fcr Prospekte, Zeitschriften, Mailings, Kataloge und vieles mehr<\/li>\n<li>Geringes Eigengewicht durch hochwertige Vollpappe<\/li>\n<li>Schnell bef\u00fcllt durch Querformat<\/li>\n<li>In Offset perfekt bedruckbar<\/li>\n<li>Nutzma\u00df verkleinert sich bei zunehmender F\u00fcllh\u00f6he<\/li>\n<\/ul>\n","protected":false},"featured_media":18598,"comment_status":"open","ping_status":"closed","template":"","meta":[],"product_cat":[363],"product_tag":[175,132,178,177],"class_list":["post-8429","product","type-product","status-publish","has-post-thumbnail","hentry","product_cat-alle-produkte","product_tag-fsc","product_tag-hoehenvariabel","product_tag-nachhaltig","product_tag-pap-21"],"acf":[],"jetpack_sharing_enabled":true,"_links":{"self":[{"href":"https:\/\/www.colompac.com\/de\/wp-json\/wp\/v2\/product\/8429","targetHints":{"allow":["GET"]}}],"collection":[{"href":"https:\/\/www.colompac.com\/de\/wp-json\/wp\/v2\/product"}],"about":[{"href":"https:\/\/www.colompac.com\/de\/wp-json\/wp\/v2\/types\/product"}],"replies":[{"embeddable":true,"href":"https:\/\/www.colompac.com\/de\/wp-json\/wp\/v2\/comments?post=8429"}],"wp:featuredmedia":[{"embeddable":true,"href":"https:\/\/www.colompac.com\/de\/wp-json\/wp\/v2\/media\/18598"}],"wp:attachment":[{"href":"https:\/\/www.colompac.com\/de\/wp-json\/wp\/v2\/media?parent=8429"}],"wp:term":[{"taxonomy":"product_cat","embeddable":true,"href":"https:\/\/www.colompac.com\/de\/wp-json\/wp\/v2\/product_cat?post=8429"},{"taxonomy":"product_tag","embeddable":true,"href":"https:\/\/www.colompac.com\/de\/wp-json\/wp\/v2\/product_tag?post=8429"}],"curies":[{"name":"wp","href":"https:\/\/api.w.org\/{rel}","templated":true}]}}