{"id":2953,"date":"2023-04-04T10:18:10","date_gmt":"2023-04-04T08:18:10","guid":{"rendered":"https:\/\/colompac.wearelions.agency\/?post_type=product&#038;p=2953"},"modified":"2023-09-28T08:34:32","modified_gmt":"2023-09-28T06:34:32","slug":"offsetbedruckte-versandtasche-2","status":"publish","type":"product","link":"https:\/\/www.colompac.com\/de\/produkt\/offsetbedruckte-versandtasche-2\/","title":{"rendered":"Offsetbedruckte Versandtasche"},"content":{"rendered":"<div class=\"responsive-embed widescreen youtube\"><iframe loading=\"lazy\" title=\"ColomPac\u00ae CP 010 Starke Versandtasche aus Wellpappe - HD 1920 x 1080HR\" width=\"1170\" height=\"658\" src=\"https:\/\/www.youtube.com\/embed\/xMb7L8nauOo?list=UUnLOwS8ALUOrYjO2Z_YcgRg&#038;showinfo=0&#038;rel=0&#038;modestbranding=1\" frameborder=\"0\" allow=\"accelerometer; autoplay; clipboard-write; encrypted-media; gyroscope; picture-in-picture; web-share\" allowfullscreen><\/iframe><\/div>\n","protected":false},"excerpt":{"rendered":"<p>Offsetbedruckte Versandtasche f\u00fcr Kosmetikartikel mit variabler F\u00fcllh\u00f6he.<\/p>\n<ul>\n<li>Offsetdruck au\u00dfen<\/li>\n<li>H\u00f6henvariabel<\/li>\n<\/ul>\n","protected":false},"featured_media":4464,"comment_status":"open","ping_status":"closed","template":"","meta":[],"product_cat":[363,15],"product_tag":[198,132,201,203,202],"class_list":["post-2953","product","type-product","status-publish","has-post-thumbnail","hentry","product_cat-alle-produkte","product_cat-individuelle-produkte","product_tag-aussenbedruckung","product_tag-hoehenvariabel","product_tag-offset","product_tag-portooptimiert","product_tag-versandtasche"],"acf":[],"jetpack_sharing_enabled":true,"_links":{"self":[{"href":"https:\/\/www.colompac.com\/de\/wp-json\/wp\/v2\/product\/2953","targetHints":{"allow":["GET"]}}],"collection":[{"href":"https:\/\/www.colompac.com\/de\/wp-json\/wp\/v2\/product"}],"about":[{"href":"https:\/\/www.colompac.com\/de\/wp-json\/wp\/v2\/types\/product"}],"replies":[{"embeddable":true,"href":"https:\/\/www.colompac.com\/de\/wp-json\/wp\/v2\/comments?post=2953"}],"wp:featuredmedia":[{"embeddable":true,"href":"https:\/\/www.colompac.com\/de\/wp-json\/wp\/v2\/media\/4464"}],"wp:attachment":[{"href":"https:\/\/www.colompac.com\/de\/wp-json\/wp\/v2\/media?parent=2953"}],"wp:term":[{"taxonomy":"product_cat","embeddable":true,"href":"https:\/\/www.colompac.com\/de\/wp-json\/wp\/v2\/product_cat?post=2953"},{"taxonomy":"product_tag","embeddable":true,"href":"https:\/\/www.colompac.com\/de\/wp-json\/wp\/v2\/product_tag?post=2953"}],"curies":[{"name":"wp","href":"https:\/\/api.w.org\/{rel}","templated":true}]}}